{"id":3131,"date":"2025-08-04T14:57:53","date_gmt":"2025-08-04T14:57:53","guid":{"rendered":"https:\/\/vizal.ro\/politica-cookies\/"},"modified":"2026-04-06T08:40:49","modified_gmt":"2026-04-06T08:40:49","slug":"politica-cookies","status":"publish","type":"page","link":"https:\/\/vizal.ro\/ro\/politica-cookies\/","title":{"rendered":"Politic\u0103 Cookies"},"content":{"rendered":"\n<div class=\"wp-block-group alignfull policy-page\"><div class=\"wp-block-group__inner-container is-layout-constrained wp-block-group-is-layout-constrained\">\n<div class=\"wp-block-columns alignfull wrap is-layout-flex wp-container-core-columns-is-layout-9d6595d7 wp-block-columns-is-layout-flex\">\n<div class=\"wp-block-column is-layout-flow wp-block-column-is-layout-flow\">\n<h1 class=\"wp-block-heading\">POLITIC\u0102 PRIVIND UTILIZAREA MODULELOR COOKIES<\/h1>\n\n\n\n<p><a href=\"https:\/\/vizal.ro\/ro\/\">https:\/\/vizal.ro\/<\/a><\/p>\n\n\n\n<p>Site-ul nostru utilizeaz\u0103 \u201ecookie-uri&#8221;.<\/p>\n\n\n\n<p><br\/>Un \u201eInternet Cookie\u201d (cunoscut \u0219i sub denumirea de \u201ebrowser cookie\u201d, \u201eHTTPS cookie\u201d sau simplu \u201ecookie\u201d) este un fi\u0219ier de dimensiuni reduse, compus din litere \u0219i cifre, care se salveaz\u0103 pe calculatorul, dispozitivul mobil sau orice alt echipament folosit de un utilizator pentru a accesa internetul. Cookie-ul se instaleaz\u0103 atunci c\u00e2nd un server web trimite o solicitare c\u0103tre browserul utilizatorului (de exemplu: Chrome sau Internet Explorer) \u0219i este \u00een \u00eentregime pasiv (nu con\u021bine programe, viru\u0219i sau spyware \u0219i nu poate accesa datele stocate pe dispozitivul utilizatorului). Un cookie este alc\u0103tuit din dou\u0103 componente: numele \u0219i valoarea acestuia. De asemenea, fiecare cookie are o durat\u0103 specific\u0103 de existen\u021b\u0103, iar din punct de vedere tehnic, doar serverul web care l-a creat poate s\u0103-l citeasc\u0103 atunci c\u00e2nd utilizatorul revine pe site-ul respectiv.   <\/p>\n\n\n\n<p>Folosim cookie-uri necesare, analitice \u0219i de marketing. Cookie-urile necesare sunt esen\u021biale pentru ca site-ul web s\u0103 func\u021bioneze corect. Aceste cookie-uri asigur\u0103 func\u021bionalit\u0103\u021bi de baz\u0103 \u0219i caracteristici de securitate ale site-ului, \u00een mod anonim. Cookie-urile analitice sunt utilizate pentru a \u00een\u021belege modul \u00een care vizitatorii interac\u021bioneaz\u0103 cu site-ul web. Aceste cookie-uri ajut\u0103 la furnizarea de informa\u021bii cu privire la num\u0103rul de vizitatori, rata de respingere, sursa de trafic etc. Cookie-uri de marketing sunt utilizate pentru a v\u0103 afi\u0219a con\u021binut publicitar adaptat intereselor tale \u0219i pentru a monitoriza eficien\u021ba campaniilor publicitare. Aceste cookie-uri pot \u00eenregistra vizitele dvs. pe alte site-uri web \u0219i pot fi utilizate pentru crearea unui profil de utilizator bazat pe comportamentul dvs. online.        <\/p>\n\n\n\n<p>Site-ul nostru v\u0103 ob\u021bine \u00eentotdeauna consim\u021b\u0103m\u00e2ntul activ pentru cookie-urile analitice \u0219i de publicitate.<\/p>\n\n\n\n<h2 class=\"wp-block-heading\">Cum pute\u021bi dezactiva cookie-urile?<\/h2>\n\n\n\n<p>Ave\u021bi posibilitatea de a seta browserul astfel \u00eenc\u00e2t s\u0103 resping\u0103 cookie-urile. Totu\u0219i, dezactivarea \u0219i refuzul utiliz\u0103rii acestora pot duce la dificult\u0103\u021bi \u00een accesarea \u0219i folosirea anumitor sec\u021biuni sau pagini ale site-ului. <\/p>\n\n\n\n<p>Pentru informa\u021bii suplimentare despre gestionarea \u0219i controlul cookie-urilor, po\u021bi accesa site-urile: <a href=\"http:\/\/www.allaboutcookies.org\">www.allaboutcookies.org<\/a> sau <a href=\"http:\/\/www.youronlinechoices.com\/ro\">www.youronlinechoices.com\/ro<\/a>.<\/p>\n\n\n\n<h2 class=\"wp-block-heading\">Pe site-ul nostru se folosesc urm\u0103toarele tipuri de \u201ecookie-uri&#8221;.<\/h2>\n\n\n\n<figure class=\"wp-block-table is-style-regular\"><table><tbody><tr><td>Nume cookie<\/td><td>Furnizor<\/td><td>Scop<\/td><td>Durat\u0103<\/td><td>Tip cookie <\/td><\/tr><tr><td>_ga<\/td><td>Google Analytics<\/td><td>Folosit pentru identificarea \u0219i monitorizarea utilizatorilor unici \u0219i analizarea comportamentului acestora pe site.<\/td><td>2 ani<\/td><td>Analitic<\/td><\/tr><tr><td>_ga_0KT20KTGFN<\/td><td>Google Analytics<\/td><td>Folosit pentru monitorizarea detaliat\u0103 a interac\u021biunilor utilizatorilor \u0219i evenimentelor pe site, prin Google Analytics 4.<\/td><td>2 ani<\/td><td>Analitic<\/td><\/tr><tr><td>_ga_4HCV2LFE13<\/td><td>Google Analytics<\/td><td>Similar cu cookie-ul anterior, colecteaz\u0103 informa\u021bii detaliate despre interac\u021biunea \u0219i comportamentul utilizatorilor pe site (GA4).<\/td><td>2 ani<\/td><td>Analitic<\/td><\/tr><tr><td>_gcl_au<\/td><td>Google Ads<\/td><td>Folosit pentru m\u0103surarea eficien\u021bei reclamelor afi\u0219ate prin Google Ads \u0219i pentru monitorizarea comportamentului utilizatorilor expu\u0219i la reclame.<\/td><td>3 luni<\/td><td>Marketing<\/td><\/tr><tr><td>_gid<\/td><td>Google Analytics<\/td><td>Utilizat pentru a distinge utilizatorii \u0219i a monitoriza comportamentul acestora pe termen scurt (zilnic).<\/td><td>24 de ore<\/td><td>Analitic<\/td><\/tr><tr><td>wpEmojiSettingsSupports<\/td><td>WordPress<\/td><td>nu este un cookie propriu-zis, ci reprezint\u0103 o variabil\u0103 JavaScript setat\u0103 de <strong>WordPress<\/strong> pentru a verifica suportul pentru emoji \u00een browserul utilizatorului.<\/td><td>N\/A<\/td><td>Esen\u021bial<\/td><\/tr><\/tbody><\/table><\/figure>\n<\/div>\n<\/div>\n<\/div><\/div>\n","protected":false},"excerpt":{"rendered":"<p>POLITIC\u0102 PRIVIND UTILIZAREA MODULELOR COOKIES https:\/\/vizal.ro\/ Site-ul nostru utilizeaz\u0103 \u201ecookie-uri&#8221;. Un \u201eInternet Cookie\u201d (cunoscut \u0219i sub denumirea de \u201ebrowser cookie\u201d, \u201eHTTPS cookie\u201d sau simplu \u201ecookie\u201d) este un fi\u0219ier de dimensiuni reduse, compus din litere \u0219i cifre, care se salveaz\u0103 pe calculatorul, dispozitivul mobil sau orice alt echipament folosit de un utilizator pentru a accesa internetul. [&hellip;]<\/p>\n","protected":false},"author":1,"featured_media":0,"parent":0,"menu_order":0,"comment_status":"closed","ping_status":"closed","template":"","meta":{"_genesis_hide_title":false,"_genesis_hide_breadcrumbs":false,"_genesis_hide_singular_image":false,"_genesis_hide_footer_widgets":false,"_genesis_custom_body_class":"","_genesis_custom_post_class":"","_genesis_layout":"","footnotes":""},"class_list":{"0":"post-3131","1":"page","2":"type-page","3":"status-publish","5":"entry"},"yoast_head":"<!-- This site is optimized with the Yoast SEO Premium plugin v27.0 (Yoast SEO v27.4) - https:\/\/yoast.com\/product\/yoast-seo-premium-wordpress\/ -->\n<title>Politic\u0103 Cookies - VIZAL<\/title>\n<meta name=\"robots\" content=\"index, follow, max-snippet:-1, max-image-preview:large, max-video-preview:-1\" \/>\n<link rel=\"canonical\" href=\"https:\/\/vizal.ro\/ro\/politica-cookies\/\" \/>\n<meta property=\"og:locale\" content=\"ro_RO\" \/>\n<meta property=\"og:type\" content=\"article\" \/>\n<meta property=\"og:title\" content=\"Politic\u0103 Cookies\" \/>\n<meta property=\"og:description\" content=\"POLITIC\u0102 PRIVIND UTILIZAREA MODULELOR COOKIES https:\/\/vizal.ro\/ Site-ul nostru utilizeaz\u0103 \u201ecookie-uri&#8221;. Un \u201eInternet Cookie\u201d (cunoscut \u0219i sub denumirea de \u201ebrowser cookie\u201d, \u201eHTTPS cookie\u201d sau simplu \u201ecookie\u201d) este un fi\u0219ier de dimensiuni reduse, compus din litere \u0219i cifre, care se salveaz\u0103 pe calculatorul, dispozitivul mobil sau orice alt echipament folosit de un utilizator pentru a accesa internetul. [&hellip;]\" \/>\n<meta property=\"og:url\" content=\"https:\/\/vizal.ro\/ro\/politica-cookies\/\" \/>\n<meta property=\"og:site_name\" content=\"VIZAL\" \/>\n<meta property=\"article:modified_time\" content=\"2026-04-06T08:40:49+00:00\" \/>\n<meta name=\"twitter:card\" content=\"summary_large_image\" \/>\n<meta name=\"twitter:label1\" content=\"Timp estimat pentru citire\" \/>\n\t<meta name=\"twitter:data1\" content=\"2 minute\" \/>\n<script type=\"application\/ld+json\" class=\"yoast-schema-graph\">{\"@context\":\"https:\\\/\\\/schema.org\",\"@graph\":[{\"@type\":\"WebPage\",\"@id\":\"https:\\\/\\\/vizal.ro\\\/ro\\\/politica-cookies\\\/\",\"url\":\"https:\\\/\\\/vizal.ro\\\/ro\\\/politica-cookies\\\/\",\"name\":\"Politic\u0103 Cookies - VIZAL\",\"isPartOf\":{\"@id\":\"https:\\\/\\\/vizal.ro\\\/ro\\\/#website\"},\"datePublished\":\"2025-08-04T14:57:53+00:00\",\"dateModified\":\"2026-04-06T08:40:49+00:00\",\"breadcrumb\":{\"@id\":\"https:\\\/\\\/vizal.ro\\\/ro\\\/politica-cookies\\\/#breadcrumb\"},\"inLanguage\":\"ro-RO\",\"potentialAction\":[{\"@type\":\"ReadAction\",\"target\":[\"https:\\\/\\\/vizal.ro\\\/ro\\\/politica-cookies\\\/\"]}]},{\"@type\":\"BreadcrumbList\",\"@id\":\"https:\\\/\\\/vizal.ro\\\/ro\\\/politica-cookies\\\/#breadcrumb\",\"itemListElement\":[{\"@type\":\"ListItem\",\"position\":1,\"name\":\"Prima pagin\u0103\",\"item\":\"https:\\\/\\\/vizal.ro\\\/ro\\\/\"},{\"@type\":\"ListItem\",\"position\":2,\"name\":\"Politic\u0103 Cookies\"}]},{\"@type\":\"WebSite\",\"@id\":\"https:\\\/\\\/vizal.ro\\\/ro\\\/#website\",\"url\":\"https:\\\/\\\/vizal.ro\\\/ro\\\/\",\"name\":\"VIZAL\",\"description\":\"Vizal\",\"potentialAction\":[{\"@type\":\"SearchAction\",\"target\":{\"@type\":\"EntryPoint\",\"urlTemplate\":\"https:\\\/\\\/vizal.ro\\\/ro\\\/?s={search_term_string}\"},\"query-input\":{\"@type\":\"PropertyValueSpecification\",\"valueRequired\":true,\"valueName\":\"search_term_string\"}}],\"inLanguage\":\"ro-RO\"}]}<\/script>\n<!-- \/ Yoast SEO Premium plugin. -->","yoast_head_json":{"title":"Politic\u0103 Cookies - VIZAL","robots":{"index":"index","follow":"follow","max-snippet":"max-snippet:-1","max-image-preview":"max-image-preview:large","max-video-preview":"max-video-preview:-1"},"canonical":"https:\/\/vizal.ro\/ro\/politica-cookies\/","og_locale":"ro_RO","og_type":"article","og_title":"Politic\u0103 Cookies","og_description":"POLITIC\u0102 PRIVIND UTILIZAREA MODULELOR COOKIES https:\/\/vizal.ro\/ Site-ul nostru utilizeaz\u0103 \u201ecookie-uri&#8221;. Un \u201eInternet Cookie\u201d (cunoscut \u0219i sub denumirea de \u201ebrowser cookie\u201d, \u201eHTTPS cookie\u201d sau simplu \u201ecookie\u201d) este un fi\u0219ier de dimensiuni reduse, compus din litere \u0219i cifre, care se salveaz\u0103 pe calculatorul, dispozitivul mobil sau orice alt echipament folosit de un utilizator pentru a accesa internetul. [&hellip;]","og_url":"https:\/\/vizal.ro\/ro\/politica-cookies\/","og_site_name":"VIZAL","article_modified_time":"2026-04-06T08:40:49+00:00","twitter_card":"summary_large_image","twitter_misc":{"Timp estimat pentru citire":"2 minute"},"schema":{"@context":"https:\/\/schema.org","@graph":[{"@type":"WebPage","@id":"https:\/\/vizal.ro\/ro\/politica-cookies\/","url":"https:\/\/vizal.ro\/ro\/politica-cookies\/","name":"Politic\u0103 Cookies - VIZAL","isPartOf":{"@id":"https:\/\/vizal.ro\/ro\/#website"},"datePublished":"2025-08-04T14:57:53+00:00","dateModified":"2026-04-06T08:40:49+00:00","breadcrumb":{"@id":"https:\/\/vizal.ro\/ro\/politica-cookies\/#breadcrumb"},"inLanguage":"ro-RO","potentialAction":[{"@type":"ReadAction","target":["https:\/\/vizal.ro\/ro\/politica-cookies\/"]}]},{"@type":"BreadcrumbList","@id":"https:\/\/vizal.ro\/ro\/politica-cookies\/#breadcrumb","itemListElement":[{"@type":"ListItem","position":1,"name":"Prima pagin\u0103","item":"https:\/\/vizal.ro\/ro\/"},{"@type":"ListItem","position":2,"name":"Politic\u0103 Cookies"}]},{"@type":"WebSite","@id":"https:\/\/vizal.ro\/ro\/#website","url":"https:\/\/vizal.ro\/ro\/","name":"VIZAL","description":"Vizal","potentialAction":[{"@type":"SearchAction","target":{"@type":"EntryPoint","urlTemplate":"https:\/\/vizal.ro\/ro\/?s={search_term_string}"},"query-input":{"@type":"PropertyValueSpecification","valueRequired":true,"valueName":"search_term_string"}}],"inLanguage":"ro-RO"}]}},"featured_image_src":null,"featured_image_src_square":null,"_links":{"self":[{"href":"https:\/\/vizal.ro\/ro\/wp-json\/wp\/v2\/pages\/3131","targetHints":{"allow":["GET"]}}],"collection":[{"href":"https:\/\/vizal.ro\/ro\/wp-json\/wp\/v2\/pages"}],"about":[{"href":"https:\/\/vizal.ro\/ro\/wp-json\/wp\/v2\/types\/page"}],"author":[{"embeddable":true,"href":"https:\/\/vizal.ro\/ro\/wp-json\/wp\/v2\/users\/1"}],"replies":[{"embeddable":true,"href":"https:\/\/vizal.ro\/ro\/wp-json\/wp\/v2\/comments?post=3131"}],"version-history":[{"count":1,"href":"https:\/\/vizal.ro\/ro\/wp-json\/wp\/v2\/pages\/3131\/revisions"}],"predecessor-version":[{"id":3132,"href":"https:\/\/vizal.ro\/ro\/wp-json\/wp\/v2\/pages\/3131\/revisions\/3132"}],"wp:attachment":[{"href":"https:\/\/vizal.ro\/ro\/wp-json\/wp\/v2\/media?parent=3131"}],"curies":[{"name":"wp","href":"https:\/\/api.w.org\/{rel}","templated":true}]}}