{"id":3129,"date":"2025-08-04T14:57:21","date_gmt":"2025-08-04T14:57:21","guid":{"rendered":"https:\/\/vizal.ro\/informare-gdpr\/"},"modified":"2026-04-06T08:40:17","modified_gmt":"2026-04-06T08:40:17","slug":"informare-gdpr","status":"publish","type":"page","link":"https:\/\/vizal.ro\/ro\/informare-gdpr\/","title":{"rendered":"Informare GDPR"},"content":{"rendered":"\n<div class=\"wp-block-group alignfull policy-page\"><div class=\"wp-block-group__inner-container is-layout-constrained wp-block-group-is-layout-constrained\">\n<div class=\"wp-block-columns alignfull wrap is-layout-flex wp-container-core-columns-is-layout-9d6595d7 wp-block-columns-is-layout-flex\">\n<div class=\"wp-block-column is-layout-flow wp-block-column-is-layout-flow\">\n<h1 class=\"wp-block-heading\">Informare GDPR<\/h1>\n\n\n\n<p>Confiden\u021bialitatea datelor dumneavoastr\u0103 cu caracter personal este o prioritate pentru noi. De aceea, ne angaj\u0103m s\u0103 v\u0103 oferim informa\u021bii clare, transparente \u0219i u\u0219or de \u00een\u021beles despre cum prelucr\u0103m datele dumneavoastr\u0103, \u00een conformitate cu Regulamentul (UE) 2016\/679 (&#8222;GDPR&#8221;). Aceast\u0103 Not\u0103 de Informare descrie modul \u00een care <strong>SC VIZAL SRL <\/strong><em>(\u201enoi&#8221;, \u201enou\u0103&#8221; sau \u201eSocietatea\u201d),<\/em> \u00een calitate de operator de date, prelucreaz\u0103 datele dumneavoastr\u0103 cu caracter personal prin intermediul website-ului <a href=\"https:\/\/vizal.ro\/ro\/\">https:\/\/vizal.ro\/<\/a>. Aceast\u0103 not\u0103 de informare explic\u0103 modul \u00een care se prelucreaz\u0103 datele cu caracter personal prin intermediul website-ului <a href=\"https:\/\/vizal.ro\/ro\/\">https:\/\/vizal.ro\/<\/a>, indiferent de calitatea dvs. \u2013 clien\u021bi, poten\u021biali clien\u021bi \u0219i vizitatori \u0219i nu acoper\u0103 \u0219i prelucrarea datelor \u00een contextul rela\u021biei avocat-client, aceast\u0103 prelucrare fiind explicat\u0103 clientului cu ocazia \u00eencheierii contractului de asisten\u021b\u0103 juridic\u0103.    <\/p>\n\n\n\n<h2 class=\"wp-block-heading\">Alte site-uri \u0219i servicii<\/h2>\n\n\n\n<p>Aceast\u0103 Politic\u0103 de confiden\u021bialitate nu acoper\u0103 aplica\u021biile \u0219i site-urile altor ter\u021bi la care pute\u021bi ajunge prin accesarea link-urilor de pe site-ul nostru. Acest lucru excedeaz\u0103 controlului nostru. V\u0103 \u00eencuraj\u0103m s\u0103 examina\u021bi Politica de confiden\u021bialitate de pe orice site \u0219i\/sau aplica\u021bie \u00eenainte de a furniza date cu caracter personal.  <\/p>\n\n\n\n<h2 class=\"wp-block-heading\">Identitatea \u0219i Datele de Contact ale Operatorului<\/h2>\n\n\n\n<p><strong>Denumirea:<\/strong> <strong>SC VIZAL SRL<\/strong><\/p>\n\n\n\n<p><strong>Sediul soscial<\/strong>: str. Ionescu Danil nr.6A, R\u00e2mnicu V\u00e2lcea, jude\u021bul V\u00e2lcea <\/p>\n\n\n\n<p><strong>CUI:<\/strong> RO14885450<\/p>\n\n\n\n<p><strong>\u00cenregistrat\u0103 \u00een Reg. Comer\u021bului sub nr.<\/strong><strong>:<\/strong> J38\/413\/2002<\/p>\n\n\n\n<p><strong>E-mail: <\/strong>ana.iordache@vizal.ro<\/p>\n\n\n\n<p><strong>Telefon:<\/strong><strong> 0765 683 654<\/strong><\/p>\n\n\n\n<h2 class=\"wp-block-heading\"><strong>Datele cu caracter personal prelucrate. Scopuri. Temeiuri legale  <\/strong><\/h2>\n\n\n\n<p>Urm\u0103torul tabel explic\u0103 ce date cu caracter personal prelucr\u0103m prin intermediul site-ului nostru, scopurile \u0219i temeiurile legale. <\/p>\n\n\n\n<figure class=\"wp-block-table\"><table class=\"has-fixed-layout\"><tbody><tr><td><strong>Datele cu caracter personal prelucrate*<\/strong> <strong> <\/strong><\/td><td><strong>Scop\/Scopuri*<\/strong><\/td><td><strong>Temei\/Temeiuri Legale<\/strong><\/td><\/tr><tr><td><strong>Nume \u0219i Prenumele<\/strong> <strong>Job Title<\/strong> <strong>Country<\/strong> <strong>Company Name<\/strong> <strong> <\/strong><\/td><td>Pentru identificarea persoanei Pentru evitarea fraudelor <\/td><td>Art. 6 alin. (1) lit. b) GDPR \u2013 datele sunt necesare pentru executarea contractului sau pentru efectuarea de demersuri la cererea persoanei \u00eenainte de \u00eencheierea unui contract  <\/td><\/tr><tr><td><strong>E-mail<\/strong> <strong> <\/strong><\/td><td>Communication with you for the purpose of discussing the project objectives and carrying out preliminary measures prior to concluding a contract <\/td><td>Art. 6 para. (1) letter  b) GDPR \u2013 the data are necessary for the performance of the contract or for taking steps at the request of the data subject prior to entering into a contract <\/td><\/tr><tr><td><strong>Con\u021binutul mesajelor electronice \u0219i detalii asupra cazului sau proiectului<\/strong><strong><\/strong><\/td><td>Analizarea solicit\u0103rii \u00een vederea \u00eencheierii unui contract<\/td><td>Art. 6 para. (1) letter  b) GDPR \u2013 the data are necessary for the performance of the contract or for taking steps at the request of the data subject prior to entering into a contract <\/td><\/tr><tr><td><strong>Adresa IP<\/strong> <strong> <\/strong><\/td><td>to defend ourselves against cyberattacks, to prevent fraud. for the operation of the network <\/td><td>legitimate interest &#8211; Art. 6 (1) letter f) GDPR <\/td><\/tr><\/tbody><\/table><\/figure>\n\n\n\n<p>Datele nu vor fi prelucrate \u00een alte scopuri dec\u00e2t acelea comunicate persoanei<\/p>\n\n\n\n<h2 class=\"wp-block-heading\">Justificarea interesului legitim pentru prelucrarea adresei IP<\/h2>\n\n\n\n<p>Prelucrarea adresei IP este justificat\u0103 de interesul nostru legitim de a asigura securitatea site-ului \u0219i de a ne ap\u0103ra \u00eempotriva atacurilor cibernetice \u0219i tentativelor de fraud\u0103, m\u0103sur\u0103 esen\u021bial\u0103 pentru protec\u021bia datelor personale ale vizitatorilor \u0219i pentru integritatea serviciilor oferite. De asemenea, colectarea acestei date este necesar\u0103 pentru buna func\u021bionare tehnic\u0103 \u0219i administrarea eficient\u0103 a re\u021belei, garant\u00e2nd astfel o experien\u021b\u0103 sigur\u0103 \u0219i stabil\u0103 utilizatorilor site-ului nostru. Interesul legitim prevaleaz\u0103 deoarece necesitatea de a asigura securitatea infrastructurii informatice \u0219i de a preveni frauda cibernetic\u0103 este esen\u021bial\u0103 at\u00e2t pentru protejarea datelor personale ale utilizatorilor site-ului, c\u00e2t \u0219i pentru garantarea integrit\u0103\u021bii \u0219i disponibilit\u0103\u021bii serviciilor juridice oferite. Riscurile asociate prelucr\u0103rii adresei IP sunt minime pentru utilizator, av\u00e2nd \u00een vedere c\u0103 prelucrarea se limiteaz\u0103 strict la scopuri de securitate, f\u0103r\u0103 a implica prelucr\u0103ri suplimentare   <\/p>\n\n\n\n<h2 class=\"wp-block-heading\">Sursa datelor<\/h2>\n\n\n\n<p>Cele mai multe date cu caracter personal le colect\u0103m direct de la dumneavoastr\u0103 (de exemplu, prin completarea unui formular de pe site). \u00cen mod excep\u021bional, datele tehnice precum adresa IP sunt colectate automat, indirect, de c\u0103tre sistemele informatice, atunci c\u00e2nd accesa\u021bi \u0219i naviga\u021bi pe site-ul nostru, fiind generate \u0219i transmise automat de dispozitivul sau browserul pe care \u00eel utiliza\u021bi. <\/p>\n\n\n\n<h2 class=\"wp-block-heading\">Ce se \u00eent\u00e2mpl\u0103 dac\u0103 nu ne furniza\u021bi datele?<\/h2>\n\n\n\n<p>Dac\u0103 nu ne furniza\u021bi datele cu caracter personal solicitate, nu vom putea prelua \u0219i analiza solicitarea dumneavoastr\u0103 \u0219i, implicit, nu v\u0103 vom putea oferi serviciile de care ave\u021bi nevoie. \u00cen cazul datelor tehnice (cum ar fi adresa IP), nefurnizarea acestora nu este posibil\u0103 dac\u0103 utiliza\u021bi site-ul nostru, deoarece acestea sunt colectate automat. \u00cen privin\u021ba cookie-urilor \u0219i a altor module similare, stocarea cookie-urile care nu sunt necesare nu se realizeaz\u0103 dec\u00e2t cu consim\u021b\u0103m\u00e2ntul dvs.  <\/p>\n\n\n\n<h2 class=\"wp-block-heading\">Cookie-uri \u0219i alte tehnologii similare <\/h2>\n\n\n\n<p>Our website uses cookies to provide you with an optimized and personalized browsing experience, as well as for performance analysis and website operation. You can manage your cookie preferences directly from your browser settings.  For more details on how we use cookies and your rights, we invite you to consult <a>our Policy on the use of <\/a><a href=\"https:\/\/vizal.ro\/ro\/politica-cookies\/\">cookies<\/a>. <\/p>\n\n\n\n<h2 class=\"wp-block-heading\">Perioada de stocare a datelor<\/h2>\n\n\n\n<p>Stoc\u0103m datele dvs. cu caracter personal doar pe perioada necesar\u0103 \u00eendeplinirii scopurilor. <\/p>\n\n\n\n<p>If you enter into a contract with Vizal SRL, we retain the data for the period necessary to provide the services, and for a maximum period of 10 years from the termination of the contractual relationship. Retaining the data for this period is necessary in the event of an investigation by a judicial authority or to comply with the storage period in accordance with tax legislation. <\/p>\n\n\n\n<p>Dac\u0103 nu \u00eencheia\u021bi un contract cu Vizal SRL, datele dvs. sunt p\u0103strate pe o perioad\u0103 maxim\u0103 de \u0219ase luni. <\/p>\n\n\n\n<h2 class=\"wp-block-heading\">Destinatarii datelor<\/h2>\n\n\n\n<p>Datele dumneavoastr\u0103 pot fi comunicate c\u0103tre ter\u021bi doar \u00een m\u0103sura strict necesar\u0103 \u00eendeplinirii scopurilor men\u021bionate sau \u00een cazurile prev\u0103zute expres de lege.<\/p>\n\n\n\n<p>Datele dumneavoastr\u0103 pot fi dezv\u0103luite c\u0103tre:<\/p>\n\n\n\n<ul class=\"wp-block-list\">\n<li>Furnizori de servicii (\u00eemputernici\u021bi): (ex: furnizorul de g\u0103zduire web, furnizorul de e-mail, furnizori de servicii de mesagerie)<\/li>\n\n\n\n<li>Autorit\u0103\u021bi publice, instan\u021be, organe de cercetare penal\u0103<\/li>\n\n\n\n<li>Avoca\u021bi colaboratori, \u00een condi\u021biile legisla\u021biei privind exercitarea profesiei de avocat \u0219i cu acordul \u0219i informarea dvs. prealabil\u0103. <\/li>\n<\/ul>\n\n\n\n<h2 class=\"wp-block-heading\">Transferuri interna\u021bionale<\/h2>\n\n\n\n<p>\u00cen contextul activit\u0103\u021bii Vizal SRL, anumite date cu caracter personal pot fi transferate \u00een afara Spa\u021biului Economic European (SEE), respectiv c\u0103tre SUA, \u00een cadrul utiliz\u0103rii serviciilor de comunicare electronic\u0103 furnizate prin intermediul aplica\u021biei WhatsApp (Meta Platforms Inc.) \u0219i al serviciului de e-mail Gmail (Google LLC).<\/p>\n\n\n\n<p>Astfel, Meta Platforms Inc. (care opereaz\u0103 aplica\u021bia WhatsApp) \u0219i Google LLC (care furnizeaz\u0103 serviciul Gmail) sunt entit\u0103\u021bi situate \u00een Statele Unite ale Americii. Transferul datelor c\u0103tre aceste companii poate implica transmiterea datelor dumneavoastr\u0103 cu caracter personal \u00een SUA, \u021bar\u0103 pentru care Comisia European\u0103 a adoptat un cadru juridic special denumit \u201eEU-US Data Privacy Framework\u201d, ce asigur\u0103 un nivel de protec\u021bie adecvat al datelor personale. <\/p>\n\n\n\n<p>Aceste transferuri se realizeaz\u0103 \u00een baza art. 45 din GDPR, care prevede posibilitatea transferului de date personale c\u0103tre state care asigur\u0103 un nivel adecvat de protec\u021bie, conform deciziei Comisiei Europene din 10 iulie 2023 privind EU-US Data Privacy Framework.<\/p>\n\n\n\n<p>Pentru detalii suplimentare privind garan\u021biile aplicabile transferului de date c\u0103tre Meta Platforms Inc. (WhatsApp) \u0219i Google LLC (Gmail), v\u0103 recomand\u0103m consultarea politicilor de confiden\u021bialitate ale acestor furnizori:<\/p>\n\n\n\n<ul class=\"wp-block-list\">\n<li><strong>WhatsApp<\/strong>: <a href=\"https:\/\/www.whatsapp.com\/legal\/privacy-policy-eea\">https:\/\/www.whatsapp.com\/legal\/privacy-policy-eea<\/a><\/li>\n\n\n\n<li><strong>Google (Gmail)<\/strong>: <a href=\"https:\/\/policies.google.com\/privacy?hl=ro\">https:\/\/policies.google.com\/privacy?hl=ro<\/a><\/li>\n<\/ul>\n\n\n\n<h2 class=\"wp-block-heading\">Profilare \u0219i decizii automate<\/h2>\n\n\n\n<p>Nu lu\u0103m decizii automate cu efect juridic sau impact semnificativ asupra dumneavoastr\u0103<\/p>\n\n\n\n<h2 class=\"wp-block-heading\">Drepturile dumneavoastr\u0103<\/h2>\n\n\n\n<p>Drepturile dvs. conform GDPR sunt urm\u0103toarele: <\/p>\n\n\n\n<p>(a) Dreptul de a fi informat cu privire la prelucrarea datelor dvs.<\/p>\n\n\n\n<p>(b) Dreptul de acces asupra datelor. Pute\u021bi solicita o copie a datelor cu caracter personal pe care le prelucr\u0103m despre dumneavoastr\u0103. <\/p>\n\n\n\n<p>(c) Dreptul de a rectifica datele inexacte sau incomplete. Ave\u021bi dreptul de a ob\u021bine, din partea noastr\u0103, f\u0103r\u0103 \u00eent\u00e2rzieri nejustificate, rectificarea datelor cu caracter personal inexacte care v\u0103 privesc. <\/p>\n\n\n\n<p>(d) Dreptul la \u0219tergere (\u201edreptul de a fi uitat\u201d). \u00cen situa\u021biile prev\u0103zute la art. 17 din GDPR, ave\u021bi dreptul de a solicita \u0219i ob\u021bine \u0219tergerea datelor cu caracter personal. <\/p>\n\n\n\n<p>e) Dreptul la restric\u021bionarea prelucr\u0103rii. \u00cen cazurile prev\u0103zute la art. 18 din GDPR, ave\u021bi dreptul de a solicita \u0219i ob\u021bine restric\u021bionarea prelucr\u0103rii. <\/p>\n\n\n\n<p>f) Dreptul de a transmite datele pe care le avem despre dvs. c\u0103tre alt operator (\u201edreptul la portabilitate\u201d). <\/p>\n\n\n\n<p>g) Dreptul de a v\u0103 opune prelucr\u0103rii datelor. \u00cen cazurile prev\u0103zute la art. 21 din GDPR, ave\u021bi dreptul de a v\u0103 opune prelucr\u0103rii datelor. <\/p>\n\n\n\n<p>h) Dreptul de a nu face obiectul unei decizii bazate exclusiv pe prelucrarea automat\u0103, inclusiv crearea de profiluri cu efecte juridice sau cu efecte semnificative similare asupra dvs.<\/p>\n\n\n\n<p>i) Dreptul de a v\u0103 adresa justi\u021biei pentru ap\u0103rarea drepturilor \u0219i intereselor dvs.<\/p>\n\n\n\n<p>j) Dreptul de a depune o pl\u00e2ngere \u00een fa\u021ba unei Autorit\u0103\u021bi de Supraveghere.<\/p>\n\n\n\n<figure class=\"wp-block-table is-style-regular\"><table><tbody><tr><td>Nume<\/td><td>Autoritatea Na\u021bional\u0103 de Supraveghere a Prelucr\u0103rii Datelor cu Caracter Personal<\/td><\/tr><tr><td>Adresa<\/td><td>B-dul G-ral. Gheorghe Magheru nr. 28-30, Sector 1, cod po\u0219tal 010336, Bucure\u0219ti, Rom\u00e2nia<\/td><\/tr><tr><td>Telefon:<\/td><td>+40.318.059.211 sau +40.318.059.212<\/td><\/tr><tr><td>E-mail<\/td><td>anspdcp@dataprotection.ro<\/td><\/tr><\/tbody><\/table><\/figure>\n\n\n\n<p><strong><u>k) Dreptul de retragere al consim\u021b\u0103m\u00e2ntului<\/u><\/strong>, atunci c\u00e2nd prelucrarea se bazeaz\u0103 pe consim\u021b\u0103m\u00e2nt. Pentru gestionarea consim\u021b\u0103m\u00e2ntului pentru cookies \u0219i alte module similare, v\u0103 invit\u0103m s\u0103 consulta\u021bi <a>Politica noastr\u0103 privind utilizarea <\/a><a href=\"https:\/\/vizal.ro\/ro\/politica-cookies\/\">modulelor cookies<\/a>. <a href=\"#_msocom_1\">[RS1]<\/a>  <\/p>\n\n\n\n<p><strong><u>V\u0103 rug\u0103m s\u0103 re\u021bine\u021bi c\u0103:<\/u><\/strong><\/p>\n\n\n\n<p><strong>(1)<\/strong> Dac\u0103 dori\u021bi s\u0103 v\u0103 exercita\u021bi drepturile, o pute\u021bi face prin transmiterea unei cereri scrise, semnate \u0219i datate la adresa de e-mail: ana.iordache@vizal.ro.<\/p>\n\n\n\n<p><strong>(2)<\/strong> Drepturile enumerate mai sus nu sunt absolute. Exist\u0103 excep\u021bii, de aceea fiecare cerere primite va fi analizat\u0103 astfel \u00eenc\u00e2t s\u0103 decidem dac\u0103 este \u00eentemeiat\u0103 sau nu. \u00cen m\u0103sura \u00een care cererea este \u00eentemeiat\u0103, v\u0103 vom facilita exercitarea drepturilor. Dac\u0103 cererea este ne\u00eentemeiat\u0103, o vom respinge, \u00eens\u0103 v\u0103 vom informa asupra motivelor refuzului \u0219i asupra drepturilor de a depune o pl\u00e2ngere la Autoritatea de Supraveghere \u0219i de a v\u0103 adresa justi\u021biei.   <\/p>\n\n\n\n<p><strong>(3)<\/strong> Vom \u00eencerca s\u0103 r\u0103spundem solicit\u0103rii \u00een termen de o lun\u0103. Cu toate acestea, termenul poate fi prelungit \u00een func\u021bie de diferite aspect, precum complexitatea cererii, num\u0103rul mare de cereri primite sau imposibilitatea de a v\u0103 identifica \u00eentr-un termen util. <\/p>\n\n\n\n<p><strong>(4)<\/strong> Dac\u0103, de\u0219i depunem toate eforturile, nu reu\u0219im s\u0103 v\u0103 identific\u0103m, iar dvs. nu ne furniza\u021bi informa\u021bii suplimentare pentru a reu\u0219i s\u0103 v\u0103 identific\u0103m, nu suntem obliga\u021bi s\u0103 d\u0103m curs solicit\u0103rii. <\/p>\n\n\n\n<h2 class=\"wp-block-heading\">Actualiz\u0103ri ale Notei de Informare<\/h2>\n\n\n\n<p>Aceast\u0103 Not\u0103 de Informare poate fi actualizat\u0103 periodic. Orice modificare va fi publicat\u0103 pe aceast\u0103 pagin\u0103. V\u0103 \u00eencuraj\u0103m s\u0103 consulta\u021bi periodic aceast\u0103 sec\u021biune pentru a fi la curent cu orice modificare.  <\/p>\n\n\n\n<p>Pentru orice alte informa\u021bii ne pute\u021bi contacta la adresa ana.iordache@vizal.ro.<\/p>\n\n\n\n<p>Ultima actualizare: 22 iulie 2025<\/p>\n<\/div>\n<\/div>\n<\/div><\/div>\n","protected":false},"excerpt":{"rendered":"<p>Informare GDPR Confiden\u021bialitatea datelor dumneavoastr\u0103 cu caracter personal este o prioritate pentru noi. De aceea, ne angaj\u0103m s\u0103 v\u0103 oferim informa\u021bii clare, transparente \u0219i u\u0219or de \u00een\u021beles despre cum prelucr\u0103m datele dumneavoastr\u0103, \u00een conformitate cu Regulamentul (UE) 2016\/679 (&#8222;GDPR&#8221;). Aceast\u0103 Not\u0103 de Informare descrie modul \u00een care SC VIZAL SRL (\u201enoi&#8221;, \u201enou\u0103&#8221; sau \u201eSocietatea\u201d), \u00een [&hellip;]<\/p>\n","protected":false},"author":1,"featured_media":0,"parent":0,"menu_order":0,"comment_status":"closed","ping_status":"closed","template":"","meta":{"_genesis_hide_title":false,"_genesis_hide_breadcrumbs":false,"_genesis_hide_singular_image":false,"_genesis_hide_footer_widgets":false,"_genesis_custom_body_class":"","_genesis_custom_post_class":"","_genesis_layout":"","footnotes":""},"class_list":{"0":"post-3129","1":"page","2":"type-page","3":"status-publish","5":"entry"},"yoast_head":"<!-- This site is optimized with the Yoast SEO Premium plugin v27.0 (Yoast SEO v27.4) - https:\/\/yoast.com\/product\/yoast-seo-premium-wordpress\/ -->\n<title>Informare GDPR - VIZAL<\/title>\n<meta name=\"robots\" content=\"index, follow, max-snippet:-1, max-image-preview:large, max-video-preview:-1\" \/>\n<link rel=\"canonical\" href=\"https:\/\/vizal.ro\/ro\/informare-gdpr\/\" \/>\n<meta property=\"og:locale\" content=\"ro_RO\" \/>\n<meta property=\"og:type\" content=\"article\" \/>\n<meta property=\"og:title\" content=\"Informare GDPR\" \/>\n<meta property=\"og:description\" content=\"Informare GDPR Confiden\u021bialitatea datelor dumneavoastr\u0103 cu caracter personal este o prioritate pentru noi. De aceea, ne angaj\u0103m s\u0103 v\u0103 oferim informa\u021bii clare, transparente \u0219i u\u0219or de \u00een\u021beles despre cum prelucr\u0103m datele dumneavoastr\u0103, \u00een conformitate cu Regulamentul (UE) 2016\/679 (&#8222;GDPR&#8221;). Aceast\u0103 Not\u0103 de Informare descrie modul \u00een care SC VIZAL SRL (\u201enoi&#8221;, \u201enou\u0103&#8221; sau \u201eSocietatea\u201d), \u00een [&hellip;]\" \/>\n<meta property=\"og:url\" content=\"https:\/\/vizal.ro\/ro\/informare-gdpr\/\" \/>\n<meta property=\"og:site_name\" content=\"VIZAL\" \/>\n<meta property=\"article:modified_time\" content=\"2026-04-06T08:40:17+00:00\" \/>\n<meta name=\"twitter:card\" content=\"summary_large_image\" \/>\n<meta name=\"twitter:label1\" content=\"Timp estimat pentru citire\" \/>\n\t<meta name=\"twitter:data1\" content=\"9 minute\" \/>\n<script type=\"application\/ld+json\" class=\"yoast-schema-graph\">{\"@context\":\"https:\\\/\\\/schema.org\",\"@graph\":[{\"@type\":\"WebPage\",\"@id\":\"https:\\\/\\\/vizal.ro\\\/ro\\\/informare-gdpr\\\/\",\"url\":\"https:\\\/\\\/vizal.ro\\\/ro\\\/informare-gdpr\\\/\",\"name\":\"Informare GDPR - VIZAL\",\"isPartOf\":{\"@id\":\"https:\\\/\\\/vizal.ro\\\/ro\\\/#website\"},\"datePublished\":\"2025-08-04T14:57:21+00:00\",\"dateModified\":\"2026-04-06T08:40:17+00:00\",\"breadcrumb\":{\"@id\":\"https:\\\/\\\/vizal.ro\\\/ro\\\/informare-gdpr\\\/#breadcrumb\"},\"inLanguage\":\"ro-RO\",\"potentialAction\":[{\"@type\":\"ReadAction\",\"target\":[\"https:\\\/\\\/vizal.ro\\\/ro\\\/informare-gdpr\\\/\"]}]},{\"@type\":\"BreadcrumbList\",\"@id\":\"https:\\\/\\\/vizal.ro\\\/ro\\\/informare-gdpr\\\/#breadcrumb\",\"itemListElement\":[{\"@type\":\"ListItem\",\"position\":1,\"name\":\"Prima pagin\u0103\",\"item\":\"https:\\\/\\\/vizal.ro\\\/ro\\\/\"},{\"@type\":\"ListItem\",\"position\":2,\"name\":\"Informare GDPR\"}]},{\"@type\":\"WebSite\",\"@id\":\"https:\\\/\\\/vizal.ro\\\/ro\\\/#website\",\"url\":\"https:\\\/\\\/vizal.ro\\\/ro\\\/\",\"name\":\"VIZAL\",\"description\":\"Vizal\",\"potentialAction\":[{\"@type\":\"SearchAction\",\"target\":{\"@type\":\"EntryPoint\",\"urlTemplate\":\"https:\\\/\\\/vizal.ro\\\/ro\\\/?s={search_term_string}\"},\"query-input\":{\"@type\":\"PropertyValueSpecification\",\"valueRequired\":true,\"valueName\":\"search_term_string\"}}],\"inLanguage\":\"ro-RO\"}]}<\/script>\n<!-- \/ Yoast SEO Premium plugin. -->","yoast_head_json":{"title":"Informare GDPR - VIZAL","robots":{"index":"index","follow":"follow","max-snippet":"max-snippet:-1","max-image-preview":"max-image-preview:large","max-video-preview":"max-video-preview:-1"},"canonical":"https:\/\/vizal.ro\/ro\/informare-gdpr\/","og_locale":"ro_RO","og_type":"article","og_title":"Informare GDPR","og_description":"Informare GDPR Confiden\u021bialitatea datelor dumneavoastr\u0103 cu caracter personal este o prioritate pentru noi. De aceea, ne angaj\u0103m s\u0103 v\u0103 oferim informa\u021bii clare, transparente \u0219i u\u0219or de \u00een\u021beles despre cum prelucr\u0103m datele dumneavoastr\u0103, \u00een conformitate cu Regulamentul (UE) 2016\/679 (&#8222;GDPR&#8221;). Aceast\u0103 Not\u0103 de Informare descrie modul \u00een care SC VIZAL SRL (\u201enoi&#8221;, \u201enou\u0103&#8221; sau \u201eSocietatea\u201d), \u00een [&hellip;]","og_url":"https:\/\/vizal.ro\/ro\/informare-gdpr\/","og_site_name":"VIZAL","article_modified_time":"2026-04-06T08:40:17+00:00","twitter_card":"summary_large_image","twitter_misc":{"Timp estimat pentru citire":"9 minute"},"schema":{"@context":"https:\/\/schema.org","@graph":[{"@type":"WebPage","@id":"https:\/\/vizal.ro\/ro\/informare-gdpr\/","url":"https:\/\/vizal.ro\/ro\/informare-gdpr\/","name":"Informare GDPR - VIZAL","isPartOf":{"@id":"https:\/\/vizal.ro\/ro\/#website"},"datePublished":"2025-08-04T14:57:21+00:00","dateModified":"2026-04-06T08:40:17+00:00","breadcrumb":{"@id":"https:\/\/vizal.ro\/ro\/informare-gdpr\/#breadcrumb"},"inLanguage":"ro-RO","potentialAction":[{"@type":"ReadAction","target":["https:\/\/vizal.ro\/ro\/informare-gdpr\/"]}]},{"@type":"BreadcrumbList","@id":"https:\/\/vizal.ro\/ro\/informare-gdpr\/#breadcrumb","itemListElement":[{"@type":"ListItem","position":1,"name":"Prima pagin\u0103","item":"https:\/\/vizal.ro\/ro\/"},{"@type":"ListItem","position":2,"name":"Informare GDPR"}]},{"@type":"WebSite","@id":"https:\/\/vizal.ro\/ro\/#website","url":"https:\/\/vizal.ro\/ro\/","name":"VIZAL","description":"Vizal","potentialAction":[{"@type":"SearchAction","target":{"@type":"EntryPoint","urlTemplate":"https:\/\/vizal.ro\/ro\/?s={search_term_string}"},"query-input":{"@type":"PropertyValueSpecification","valueRequired":true,"valueName":"search_term_string"}}],"inLanguage":"ro-RO"}]}},"featured_image_src":null,"featured_image_src_square":null,"_links":{"self":[{"href":"https:\/\/vizal.ro\/ro\/wp-json\/wp\/v2\/pages\/3129","targetHints":{"allow":["GET"]}}],"collection":[{"href":"https:\/\/vizal.ro\/ro\/wp-json\/wp\/v2\/pages"}],"about":[{"href":"https:\/\/vizal.ro\/ro\/wp-json\/wp\/v2\/types\/page"}],"author":[{"embeddable":true,"href":"https:\/\/vizal.ro\/ro\/wp-json\/wp\/v2\/users\/1"}],"replies":[{"embeddable":true,"href":"https:\/\/vizal.ro\/ro\/wp-json\/wp\/v2\/comments?post=3129"}],"version-history":[{"count":2,"href":"https:\/\/vizal.ro\/ro\/wp-json\/wp\/v2\/pages\/3129\/revisions"}],"predecessor-version":[{"id":3516,"href":"https:\/\/vizal.ro\/ro\/wp-json\/wp\/v2\/pages\/3129\/revisions\/3516"}],"wp:attachment":[{"href":"https:\/\/vizal.ro\/ro\/wp-json\/wp\/v2\/media?parent=3129"}],"curies":[{"name":"wp","href":"https:\/\/api.w.org\/{rel}","templated":true}]}}