{"id":3078,"date":"2025-03-04T06:25:33","date_gmt":"2025-03-04T06:25:33","guid":{"rendered":"https:\/\/vizal.ro\/contact\/"},"modified":"2026-04-06T08:34:45","modified_gmt":"2026-04-06T08:34:45","slug":"contact","status":"publish","type":"page","link":"https:\/\/vizal.ro\/ro\/contact\/","title":{"rendered":"Contact"},"content":{"rendered":"\n<div class=\"wp-block-group pg-bnr wrapper contact-pg-bnr\"><div class=\"wp-block-group__inner-container is-layout-constrained wp-block-group-is-layout-constrained\">\n<div class=\"wp-block-columns are-vertically-aligned-bottom wrapper is-layout-flex wp-container-core-columns-is-layout-9d6595d7 wp-block-columns-is-layout-flex\">\n<div class=\"wp-block-column is-vertically-aligned-bottom is-layout-flow wp-block-column-is-layout-flow\">\n<h1 class=\"wp-block-heading has-text-color has-link-color wp-elements-ff3752dde9350ac10ef3700ab500e6f0\" id=\"h-contact\" style=\"color:#ffffff\">CONTACT<\/h1>\n\n\n\n<h2 class=\"wp-block-heading\" id=\"h-let-s-connect\">Contacteaza-ne<\/h2>\n<\/div>\n<\/div>\n<\/div><\/div>\n\n<div class=\"wp-block-group contact-pg-sc-two\"><div class=\"wp-block-group__inner-container is-layout-constrained wp-block-group-is-layout-constrained\">\n<div class=\"wp-block-columns wrapper contact-pg-sc-twos is-layout-flex wp-container-core-columns-is-layout-9d6595d7 wp-block-columns-is-layout-flex\">\n<div class=\"wp-block-column contact-inner-section-two is-layout-flow wp-block-column-is-layout-flow\" style=\"flex-basis:40%\">\n<figure class=\"wp-block-image size-full\"><img loading=\"lazy\" decoding=\"async\" width=\"780\" height=\"405\" src=\"https:\/\/vizal.ro\/wp-content\/uploads\/2025\/11\/Poza-Contact-Bucuresti.jpg\" alt=\"\" class=\"wp-image-1518\" srcset=\"https:\/\/vizal.ro\/wp-content\/uploads\/2025\/11\/Poza-Contact-Bucuresti.jpg 780w, https:\/\/vizal.ro\/wp-content\/uploads\/2025\/11\/Poza-Contact-Bucuresti-300x156.jpg 300w, https:\/\/vizal.ro\/wp-content\/uploads\/2025\/11\/Poza-Contact-Bucuresti-768x399.jpg 768w, https:\/\/vizal.ro\/wp-content\/uploads\/2025\/11\/Poza-Contact-Bucuresti-50x26.jpg 50w\" sizes=\"auto, (max-width: 780px) 100vw, 780px\" \/><\/figure>\n\n\n\n<h3 class=\"wp-block-heading\" id=\"h-vizal-bucure&#x219;ti\">Vizal Bucure\u0219ti<\/h3>\n\n\n\n<div class=\"wp-block-group is-nowrap is-layout-flex wp-container-core-group-is-layout-ad2f72ca wp-block-group-is-layout-flex\">\n<span class=\"dashicons dashicons-phone\"><\/span>\n\n\n\n<p>Ramona PORFIRE &#8211; Account Manager: <a href=\"tel:40754666337\">(+4) 0754 666 337<\/a><\/p>\n<\/div>\n\n\n\n<div class=\"wp-block-group is-nowrap is-layout-flex wp-container-core-group-is-layout-ad2f72ca wp-block-group-is-layout-flex\">\n<span class=\"dashicons dashicons-email\"><\/span>\n\n\n\n<p><a href=\"mailto:ana.vanzari@vizal.ro\">vanzari@vizal.ro<\/a><\/p>\n<\/div>\n\n\n\n<div class=\"wp-block-group is-nowrap is-layout-flex wp-container-core-group-is-layout-ad2f72ca wp-block-group-is-layout-flex\">\n<span class=\"dashicons dashicons-phone\"><\/span>\n\n\n\n<p>Ana IORDACHE \u2013 Executive Director: <a href=\"tel:40765683654\">(+4) 0765 683 654<\/a><\/p>\n<\/div>\n\n\n\n<div class=\"wp-block-group is-nowrap is-layout-flex wp-container-core-group-is-layout-ad2f72ca wp-block-group-is-layout-flex\">\n<span class=\"dashicons dashicons-email\"><\/span>\n\n\n\n<p><a href=\"mailto:ana.iordache@vizal.ro\">ana.iordache@vizal.ro<\/a><\/p>\n<\/div>\n\n\n\n<div class=\"wp-block-group is-nowrap is-layout-flex wp-container-core-group-is-layout-ad2f72ca wp-block-group-is-layout-flex\">\n<span class=\"dashicons dashicons-location\"><\/span>\n\n\n\n<p>Constantin R\u0103dulescu Motru, No. 13, 4th floor<br\/>Office No. 43, Sector 4, Bucharest, Sector 4<\/p>\n<\/div>\n\n\n\n<figure class=\"wp-block-image size-large is-resized image-mrg-top\"><img loading=\"lazy\" decoding=\"async\" width=\"601\" height=\"650\" src=\"https:\/\/vizal.ro\/wp-content\/uploads\/2025\/11\/Poza-Contact-Valcea-601x650.jpg\" alt=\"\" class=\"wp-image-1519\" style=\"object-fit:cover;width:480px;height:200px\" srcset=\"https:\/\/vizal.ro\/wp-content\/uploads\/2025\/11\/Poza-Contact-Valcea-601x650.jpg 601w, https:\/\/vizal.ro\/wp-content\/uploads\/2025\/11\/Poza-Contact-Valcea-277x300.jpg 277w, https:\/\/vizal.ro\/wp-content\/uploads\/2025\/11\/Poza-Contact-Valcea-768x831.jpg 768w, https:\/\/vizal.ro\/wp-content\/uploads\/2025\/11\/Poza-Contact-Valcea-50x54.jpg 50w, https:\/\/vizal.ro\/wp-content\/uploads\/2025\/11\/Poza-Contact-Valcea.jpg 899w\" sizes=\"auto, (max-width: 601px) 100vw, 601px\" \/><\/figure>\n\n\n\n<h3 class=\"wp-block-heading\" id=\"h-vizal-ramnicu-valcea\">Vizal R\u00e2mnicu V\u00e2lcea<\/h3>\n\n\n\n<div class=\"wp-block-group is-nowrap is-layout-flex wp-container-core-group-is-layout-ad2f72ca wp-block-group-is-layout-flex\">\n<span class=\"dashicons dashicons-phone\"><\/span>\n\n\n\n<p>Ramona PORFIRE &#8211; Account Manager: <a href=\"tel:40754666337\">(+4) 0754 666 337<\/a><\/p>\n<\/div>\n\n\n\n<div class=\"wp-block-group is-nowrap is-layout-flex wp-container-core-group-is-layout-ad2f72ca wp-block-group-is-layout-flex\">\n<span class=\"dashicons dashicons-email\"><\/span>\n\n\n\n<p><a href=\"mailto:vanzari@vizal.ro\">vanzari@vizal.ro<\/a><\/p>\n<\/div>\n\n\n\n<div class=\"wp-block-group is-nowrap is-layout-flex wp-container-core-group-is-layout-ad2f72ca wp-block-group-is-layout-flex\">\n<span class=\"dashicons dashicons-location\"><\/span>\n\n\n\n<p>Str. Danil Ionescu nr. 6A, Cod po\u0219tal: 240283<br\/>R\u00eemnicu V\u00eelcea, Jude\u021bul V\u00e2lcea<\/p>\n<\/div>\n<\/div>\n\n\n\n<div class=\"wp-block-column contact-frm is-layout-flow wp-block-column-is-layout-flow\" style=\"flex-basis:60%\">\n<div class=\"wpcf7 no-js\" id=\"wpcf7-f2901-o1\" lang=\"ro-RO\" dir=\"ltr\" data-wpcf7-id=\"2901\">\n<div class=\"screen-reader-response\"><p role=\"status\" aria-live=\"polite\" aria-atomic=\"true\"><\/p> <ul><\/ul><\/div>\n<form action=\"\/ro\/wp-json\/wp\/v2\/pages\/3078#wpcf7-f2901-o1\" method=\"post\" class=\"wpcf7-form init\" aria-label=\"Formular de contact\" novalidate=\"novalidate\" data-status=\"init\">\n<fieldset class=\"hidden-fields-container\"><input type=\"hidden\" name=\"_wpcf7\" value=\"2901\" \/><input type=\"hidden\" name=\"_wpcf7_version\" value=\"6.1.5\" \/><input type=\"hidden\" name=\"_wpcf7_locale\" value=\"ro_RO\" \/><input type=\"hidden\" name=\"_wpcf7_unit_tag\" value=\"wpcf7-f2901-o1\" \/><input type=\"hidden\" name=\"_wpcf7_container_post\" value=\"0\" \/><input type=\"hidden\" name=\"_wpcf7_posted_data_hash\" value=\"\" \/><input type=\"hidden\" name=\"_wpcf7_recaptcha_response\" value=\"\" \/>\n<\/fieldset>\n<div class=\"contact-field\">\n\t<p><span class=\"wpcf7-form-control-wrap\" data-name=\"first-name\"><input size=\"40\" maxlength=\"400\" class=\"wpcf7-form-control wpcf7-text wpcf7-validates-as-required\" aria-required=\"true\" aria-invalid=\"false\" placeholder=\"Nume \u0219i prenume\" value=\"\" type=\"text\" name=\"first-name\" \/><\/span>\n\t<\/p>\n\t<p><span class=\"wpcf7-form-control-wrap\" data-name=\"last-name\"><input size=\"40\" maxlength=\"400\" class=\"wpcf7-form-control wpcf7-text\" aria-invalid=\"false\" placeholder=\"Num\u0103r de telefon\" value=\"\" type=\"text\" name=\"last-name\" \/><\/span>\n\t<\/p>\n<\/div>\n<div class=\"contact-field\">\n\t<p><span class=\"wpcf7-form-control-wrap\" data-name=\"your-email\"><input size=\"40\" maxlength=\"400\" class=\"wpcf7-form-control wpcf7-email wpcf7-validates-as-required wpcf7-text wpcf7-validates-as-email\" autocomplete=\"email\" aria-required=\"true\" aria-invalid=\"false\" placeholder=\"E-mail\" value=\"\" type=\"email\" name=\"your-email\" \/><\/span>\n\t<\/p>\n\t<p><span class=\"wpcf7-form-control-wrap\" data-name=\"job-title\"><input size=\"40\" maxlength=\"400\" class=\"wpcf7-form-control wpcf7-text\" aria-invalid=\"false\" placeholder=\"Func\u021bie\" value=\"\" type=\"text\" name=\"job-title\" \/><\/span>\n\t<\/p>\n<\/div>\n<div class=\"contact-field\">\n\t<p><span class=\"wpcf7-form-control-wrap\" data-name=\"select-915\"><select class=\"wpcf7-form-control wpcf7-select\" aria-invalid=\"false\" name=\"select-915\"><option value=\"\">\u021aara<\/option><option value=\"Rom\u00e2nia\">Rom\u00e2nia<\/option><option value=\"Fran\u021ba\">Fran\u021ba<\/option><option value=\"Italia\">Italia<\/option><option value=\"Regatul Unit\">Regatul Unit<\/option><option value=\"Germania\">Germania<\/option><option value=\"Spania\">Spania<\/option><option value=\"Suedia\">Suedia<\/option><option value=\"Danemarca\">Danemarca<\/option><option value=\"Elve\u021bia\">Elve\u021bia<\/option><\/select><\/span>\n\t<\/p>\n\t<p><span class=\"wpcf7-form-control-wrap\" data-name=\"text-824\"><input size=\"40\" maxlength=\"400\" class=\"wpcf7-form-control wpcf7-text\" aria-invalid=\"false\" placeholder=\"Numele companiei\" value=\"\" type=\"text\" name=\"text-824\" \/><\/span>\n\t<\/p>\n<\/div>\n<p><span class=\"wpcf7-form-control-wrap\" data-name=\"textarea-930\"><textarea cols=\"40\" rows=\"10\" maxlength=\"2000\" class=\"wpcf7-form-control wpcf7-textarea\" aria-invalid=\"false\" placeholder=\"Mesaj\" name=\"textarea-930\"><\/textarea><\/span>\n<\/p>\n<p><span class=\"wpcf7-form-control-wrap\" data-name=\"acceptance-350\"><span class=\"wpcf7-form-control wpcf7-acceptance\"><span class=\"wpcf7-list-item\"><label><input type=\"checkbox\" name=\"acceptance-350\" value=\"1\" checked=\"checked\" aria-invalid=\"false\" \/><span class=\"wpcf7-list-item-label\">Declar c\u0103 am peste 16 ani \u0219i c\u0103 am citit <a href=\"https:\/\/vizal.ro\/nota-informare-gdpr\/\">nota de informare privind prelucrarea datelor cu caracter personal<\/a>.<\/span><\/label><\/span><\/span><\/span>\n<\/p>\n<p><input class=\"wpcf7-form-control wpcf7-submit has-spinner\" type=\"submit\" value=\"Trimite\u021bi\" \/>\n<\/p><p style=\"display: none !important;\" class=\"akismet-fields-container\" data-prefix=\"_wpcf7_ak_\"><label>&#916;<textarea name=\"_wpcf7_ak_hp_textarea\" cols=\"45\" rows=\"8\" maxlength=\"100\"><\/textarea><\/label><input type=\"hidden\" id=\"ak_js_1\" name=\"_wpcf7_ak_js\" value=\"223\"\/><script>document.getElementById( \"ak_js_1\" ).setAttribute( \"value\", ( new Date() ).getTime() );<\/script><\/p><div class=\"wpcf7-response-output\" aria-hidden=\"true\"><\/div>\n<\/form>\n<\/div>\n\n<\/div>\n<\/div>\n<\/div><\/div>\n","protected":false},"excerpt":{"rendered":"<p>CONTACT Contacteaza-ne Vizal Bucure\u0219ti Ramona PORFIRE &#8211; Account Manager: (+4) 0754 666 337 vanzari@vizal.ro Ana IORDACHE \u2013 Executive Director: (+4) 0765 683 654 ana.iordache@vizal.ro Constantin R\u0103dulescu Motru, No. 13, 4th floorOffice No. 43, Sector 4, Bucharest, Sector 4 Vizal R\u00e2mnicu V\u00e2lcea Ramona PORFIRE &#8211; Account Manager: (+4) 0754 666 337 vanzari@vizal.ro Str. Danil Ionescu nr. [&hellip;]<\/p>\n","protected":false},"author":1,"featured_media":3082,"parent":0,"menu_order":0,"comment_status":"closed","ping_status":"closed","template":"","meta":{"_genesis_hide_title":false,"_genesis_hide_breadcrumbs":false,"_genesis_hide_singular_image":false,"_genesis_hide_footer_widgets":false,"_genesis_custom_body_class":"","_genesis_custom_post_class":"","_genesis_layout":"","footnotes":""},"class_list":{"0":"post-3078","1":"page","2":"type-page","3":"status-publish","4":"has-post-thumbnail","6":"entry"},"yoast_head":"<!-- This site is optimized with the Yoast SEO Premium plugin v27.0 (Yoast SEO v27.4) - https:\/\/yoast.com\/product\/yoast-seo-premium-wordpress\/ -->\n<title>Contact VIZAL | Illuminated Signs &amp; 3D Letters<\/title>\n<meta name=\"description\" content=\"Contact VIZAL for custom illuminated signs, 3D letters, LED totems and branding solutions. Request a quote or speak with our team today.\" \/>\n<meta name=\"robots\" content=\"index, follow, max-snippet:-1, max-image-preview:large, max-video-preview:-1\" \/>\n<link rel=\"canonical\" href=\"https:\/\/vizal.ro\/ro\/contact\/\" \/>\n<meta property=\"og:locale\" content=\"ro_RO\" \/>\n<meta property=\"og:type\" content=\"article\" \/>\n<meta property=\"og:title\" content=\"Contact\" \/>\n<meta property=\"og:description\" content=\"Contact VIZAL for custom illuminated signs, 3D letters, LED totems and branding solutions. Request a quote or speak with our team today.\" \/>\n<meta property=\"og:url\" content=\"https:\/\/vizal.ro\/ro\/contact\/\" \/>\n<meta property=\"og:site_name\" content=\"VIZAL\" \/>\n<meta property=\"article:modified_time\" content=\"2026-04-06T08:34:45+00:00\" \/>\n<meta property=\"og:image\" content=\"https:\/\/vizal.ro\/wp-content\/uploads\/2025\/03\/contact-banner.png\" \/>\n\t<meta property=\"og:image:width\" content=\"1800\" \/>\n\t<meta property=\"og:image:height\" content=\"1052\" \/>\n\t<meta property=\"og:image:type\" content=\"image\/png\" \/>\n<meta name=\"twitter:card\" content=\"summary_large_image\" \/>\n<script type=\"application\/ld+json\" class=\"yoast-schema-graph\">{\"@context\":\"https:\\\/\\\/schema.org\",\"@graph\":[{\"@type\":\"WebPage\",\"@id\":\"https:\\\/\\\/vizal.ro\\\/ro\\\/contact\\\/\",\"url\":\"https:\\\/\\\/vizal.ro\\\/ro\\\/contact\\\/\",\"name\":\"Contact VIZAL | Illuminated Signs & 3D Letters\",\"isPartOf\":{\"@id\":\"https:\\\/\\\/vizal.ro\\\/ro\\\/#website\"},\"primaryImageOfPage\":{\"@id\":\"https:\\\/\\\/vizal.ro\\\/ro\\\/contact\\\/#primaryimage\"},\"image\":{\"@id\":\"https:\\\/\\\/vizal.ro\\\/ro\\\/contact\\\/#primaryimage\"},\"thumbnailUrl\":\"https:\\\/\\\/vizal.ro\\\/wp-content\\\/uploads\\\/2025\\\/03\\\/contact-banner.png\",\"datePublished\":\"2025-03-04T06:25:33+00:00\",\"dateModified\":\"2026-04-06T08:34:45+00:00\",\"description\":\"Contact VIZAL for custom illuminated signs, 3D letters, LED totems and branding solutions. Request a quote or speak with our team today.\",\"breadcrumb\":{\"@id\":\"https:\\\/\\\/vizal.ro\\\/ro\\\/contact\\\/#breadcrumb\"},\"inLanguage\":\"ro-RO\",\"potentialAction\":[{\"@type\":\"ReadAction\",\"target\":[\"https:\\\/\\\/vizal.ro\\\/ro\\\/contact\\\/\"]}]},{\"@type\":\"ImageObject\",\"inLanguage\":\"ro-RO\",\"@id\":\"https:\\\/\\\/vizal.ro\\\/ro\\\/contact\\\/#primaryimage\",\"url\":\"https:\\\/\\\/vizal.ro\\\/wp-content\\\/uploads\\\/2025\\\/03\\\/contact-banner.png\",\"contentUrl\":\"https:\\\/\\\/vizal.ro\\\/wp-content\\\/uploads\\\/2025\\\/03\\\/contact-banner.png\",\"width\":1800,\"height\":1052,\"caption\":\"contact banner\"},{\"@type\":\"BreadcrumbList\",\"@id\":\"https:\\\/\\\/vizal.ro\\\/ro\\\/contact\\\/#breadcrumb\",\"itemListElement\":[{\"@type\":\"ListItem\",\"position\":1,\"name\":\"Prima pagin\u0103\",\"item\":\"https:\\\/\\\/vizal.ro\\\/ro\\\/\"},{\"@type\":\"ListItem\",\"position\":2,\"name\":\"Contact\"}]},{\"@type\":\"WebSite\",\"@id\":\"https:\\\/\\\/vizal.ro\\\/ro\\\/#website\",\"url\":\"https:\\\/\\\/vizal.ro\\\/ro\\\/\",\"name\":\"VIZAL\",\"description\":\"Vizal\",\"potentialAction\":[{\"@type\":\"SearchAction\",\"target\":{\"@type\":\"EntryPoint\",\"urlTemplate\":\"https:\\\/\\\/vizal.ro\\\/ro\\\/?s={search_term_string}\"},\"query-input\":{\"@type\":\"PropertyValueSpecification\",\"valueRequired\":true,\"valueName\":\"search_term_string\"}}],\"inLanguage\":\"ro-RO\"}]}<\/script>\n<!-- \/ Yoast SEO Premium plugin. -->","yoast_head_json":{"title":"Contact VIZAL | Illuminated Signs & 3D Letters","description":"Contact VIZAL for custom illuminated signs, 3D letters, LED totems and branding solutions. Request a quote or speak with our team today.","robots":{"index":"index","follow":"follow","max-snippet":"max-snippet:-1","max-image-preview":"max-image-preview:large","max-video-preview":"max-video-preview:-1"},"canonical":"https:\/\/vizal.ro\/ro\/contact\/","og_locale":"ro_RO","og_type":"article","og_title":"Contact","og_description":"Contact VIZAL for custom illuminated signs, 3D letters, LED totems and branding solutions. Request a quote or speak with our team today.","og_url":"https:\/\/vizal.ro\/ro\/contact\/","og_site_name":"VIZAL","article_modified_time":"2026-04-06T08:34:45+00:00","og_image":[{"width":1800,"height":1052,"url":"https:\/\/vizal.ro\/wp-content\/uploads\/2025\/03\/contact-banner.png","type":"image\/png"}],"twitter_card":"summary_large_image","schema":{"@context":"https:\/\/schema.org","@graph":[{"@type":"WebPage","@id":"https:\/\/vizal.ro\/ro\/contact\/","url":"https:\/\/vizal.ro\/ro\/contact\/","name":"Contact VIZAL | Illuminated Signs & 3D Letters","isPartOf":{"@id":"https:\/\/vizal.ro\/ro\/#website"},"primaryImageOfPage":{"@id":"https:\/\/vizal.ro\/ro\/contact\/#primaryimage"},"image":{"@id":"https:\/\/vizal.ro\/ro\/contact\/#primaryimage"},"thumbnailUrl":"https:\/\/vizal.ro\/wp-content\/uploads\/2025\/03\/contact-banner.png","datePublished":"2025-03-04T06:25:33+00:00","dateModified":"2026-04-06T08:34:45+00:00","description":"Contact VIZAL for custom illuminated signs, 3D letters, LED totems and branding solutions. Request a quote or speak with our team today.","breadcrumb":{"@id":"https:\/\/vizal.ro\/ro\/contact\/#breadcrumb"},"inLanguage":"ro-RO","potentialAction":[{"@type":"ReadAction","target":["https:\/\/vizal.ro\/ro\/contact\/"]}]},{"@type":"ImageObject","inLanguage":"ro-RO","@id":"https:\/\/vizal.ro\/ro\/contact\/#primaryimage","url":"https:\/\/vizal.ro\/wp-content\/uploads\/2025\/03\/contact-banner.png","contentUrl":"https:\/\/vizal.ro\/wp-content\/uploads\/2025\/03\/contact-banner.png","width":1800,"height":1052,"caption":"contact banner"},{"@type":"BreadcrumbList","@id":"https:\/\/vizal.ro\/ro\/contact\/#breadcrumb","itemListElement":[{"@type":"ListItem","position":1,"name":"Prima pagin\u0103","item":"https:\/\/vizal.ro\/ro\/"},{"@type":"ListItem","position":2,"name":"Contact"}]},{"@type":"WebSite","@id":"https:\/\/vizal.ro\/ro\/#website","url":"https:\/\/vizal.ro\/ro\/","name":"VIZAL","description":"Vizal","potentialAction":[{"@type":"SearchAction","target":{"@type":"EntryPoint","urlTemplate":"https:\/\/vizal.ro\/ro\/?s={search_term_string}"},"query-input":{"@type":"PropertyValueSpecification","valueRequired":true,"valueName":"search_term_string"}}],"inLanguage":"ro-RO"}]}},"featured_image_src":"https:\/\/vizal.ro\/wp-content\/uploads\/2025\/03\/contact-banner-600x400.png","featured_image_src_square":"https:\/\/vizal.ro\/wp-content\/uploads\/2025\/03\/contact-banner-600x600.png","_links":{"self":[{"href":"https:\/\/vizal.ro\/ro\/wp-json\/wp\/v2\/pages\/3078","targetHints":{"allow":["GET"]}}],"collection":[{"href":"https:\/\/vizal.ro\/ro\/wp-json\/wp\/v2\/pages"}],"about":[{"href":"https:\/\/vizal.ro\/ro\/wp-json\/wp\/v2\/types\/page"}],"author":[{"embeddable":true,"href":"https:\/\/vizal.ro\/ro\/wp-json\/wp\/v2\/users\/1"}],"replies":[{"embeddable":true,"href":"https:\/\/vizal.ro\/ro\/wp-json\/wp\/v2\/comments?post=3078"}],"version-history":[{"count":1,"href":"https:\/\/vizal.ro\/ro\/wp-json\/wp\/v2\/pages\/3078\/revisions"}],"predecessor-version":[{"id":3083,"href":"https:\/\/vizal.ro\/ro\/wp-json\/wp\/v2\/pages\/3078\/revisions\/3083"}],"wp:featuredmedia":[{"embeddable":true,"href":"https:\/\/vizal.ro\/ro\/wp-json\/wp\/v2\/media\/3082"}],"wp:attachment":[{"href":"https:\/\/vizal.ro\/ro\/wp-json\/wp\/v2\/media?parent=3078"}],"curies":[{"name":"wp","href":"https:\/\/api.w.org\/{rel}","templated":true}]}}