{"id":3441,"date":"2025-08-04T14:57:53","date_gmt":"2025-08-04T14:57:53","guid":{"rendered":"https:\/\/vizal.ro\/politique-de-cookies\/"},"modified":"2026-04-06T07:25:06","modified_gmt":"2026-04-06T07:25:06","slug":"politique-de-cookies","status":"publish","type":"page","link":"https:\/\/vizal.ro\/fr\/politique-de-cookies\/","title":{"rendered":"Politique de Cookies"},"content":{"rendered":"\n<div class=\"wp-block-group alignfull policy-page\"><div class=\"wp-block-group__inner-container is-layout-constrained wp-block-group-is-layout-constrained\">\n<div class=\"wp-block-columns alignfull wrap is-layout-flex wp-container-core-columns-is-layout-9d6595d7 wp-block-columns-is-layout-flex\">\n<div class=\"wp-block-column is-layout-flow wp-block-column-is-layout-flow\">\n<h1 class=\"wp-block-heading\">POLITIQUE RELATIVE \u00c0 L&rsquo;UTILISATION DES COOKIES<\/h1>\n\n\n\n<p><a href=\"https:\/\/vizal.ro\/fr\/\">https:\/\/vizal.ro\/<\/a><\/p>\n\n\n\n<p>Notre site utilise des \u00ab cookies \u00bb.<\/p>\n\n\n\n<p><br\/>Un \u00ab Cookie Internet \u00bb (\u00e9galement connu sous le nom de \u00ab cookie de navigateur \u00bb, \u00ab HTTPS cookie \u00bb ou simplement \u00ab cookie \u00bb) est un fichier de petite taille, compos\u00e9 de lettres et de chiffres, qui est enregistr\u00e9 sur l&rsquo;ordinateur, l&rsquo;appareil mobile ou tout autre \u00e9quipement utilis\u00e9 par un utilisateur pour acc\u00e9der \u00e0 Internet. Le cookie est install\u00e9 lorsqu&rsquo;un serveur web envoie une requ\u00eate au navigateur de l&rsquo;utilisateur (par exemple : Chrome ou Internet Explorer) et est enti\u00e8rement passif (il ne contient pas de programmes, de virus ou de logiciels espions et ne peut pas acc\u00e9der aux donn\u00e9es stock\u00e9es sur l&rsquo;appareil de l&rsquo;utilisateur). Un cookie est compos\u00e9 de deux \u00e9l\u00e9ments : son nom et sa valeur. De plus, chaque cookie a une dur\u00e9e de vie sp\u00e9cifique et, d&rsquo;un point de vue technique, seul le serveur web qui l&rsquo;a cr\u00e9\u00e9 peut le lire lorsque l&rsquo;utilisateur revient sur le site en question.   <\/p>\n\n\n\n<p>Nous utilisons des cookies n\u00e9cessaires, analytiques et de marketing. Les cookies n\u00e9cessaires sont essentiels au bon fonctionnement du site web. Ces cookies assurent les fonctionnalit\u00e9s de base et les caract\u00e9ristiques de s\u00e9curit\u00e9 du site, de mani\u00e8re anonyme. Les cookies analytiques sont utilis\u00e9s pour comprendre la fa\u00e7on dont les visiteurs interagissent avec le site web. Ces cookies aident \u00e0 fournir des informations sur le nombre de visiteurs, le taux de rebond, la source du trafic, etc. Les cookies de marketing sont utilis\u00e9s pour vous afficher du contenu publicitaire adapt\u00e9 \u00e0 vos int\u00e9r\u00eats et pour surveiller l&rsquo;efficacit\u00e9 des campagnes publicitaires. Ces cookies peuvent enregistrer vos visites sur d&rsquo;autres sites web et peuvent \u00eatre utilis\u00e9s pour cr\u00e9er un profil utilisateur bas\u00e9 sur votre comportement en ligne.        <\/p>\n\n\n\n<p>Notre site obtient toujours votre consentement actif pour les cookies analytiques et publicitaires.<\/p>\n\n\n\n<h2 class=\"wp-block-heading\">Comment pouvez-vous d\u00e9sactiver les cookies ?<\/h2>\n\n\n\n<p>Vous avez la possibilit\u00e9 de param\u00e9trer votre navigateur afin qu&rsquo;il refuse les cookies. Cependant, la d\u00e9sactivation et le refus de leur utilisation peuvent entra\u00eener des difficult\u00e9s dans l&rsquo;acc\u00e8s et l&rsquo;utilisation de certaines sections ou pages du site. <\/p>\n\n\n\n<p>Pour des informations suppl\u00e9mentaires sur la gestion et le contr\u00f4le des cookies, vous pouvez acc\u00e9der aux sites : <a href=\"http:\/\/www.allaboutcookies.org\">www.allaboutcookies.org<\/a> ou <a href=\"http:\/\/www.youronlinechoices.com\/ro\">www.youronlinechoices.com\/ro<\/a>.<\/p>\n\n\n\n<h2 class=\"wp-block-heading\">Sur notre site, les types de \u00ab cookies \u00bb suivants sont utilis\u00e9s.<\/h2>\n\n\n\n<figure class=\"wp-block-table is-style-regular\"><table><tbody><tr><td>Nom du cookie<\/td><td>Fournisseur<\/td><td>Finalit\u00e9<\/td><td>Dur\u00e9e<\/td><td>Type de cookie <\/td><\/tr><tr><td>_ga<\/td><td>Google Analytics<\/td><td>Utilis\u00e9 pour identifier et surveiller les utilisateurs uniques et analyser leur comportement sur le site.<\/td><td>2 ans<\/td><td>Analytique<\/td><\/tr><tr><td>_ga_0KT20KTGFN<\/td><td>Google Analytics<\/td><td>Utilis\u00e9 pour surveiller en d\u00e9tail les interactions des utilisateurs et les \u00e9v\u00e9nements sur le site, via Google Analytics 4.<\/td><td>2 ans<\/td><td>Analytique<\/td><\/tr><tr><td>_ga_4HCV2LFE13<\/td><td>Google Analytics<\/td><td>Similaire au cookie pr\u00e9c\u00e9dent, il collecte des informations d\u00e9taill\u00e9es sur l&rsquo;interaction et le comportement des utilisateurs sur le site (GA4).<\/td><td>2 ans<\/td><td>Analytique<\/td><\/tr><tr><td>_gcl_au<\/td><td>Google Ads<\/td><td>Utilis\u00e9 pour mesurer l&rsquo;efficacit\u00e9 des annonces affich\u00e9es via Google Ads et pour surveiller le comportement des utilisateurs expos\u00e9s aux annonces.<\/td><td>3 mois<\/td><td>Marketing<\/td><\/tr><tr><td>_gid<\/td><td>Google Analytics<\/td><td>Utilis\u00e9 pour distinguer les utilisateurs et surveiller leur comportement \u00e0 court terme (quotidiennement).<\/td><td>24 heures<\/td><td>Analytique<\/td><\/tr><tr><td>wpEmojiSettingsSupports<\/td><td>WordPress<\/td><td>Il ne s&rsquo;agit pas d&rsquo;un cookie \u00e0 proprement parler, mais d&rsquo;une variable JavaScript d\u00e9finie par WordPress pour v\u00e9rifier la prise en charge des emojis dans le navigateur de l&rsquo;utilisateur.<\/td><td>N\/A<\/td><td>Essentiel<\/td><\/tr><\/tbody><\/table><\/figure>\n<\/div>\n<\/div>\n<\/div><\/div>\n","protected":false},"excerpt":{"rendered":"<p>POLITIQUE RELATIVE \u00c0 L&rsquo;UTILISATION DES COOKIES https:\/\/vizal.ro\/ Notre site utilise des \u00ab cookies \u00bb. Un \u00ab Cookie Internet \u00bb (\u00e9galement connu sous le nom de \u00ab cookie de navigateur \u00bb, \u00ab HTTPS cookie \u00bb ou simplement \u00ab cookie \u00bb) est un fichier de petite taille, compos\u00e9 de lettres et de chiffres, qui est enregistr\u00e9 sur [&hellip;]<\/p>\n","protected":false},"author":1,"featured_media":0,"parent":0,"menu_order":0,"comment_status":"closed","ping_status":"closed","template":"","meta":{"_genesis_hide_title":false,"_genesis_hide_breadcrumbs":false,"_genesis_hide_singular_image":false,"_genesis_hide_footer_widgets":false,"_genesis_custom_body_class":"","_genesis_custom_post_class":"","_genesis_layout":"","footnotes":""},"class_list":{"0":"post-3441","1":"page","2":"type-page","3":"status-publish","5":"entry"},"yoast_head":"<!-- This site is optimized with the Yoast SEO Premium plugin v27.0 (Yoast SEO v27.4) - https:\/\/yoast.com\/product\/yoast-seo-premium-wordpress\/ -->\n<title>Politique de Cookies - VIZAL<\/title>\n<meta name=\"robots\" content=\"index, follow, max-snippet:-1, max-image-preview:large, max-video-preview:-1\" \/>\n<link rel=\"canonical\" href=\"https:\/\/vizal.ro\/fr\/politique-de-cookies\/\" \/>\n<meta property=\"og:locale\" content=\"fr_FR\" \/>\n<meta property=\"og:type\" content=\"article\" \/>\n<meta property=\"og:title\" content=\"Politique de Cookies\" \/>\n<meta property=\"og:description\" content=\"POLITIQUE RELATIVE \u00c0 L&rsquo;UTILISATION DES COOKIES https:\/\/vizal.ro\/ Notre site utilise des \u00ab cookies \u00bb. Un \u00ab Cookie Internet \u00bb (\u00e9galement connu sous le nom de \u00ab cookie de navigateur \u00bb, \u00ab HTTPS cookie \u00bb ou simplement \u00ab cookie \u00bb) est un fichier de petite taille, compos\u00e9 de lettres et de chiffres, qui est enregistr\u00e9 sur [&hellip;]\" \/>\n<meta property=\"og:url\" content=\"https:\/\/vizal.ro\/fr\/politique-de-cookies\/\" \/>\n<meta property=\"og:site_name\" content=\"VIZAL\" \/>\n<meta property=\"article:modified_time\" content=\"2026-04-06T07:25:06+00:00\" \/>\n<meta name=\"twitter:card\" content=\"summary_large_image\" \/>\n<meta name=\"twitter:label1\" content=\"Dur\u00e9e de lecture estim\u00e9e\" \/>\n\t<meta name=\"twitter:data1\" content=\"3 minutes\" \/>\n<script type=\"application\/ld+json\" class=\"yoast-schema-graph\">{\"@context\":\"https:\\\/\\\/schema.org\",\"@graph\":[{\"@type\":\"WebPage\",\"@id\":\"https:\\\/\\\/vizal.ro\\\/fr\\\/politique-de-cookies\\\/\",\"url\":\"https:\\\/\\\/vizal.ro\\\/fr\\\/politique-de-cookies\\\/\",\"name\":\"Politique de Cookies - VIZAL\",\"isPartOf\":{\"@id\":\"https:\\\/\\\/vizal.ro\\\/fr\\\/#website\"},\"datePublished\":\"2025-08-04T14:57:53+00:00\",\"dateModified\":\"2026-04-06T07:25:06+00:00\",\"breadcrumb\":{\"@id\":\"https:\\\/\\\/vizal.ro\\\/fr\\\/politique-de-cookies\\\/#breadcrumb\"},\"inLanguage\":\"fr-FR\",\"potentialAction\":[{\"@type\":\"ReadAction\",\"target\":[\"https:\\\/\\\/vizal.ro\\\/fr\\\/politique-de-cookies\\\/\"]}]},{\"@type\":\"BreadcrumbList\",\"@id\":\"https:\\\/\\\/vizal.ro\\\/fr\\\/politique-de-cookies\\\/#breadcrumb\",\"itemListElement\":[{\"@type\":\"ListItem\",\"position\":1,\"name\":\"Prima pagin\u0103\",\"item\":\"https:\\\/\\\/vizal.ro\\\/fr\\\/\"},{\"@type\":\"ListItem\",\"position\":2,\"name\":\"Politique de Cookies\"}]},{\"@type\":\"WebSite\",\"@id\":\"https:\\\/\\\/vizal.ro\\\/fr\\\/#website\",\"url\":\"https:\\\/\\\/vizal.ro\\\/fr\\\/\",\"name\":\"VIZAL\",\"description\":\"Vizal\",\"potentialAction\":[{\"@type\":\"SearchAction\",\"target\":{\"@type\":\"EntryPoint\",\"urlTemplate\":\"https:\\\/\\\/vizal.ro\\\/fr\\\/?s={search_term_string}\"},\"query-input\":{\"@type\":\"PropertyValueSpecification\",\"valueRequired\":true,\"valueName\":\"search_term_string\"}}],\"inLanguage\":\"fr-FR\"}]}<\/script>\n<!-- \/ Yoast SEO Premium plugin. -->","yoast_head_json":{"title":"Politique de Cookies - VIZAL","robots":{"index":"index","follow":"follow","max-snippet":"max-snippet:-1","max-image-preview":"max-image-preview:large","max-video-preview":"max-video-preview:-1"},"canonical":"https:\/\/vizal.ro\/fr\/politique-de-cookies\/","og_locale":"fr_FR","og_type":"article","og_title":"Politique de Cookies","og_description":"POLITIQUE RELATIVE \u00c0 L&rsquo;UTILISATION DES COOKIES https:\/\/vizal.ro\/ Notre site utilise des \u00ab cookies \u00bb. Un \u00ab Cookie Internet \u00bb (\u00e9galement connu sous le nom de \u00ab cookie de navigateur \u00bb, \u00ab HTTPS cookie \u00bb ou simplement \u00ab cookie \u00bb) est un fichier de petite taille, compos\u00e9 de lettres et de chiffres, qui est enregistr\u00e9 sur [&hellip;]","og_url":"https:\/\/vizal.ro\/fr\/politique-de-cookies\/","og_site_name":"VIZAL","article_modified_time":"2026-04-06T07:25:06+00:00","twitter_card":"summary_large_image","twitter_misc":{"Dur\u00e9e de lecture estim\u00e9e":"3 minutes"},"schema":{"@context":"https:\/\/schema.org","@graph":[{"@type":"WebPage","@id":"https:\/\/vizal.ro\/fr\/politique-de-cookies\/","url":"https:\/\/vizal.ro\/fr\/politique-de-cookies\/","name":"Politique de Cookies - VIZAL","isPartOf":{"@id":"https:\/\/vizal.ro\/fr\/#website"},"datePublished":"2025-08-04T14:57:53+00:00","dateModified":"2026-04-06T07:25:06+00:00","breadcrumb":{"@id":"https:\/\/vizal.ro\/fr\/politique-de-cookies\/#breadcrumb"},"inLanguage":"fr-FR","potentialAction":[{"@type":"ReadAction","target":["https:\/\/vizal.ro\/fr\/politique-de-cookies\/"]}]},{"@type":"BreadcrumbList","@id":"https:\/\/vizal.ro\/fr\/politique-de-cookies\/#breadcrumb","itemListElement":[{"@type":"ListItem","position":1,"name":"Prima pagin\u0103","item":"https:\/\/vizal.ro\/fr\/"},{"@type":"ListItem","position":2,"name":"Politique de Cookies"}]},{"@type":"WebSite","@id":"https:\/\/vizal.ro\/fr\/#website","url":"https:\/\/vizal.ro\/fr\/","name":"VIZAL","description":"Vizal","potentialAction":[{"@type":"SearchAction","target":{"@type":"EntryPoint","urlTemplate":"https:\/\/vizal.ro\/fr\/?s={search_term_string}"},"query-input":{"@type":"PropertyValueSpecification","valueRequired":true,"valueName":"search_term_string"}}],"inLanguage":"fr-FR"}]}},"featured_image_src":null,"featured_image_src_square":null,"_links":{"self":[{"href":"https:\/\/vizal.ro\/fr\/wp-json\/wp\/v2\/pages\/3441","targetHints":{"allow":["GET"]}}],"collection":[{"href":"https:\/\/vizal.ro\/fr\/wp-json\/wp\/v2\/pages"}],"about":[{"href":"https:\/\/vizal.ro\/fr\/wp-json\/wp\/v2\/types\/page"}],"author":[{"embeddable":true,"href":"https:\/\/vizal.ro\/fr\/wp-json\/wp\/v2\/users\/1"}],"replies":[{"embeddable":true,"href":"https:\/\/vizal.ro\/fr\/wp-json\/wp\/v2\/comments?post=3441"}],"version-history":[{"count":1,"href":"https:\/\/vizal.ro\/fr\/wp-json\/wp\/v2\/pages\/3441\/revisions"}],"predecessor-version":[{"id":3442,"href":"https:\/\/vizal.ro\/fr\/wp-json\/wp\/v2\/pages\/3441\/revisions\/3442"}],"wp:attachment":[{"href":"https:\/\/vizal.ro\/fr\/wp-json\/wp\/v2\/media?parent=3441"}],"curies":[{"name":"wp","href":"https:\/\/api.w.org\/{rel}","templated":true}]}}