{"id":3439,"date":"2025-08-04T14:57:21","date_gmt":"2025-08-04T14:57:21","guid":{"rendered":"https:\/\/vizal.ro\/note-dinformation-rgpd\/"},"modified":"2026-04-06T07:16:55","modified_gmt":"2026-04-06T07:16:55","slug":"note-dinformation-rgpd","status":"publish","type":"page","link":"https:\/\/vizal.ro\/fr\/note-dinformation-rgpd\/","title":{"rendered":"Note d&rsquo;Information RGPD"},"content":{"rendered":"\n<div class=\"wp-block-group alignfull policy-page\"><div class=\"wp-block-group__inner-container is-layout-constrained wp-block-group-is-layout-constrained\">\n<div class=\"wp-block-columns alignfull wrap is-layout-flex wp-container-core-columns-is-layout-9d6595d7 wp-block-columns-is-layout-flex\">\n<div class=\"wp-block-column is-layout-flow wp-block-column-is-layout-flow\">\n<h1 class=\"wp-block-heading\">Note d&rsquo;Information RGPD<\/h1>\n\n\n\n<p>La confidentialit\u00e9 de vos donn\u00e9es personnelles est une priorit\u00e9 pour nous. C&rsquo;est pourquoi nous nous engageons \u00e0 vous fournir des informations claires, transparentes et faciles \u00e0 comprendre sur la fa\u00e7on dont nous traitons vos donn\u00e9es, conform\u00e9ment au R\u00e8glement (UE) 2016\/679 (\u00ab RGPD \u00bb). Cette Note d&rsquo;Information d\u00e9crit la mani\u00e8re dont SC VIZAL SRL (\u00ab nous \u00bb, \u00ab notre \u00bb ou \u00ab la Soci\u00e9t\u00e9 \u00bb), en tant que responsable du traitement des donn\u00e9es, traite vos donn\u00e9es personnelles via le site web <strong><a href=\"https:\/\/vizal.ro\/fr\/\">https:\/\/vizal.ro\/.<\/a><\/strong> Cette note d&rsquo;information explique comment les donn\u00e9es personnelles sont trait\u00e9es via le site web <a href=\"https:\/\/vizal.ro\/fr\/\">https:\/\/vizal.ro\/<\/a>, quelle que soit votre qualit\u00e9 \u2013 clients, clients potentiels et visiteurs \u2013 et ne couvre pas le traitement des donn\u00e9es dans le cadre de la relation avocat-client, ce traitement \u00e9tant expliqu\u00e9 au client lors de la conclusion du contrat d&rsquo;assistance juridique.    <\/p>\n\n\n\n<h2 class=\"wp-block-heading\">Autres Sites et Services<\/h2>\n\n\n\n<p>Cette Politique de confidentialit\u00e9 ne couvre pas les applications et les sites de tiers auxquels vous pouvez acc\u00e9der en cliquant sur les liens de notre site. Cela d\u00e9passe notre contr\u00f4le. Nous vous encourageons \u00e0 consulter la Politique de confidentialit\u00e9 de tout site et\/ou application avant de fournir des donn\u00e9es personnelles.  <\/p>\n\n\n\n<h2 class=\"wp-block-heading\">L&rsquo;Identit\u00e9 et les Coordonn\u00e9es du Responsable du Traitement<\/h2>\n\n\n\n<p>D\u00e9nomination : SC VIZAL SRL<\/p>\n\n\n\n<p>Si\u00e8ge social : rue Ionescu Danil n\u00b06A, R\u00e2mnicu V\u00e2lcea, d\u00e9partement de V\u00e2lcea <\/p>\n\n\n\n<p><strong>CUI:<\/strong> RO14885450<\/p>\n\n\n\n<p>Enregistr\u00e9e au Registre du Commerce sous le n\u00b0 : J38\/413\/2002<\/p>\n\n\n\n<p><strong>E-mail: <\/strong>ana.iordache@vizal.ro<\/p>\n\n\n\n<p>T\u00e9l\u00e9phone : 0765 683 654<\/p>\n\n\n\n<h2 class=\"wp-block-heading\"><strong>Donn\u00e9es Personnelles Trait\u00e9es. Finalit\u00e9s. Bases L\u00e9gales  <\/strong><\/h2>\n\n\n\n<p>Le tableau suivant explique quelles donn\u00e9es personnelles nous traitons via notre site web, les finalit\u00e9s et les bases l\u00e9gales. <\/p>\n\n\n\n<figure class=\"wp-block-table\"><table class=\"has-fixed-layout\"><tbody><tr><td><strong>Donn\u00e9es Personnelles Trait\u00e9es*<\/strong> <strong> <\/strong><\/td><td><strong>Finalit\u00e9\/Finalit\u00e9s*<\/strong><\/td><td><strong>Base\/Bases L\u00e9gales<\/strong><\/td><\/tr><tr><td>Nom et Pr\u00e9nom \u2014 Intitul\u00e9 du Poste \u2014 Pays \u2014 Nom de l&rsquo;Entreprise <strong> <\/strong><\/td><td>Pour l&rsquo;identification de la personne \u2014 Pour la pr\u00e9vention des fraudes <\/td><td>Art. 6 par. (1) lit. b) RGPD \u2013 les donn\u00e9es sont n\u00e9cessaires \u00e0 l&rsquo;ex\u00e9cution du contrat ou \u00e0 la r\u00e9alisation de d\u00e9marches \u00e0 la demande de la personne avant la conclusion d&rsquo;un contrat  <\/td><\/tr><tr><td><strong>E-mail<\/strong> <strong> <\/strong><\/td><td>La communication avec vous en vue de la discussion des objectifs du projet et de la r\u00e9alisation de mesures pr\u00e9alables \u00e0 la conclusion d un contrat  <\/td><td>Art. 6 par. (1) lit. b) RGPD \u2013 les donn\u00e9es sont n\u00e9cessaires \u00e0 l&rsquo;ex\u00e9cution du contrat ou \u00e0 la r\u00e9alisation de d\u00e9marches \u00e0 la demande de la personne avant la conclusion d&rsquo;un contrat   <\/td><\/tr><tr><td><strong>Le contenu des messages \u00e9lectroniques et les d\u00e9tails relatifs au dossier ou au projet<\/strong><strong><\/strong><\/td><td>L&rsquo;analyse de la demande en vue de la conclusion d&rsquo;un contrat<\/td><td>Art. 6 par. (1) lit. b) RGPD \u2013 les donn\u00e9es sont n\u00e9cessaires \u00e0 l&rsquo;ex\u00e9cution du contrat ou \u00e0 la r\u00e9alisation de d\u00e9marches \u00e0 la demande de la personne avant la conclusion d&rsquo;un contrat   <\/td><\/tr><tr><td><strong>L&rsquo;adresse IP<\/strong> <strong> <\/strong><\/td><td>Pour nous d\u00e9fendre contre les cyberattaques \u2014 Pour la pr\u00e9vention des fraudes \u2014 Pour le fonctionnement du r\u00e9seau  <\/td><td>Int\u00e9r\u00eat l\u00e9gitime \u2014 Art. 6 (1) lit. f) RGPD  <\/td><\/tr><\/tbody><\/table><\/figure>\n\n\n\n<p>Les donn\u00e9es ne seront pas trait\u00e9es \u00e0 d&rsquo;autres fins que celles communiqu\u00e9es \u00e0 la personne concern\u00e9e.<\/p>\n\n\n\n<h2 class=\"wp-block-heading\">Justification de l&rsquo;Int\u00e9r\u00eat L\u00e9gitime pour le Traitement de l&rsquo;Adresse IP<\/h2>\n\n\n\n<p>Le traitement de l&rsquo;adresse IP est justifi\u00e9 par notre int\u00e9r\u00eat l\u00e9gitime \u00e0 assurer la s\u00e9curit\u00e9 du site et \u00e0 nous d\u00e9fendre contre les cyberattaques et les tentatives de fraude, mesure essentielle pour la protection des donn\u00e9es personnelles des visiteurs et pour l&rsquo;int\u00e9grit\u00e9 des services offerts. De m\u00eame, la collecte de cette donn\u00e9e est n\u00e9cessaire au bon fonctionnement technique et \u00e0 la gestion efficace du r\u00e9seau, garantissant ainsi une exp\u00e9rience s\u00fbre et stable aux utilisateurs de notre site. L&rsquo;int\u00e9r\u00eat l\u00e9gitime pr\u00e9vaut car la n\u00e9cessit\u00e9 d&rsquo;assurer la s\u00e9curit\u00e9 de l&rsquo;infrastructure informatique et de pr\u00e9venir la fraude cybern\u00e9tique est essentielle tant pour la protection des donn\u00e9es personnelles des utilisateurs du site que pour garantir l&rsquo;int\u00e9grit\u00e9 et la disponibilit\u00e9 des services offerts. Les risques associ\u00e9s au traitement de l&rsquo;adresse IP sont minimes pour l&rsquo;utilisateur, \u00e9tant donn\u00e9 que le traitement se limite strictement \u00e0 des fins de s\u00e9curit\u00e9, sans impliquer de traitements suppl\u00e9mentaires.   <\/p>\n\n\n\n<h2 class=\"wp-block-heading\">Source des Donn\u00e9es<\/h2>\n\n\n\n<p>La plupart des donn\u00e9es personnelles sont collect\u00e9es directement aupr\u00e8s de vous (par exemple, en remplissant un formulaire sur le site). \u00c0 titre exceptionnel, les donn\u00e9es techniques telles que l&rsquo;adresse IP sont collect\u00e9es automatiquement, indirectement, par les syst\u00e8mes informatiques, lorsque vous acc\u00e9dez et naviguez sur notre site web, \u00e9tant g\u00e9n\u00e9r\u00e9es et transmises automatiquement par l&rsquo;appareil ou le navigateur que vous utilisez. <\/p>\n\n\n\n<h2 class=\"wp-block-heading\">Que se passe-t-il si vous ne nous fournissez pas vos donn\u00e9es ?<\/h2>\n\n\n\n<p>Si vous ne nous fournissez pas les donn\u00e9es personnelles demand\u00e9es, nous ne pourrons pas prendre en charge et analyser votre demande et, par cons\u00e9quent, nous ne pourrons pas vous offrir les services dont vous avez besoin. Dans le cas des donn\u00e9es techniques (telles que l&rsquo;adresse IP), il n&rsquo;est pas possible de ne pas les fournir si vous utilisez notre site, car elles sont collect\u00e9es automatiquement. En ce qui concerne les cookies et autres modules similaires, le stockage des cookies non n\u00e9cessaires n&rsquo;est effectu\u00e9 qu&rsquo;avec votre consentement.  <\/p>\n\n\n\n<h2 class=\"wp-block-heading\">Cookies et Autres Technologies Similaires <\/h2>\n\n\n\n<p>Notre site utilise des cookies pour vous offrir une exp\u00e9rience de navigation optimis\u00e9e et personnalis\u00e9e, ainsi que pour l&rsquo;analyse des performances et le fonctionnement du site. Vous pouvez g\u00e9rer vos pr\u00e9f\u00e9rences en mati\u00e8re de cookies directement depuis les param\u00e8tres de votre navigateur. <a><\/a><a href=\"https:\/\/vizal.ro\/politica-cookies\/\">Pour plus de d\u00e9tails sur la fa\u00e7on dont nous utilisons les cookies et vos droits, nous vous invitons \u00e0 consulter notre Politique d&rsquo;utilisation des cookies<\/a>.   <\/p>\n\n\n\n<h2 class=\"wp-block-heading\">Dur\u00e9e de Conservation des Donn\u00e9es<\/h2>\n\n\n\n<p>Nous conservons vos donn\u00e9es personnelles uniquement pendant la dur\u00e9e n\u00e9cessaire \u00e0 l&rsquo;accomplissement des finalit\u00e9s. <\/p>\n\n\n\n<p>Si vous concluez un contrat avec Vizal SRL, nous conservons les donn\u00e9es pendant la dur\u00e9e n\u00e9cessaire \u00e0 la fourniture des services, et pour une p\u00e9riode maximale de 10 ans \u00e0 compter de la fin de la relation contractuelle. La conservation des donn\u00e9es pendant cette p\u00e9riode est n\u00e9cessaire en cas d&rsquo;enqu\u00eate de la part d&rsquo;un organe judiciaire ou pour le respect de la dur\u00e9e de conservation conform\u00e9ment \u00e0 la l\u00e9gislation fiscale.  <\/p>\n\n\n\n<p>Si vous ne concluez pas de contrat avec Vizal SRL, vos donn\u00e9es sont conserv\u00e9es pour une p\u00e9riode maximale de six mois. <\/p>\n\n\n\n<h2 class=\"wp-block-heading\">Destinataires des Donn\u00e9es<\/h2>\n\n\n\n<p>Vos donn\u00e9es peuvent \u00eatre communiqu\u00e9es \u00e0 des tiers uniquement dans la mesure strictement n\u00e9cessaire \u00e0 l&rsquo;accomplissement des finalit\u00e9s mentionn\u00e9es ou dans les cas express\u00e9ment pr\u00e9vus par la loi.<\/p>\n\n\n\n<p>Vos donn\u00e9es peuvent \u00eatre divulgu\u00e9es \u00e0 :<\/p>\n\n\n\n<ul class=\"wp-block-list\">\n<li>Prestataires de services (sous-traitants) : (ex : fournisseur d&rsquo;h\u00e9bergement web, fournisseur de messagerie \u00e9lectronique, fournisseurs de services de messagerie instantan\u00e9e)<\/li>\n\n\n\n<li>Autorit\u00e9s publiques, tribunaux, organes d&rsquo;enqu\u00eate p\u00e9nale<\/li>\n\n\n\n<li>Avocats collaborateurs, dans les conditions de la l\u00e9gislation relative \u00e0 l&rsquo;exercice de la profession d&rsquo;avocat et avec votre accord et information pr\u00e9alable. <\/li>\n<\/ul>\n\n\n\n<h2 class=\"wp-block-heading\">Transferts Internationaux<\/h2>\n\n\n\n<p>Dans le cadre de l&rsquo;activit\u00e9 de Vizal SRL, certaines donn\u00e9es personnelles peuvent \u00eatre transf\u00e9r\u00e9es en dehors de l&rsquo;Espace \u00c9conomique Europ\u00e9en (EEE), notamment vers les \u00c9tats-Unis, dans le cadre de l&rsquo;utilisation des services de communication \u00e9lectronique fournis via l&rsquo;application WhatsApp (Meta Platforms Inc.) et le service de messagerie Gmail (Google LLC).<\/p>\n\n\n\n<p>Ainsi, Meta Platforms Inc. (qui exploite l&rsquo;application WhatsApp) et Google LLC (qui fournit le service Gmail) sont des entit\u00e9s situ\u00e9es aux \u00c9tats-Unis d&rsquo;Am\u00e9rique. Le transfert de donn\u00e9es vers ces soci\u00e9t\u00e9s peut impliquer la transmission de vos donn\u00e9es personnelles aux \u00c9tats-Unis, pays pour lequel la Commission Europ\u00e9enne a adopt\u00e9 un cadre juridique sp\u00e9cial d\u00e9nomm\u00e9 \u00ab EU-US Data Privacy Framework \u00bb, qui assure un niveau de protection ad\u00e9quat des donn\u00e9es personnelles. <\/p>\n\n\n\n<p>Ces transferts sont effectu\u00e9s sur la base de l&rsquo;art. 45 du RGPD, qui pr\u00e9voit la possibilit\u00e9 de transfert de donn\u00e9es personnelles vers des pays assurant un niveau de protection ad\u00e9quat, conform\u00e9ment \u00e0 la d\u00e9cision de la Commission Europ\u00e9enne du 10 juillet 2023 relative au EU-US Data Privacy Framework.<\/p>\n\n\n\n<p>Pour plus de d\u00e9tails concernant les garanties applicables au transfert de donn\u00e9es vers Meta Platforms Inc. (WhatsApp) et Google LLC (Gmail), nous vous recommandons de consulter les politiques de confidentialit\u00e9 de ces fournisseurs :<\/p>\n\n\n\n<ul class=\"wp-block-list\">\n<li>WhatsApp : <a href=\"https:\/\/www.whatsapp.com\/legal\/privacy-policy-eea\"><strong>https:\/\/www.whatsapp.com\/legal\/privacy-policy-eea<\/strong><\/a><\/li>\n\n\n\n<li><strong>Google (Gmail)<\/strong>: <a href=\"https:\/\/policies.google.com\/privacy?hl=ro\">https:\/\/policies.google.com\/privacy?hl=ro<\/a><\/li>\n<\/ul>\n\n\n\n<h2 class=\"wp-block-heading\">Profilage et D\u00e9cisions Automatis\u00e9es<\/h2>\n\n\n\n<p>Nous ne prenons pas de d\u00e9cisions automatis\u00e9es ayant un effet juridique ou un impact significatif sur vous.<\/p>\n\n\n\n<h2 class=\"wp-block-heading\">Vos Droits<\/h2>\n\n\n\n<p>Vos droits conform\u00e9ment au RGPD sont les suivants : <\/p>\n\n\n\n<p>(a) Le droit d&rsquo;\u00eatre inform\u00e9 sur le traitement de vos donn\u00e9es.<\/p>\n\n\n\n<p>(b) Le droit d&rsquo;acc\u00e8s aux donn\u00e9es. Vous pouvez demander une copie des donn\u00e9es personnelles que nous traitons vous concernant. <\/p>\n\n\n\n<p>(c) Le droit de rectifier les donn\u00e9es inexactes ou incompl\u00e8tes. Vous avez le droit d&rsquo;obtenir de notre part, sans d\u00e9lai injustifi\u00e9, la rectification des donn\u00e9es personnelles inexactes vous concernant. <\/p>\n\n\n\n<p>(d) Le droit \u00e0 l&rsquo;effacement (\u00ab droit \u00e0 l&rsquo;oubli \u00bb). Dans les situations pr\u00e9vues \u00e0 l&rsquo;art. 17 du RGPD, vous avez le droit de demander et d&rsquo;obtenir l&rsquo;effacement de vos donn\u00e9es personnelles. <\/p>\n\n\n\n<p>(e) Le droit \u00e0 la limitation du traitement. Dans les cas pr\u00e9vus \u00e0 l&rsquo;art. 18 du RGPD, vous avez le droit de demander et d&rsquo;obtenir la limitation du traitement. <\/p>\n\n\n\n<p>(f) Le droit de transmettre les donn\u00e9es que nous d\u00e9tenons vous concernant \u00e0 un autre responsable du traitement (\u00ab droit \u00e0 la portabilit\u00e9 \u00bb). <\/p>\n\n\n\n<p>(g) Le droit de vous opposer au traitement des donn\u00e9es. Dans les cas pr\u00e9vus \u00e0 l&rsquo;art. 21 du RGPD, vous avez le droit de vous opposer au traitement des donn\u00e9es. <\/p>\n\n\n\n<p>(h) Le droit de ne pas faire l&rsquo;objet d&rsquo;une d\u00e9cision bas\u00e9e exclusivement sur un traitement automatis\u00e9, y compris le profilage produisant des effets juridiques ou des effets significatifs similaires vous concernant.<\/p>\n\n\n\n<p>(i) Le droit de saisir la justice pour la d\u00e9fense de vos droits et int\u00e9r\u00eats.<\/p>\n\n\n\n<p>(j) Le droit de d\u00e9poser une plainte aupr\u00e8s d&rsquo;une Autorit\u00e9 de Contr\u00f4le.<\/p>\n\n\n\n<figure class=\"wp-block-table is-style-regular\"><table><tbody><tr><td>Nom<\/td><td>Autorit\u00e9 Nationale de Surveillance du Traitement des Donn\u00e9es \u00e0 Caract\u00e8re Personnel<\/td><\/tr><tr><td>Adresse<\/td><td>B-dul G-ral. Gheorghe Magheru nr. 28-30, Sector 1, cod po\u0219tal 010336, Bucure\u0219ti, Rom\u00e2nia<\/td><\/tr><tr><td>T\u00e9l\u00e9phone :<\/td><td>+40.318.059.211 &amp; +40.318.059.212<\/td><\/tr><tr><td>E-mail<\/td><td>anspdcp@dataprotection.ro<\/td><\/tr><\/tbody><\/table><\/figure>\n\n\n\n<p>(k) Le droit de retirer votre consentement, lorsque le traitement est bas\u00e9 sur le consentement. Pour la gestion du consentement pour les cookies et autres modules similaires, nous vous invitons \u00e0 consulter notre <a href=\"https:\/\/vizal.ro\/politica-cookies\/\">Politique d&rsquo;utilisation des cookies<\/a>.<a><\/a><a href=\"#_msocom_1\"> [RS1]<\/a>  <\/p>\n\n\n\n<p><strong><u>Veuillez noter que :<\/u><\/strong><\/p>\n\n\n\n<p>(1) Si vous souhaitez exercer vos droits, vous pouvez le faire en envoyant une demande \u00e9crite, sign\u00e9e et dat\u00e9e \u00e0 l&rsquo;adresse e-mail : <strong>ana.iordache@vizal.ro<\/strong>.<\/p>\n\n\n\n<p>(2) Les droits \u00e9num\u00e9r\u00e9s ci-dessus ne sont pas absolus. Il existe des exceptions, c&rsquo;est pourquoi chaque demande re\u00e7ue sera analys\u00e9e afin de d\u00e9cider si elle est fond\u00e9e ou non. Dans la mesure o\u00f9 la demande est fond\u00e9e, nous vous faciliterons l&rsquo;exercice de vos droits. Si la demande n&rsquo;est pas fond\u00e9e, nous la rejetterons, mais nous vous informerons des motifs du refus et de vos droits de d\u00e9poser une plainte aupr\u00e8s de l&rsquo;Autorit\u00e9 de Contr\u00f4le et de saisir la justice.   <\/p>\n\n\n\n<p>(3) Nous nous efforcerons de r\u00e9pondre \u00e0 votre demande dans un d\u00e9lai d&rsquo;un mois. Toutefois, ce d\u00e9lai peut \u00eatre prolong\u00e9 en fonction de diff\u00e9rents aspects, tels que la complexit\u00e9 de la demande, le nombre \u00e9lev\u00e9 de demandes re\u00e7ues ou l&rsquo;impossibilit\u00e9 de vous identifier dans un d\u00e9lai utile. <\/p>\n\n\n\n<p>(4) Si, malgr\u00e9 tous nos efforts, nous ne parvenons pas \u00e0 vous identifier et que vous ne nous fournissez pas d&rsquo;informations suppl\u00e9mentaires pour nous permettre de vous identifier, nous ne sommes pas tenus de donner suite \u00e0 votre demande. <\/p>\n\n\n\n<h2 class=\"wp-block-heading\">Mises \u00e0 Jour de la Note d&rsquo;Information<\/h2>\n\n\n\n<p>Cette Note d&rsquo;Information peut \u00eatre mise \u00e0 jour p\u00e9riodiquement. Toute modification sera publi\u00e9e sur cette page. Nous vous encourageons \u00e0 consulter r\u00e9guli\u00e8rement cette section afin d&rsquo;\u00eatre inform\u00e9 de toute modification.  <\/p>\n\n\n\n<p>Pour toute autre information, vous pouvez nous contacter \u00e0 l&rsquo;adresse ana.iordache@vizal.ro.<\/p>\n\n\n\n<p>Derni\u00e8re mise \u00e0 jour : 22 juillet 2025<\/p>\n<\/div>\n<\/div>\n<\/div><\/div>\n","protected":false},"excerpt":{"rendered":"<p>Note d&rsquo;Information RGPD La confidentialit\u00e9 de vos donn\u00e9es personnelles est une priorit\u00e9 pour nous. C&rsquo;est pourquoi nous nous engageons \u00e0 vous fournir des informations claires, transparentes et faciles \u00e0 comprendre sur la fa\u00e7on dont nous traitons vos donn\u00e9es, conform\u00e9ment au R\u00e8glement (UE) 2016\/679 (\u00ab RGPD \u00bb). Cette Note d&rsquo;Information d\u00e9crit la mani\u00e8re dont SC VIZAL [&hellip;]<\/p>\n","protected":false},"author":1,"featured_media":0,"parent":0,"menu_order":0,"comment_status":"closed","ping_status":"closed","template":"","meta":{"_genesis_hide_title":false,"_genesis_hide_breadcrumbs":false,"_genesis_hide_singular_image":false,"_genesis_hide_footer_widgets":false,"_genesis_custom_body_class":"","_genesis_custom_post_class":"","_genesis_layout":"","footnotes":""},"class_list":{"0":"post-3439","1":"page","2":"type-page","3":"status-publish","5":"entry"},"yoast_head":"<!-- This site is optimized with the Yoast SEO Premium plugin v27.0 (Yoast SEO v27.4) - https:\/\/yoast.com\/product\/yoast-seo-premium-wordpress\/ -->\n<title>Note d&#039;Information RGPD - VIZAL<\/title>\n<meta name=\"robots\" content=\"index, follow, max-snippet:-1, max-image-preview:large, max-video-preview:-1\" \/>\n<link rel=\"canonical\" href=\"https:\/\/vizal.ro\/fr\/note-dinformation-rgpd\/\" \/>\n<meta property=\"og:locale\" content=\"fr_FR\" \/>\n<meta property=\"og:type\" content=\"article\" \/>\n<meta property=\"og:title\" content=\"Note d&#039;Information RGPD\" \/>\n<meta property=\"og:description\" content=\"Note d&rsquo;Information RGPD La confidentialit\u00e9 de vos donn\u00e9es personnelles est une priorit\u00e9 pour nous. C&rsquo;est pourquoi nous nous engageons \u00e0 vous fournir des informations claires, transparentes et faciles \u00e0 comprendre sur la fa\u00e7on dont nous traitons vos donn\u00e9es, conform\u00e9ment au R\u00e8glement (UE) 2016\/679 (\u00ab RGPD \u00bb). Cette Note d&rsquo;Information d\u00e9crit la mani\u00e8re dont SC VIZAL [&hellip;]\" \/>\n<meta property=\"og:url\" content=\"https:\/\/vizal.ro\/fr\/note-dinformation-rgpd\/\" \/>\n<meta property=\"og:site_name\" content=\"VIZAL\" \/>\n<meta property=\"article:modified_time\" content=\"2026-04-06T07:16:55+00:00\" \/>\n<meta name=\"twitter:card\" content=\"summary_large_image\" \/>\n<meta name=\"twitter:label1\" content=\"Dur\u00e9e de lecture estim\u00e9e\" \/>\n\t<meta name=\"twitter:data1\" content=\"10 minutes\" \/>\n<script type=\"application\/ld+json\" class=\"yoast-schema-graph\">{\"@context\":\"https:\\\/\\\/schema.org\",\"@graph\":[{\"@type\":\"WebPage\",\"@id\":\"https:\\\/\\\/vizal.ro\\\/fr\\\/note-dinformation-rgpd\\\/\",\"url\":\"https:\\\/\\\/vizal.ro\\\/fr\\\/note-dinformation-rgpd\\\/\",\"name\":\"Note d'Information RGPD - VIZAL\",\"isPartOf\":{\"@id\":\"https:\\\/\\\/vizal.ro\\\/fr\\\/#website\"},\"datePublished\":\"2025-08-04T14:57:21+00:00\",\"dateModified\":\"2026-04-06T07:16:55+00:00\",\"breadcrumb\":{\"@id\":\"https:\\\/\\\/vizal.ro\\\/fr\\\/note-dinformation-rgpd\\\/#breadcrumb\"},\"inLanguage\":\"fr-FR\",\"potentialAction\":[{\"@type\":\"ReadAction\",\"target\":[\"https:\\\/\\\/vizal.ro\\\/fr\\\/note-dinformation-rgpd\\\/\"]}]},{\"@type\":\"BreadcrumbList\",\"@id\":\"https:\\\/\\\/vizal.ro\\\/fr\\\/note-dinformation-rgpd\\\/#breadcrumb\",\"itemListElement\":[{\"@type\":\"ListItem\",\"position\":1,\"name\":\"Prima pagin\u0103\",\"item\":\"https:\\\/\\\/vizal.ro\\\/fr\\\/\"},{\"@type\":\"ListItem\",\"position\":2,\"name\":\"Note d&rsquo;Information RGPD\"}]},{\"@type\":\"WebSite\",\"@id\":\"https:\\\/\\\/vizal.ro\\\/fr\\\/#website\",\"url\":\"https:\\\/\\\/vizal.ro\\\/fr\\\/\",\"name\":\"VIZAL\",\"description\":\"Vizal\",\"potentialAction\":[{\"@type\":\"SearchAction\",\"target\":{\"@type\":\"EntryPoint\",\"urlTemplate\":\"https:\\\/\\\/vizal.ro\\\/fr\\\/?s={search_term_string}\"},\"query-input\":{\"@type\":\"PropertyValueSpecification\",\"valueRequired\":true,\"valueName\":\"search_term_string\"}}],\"inLanguage\":\"fr-FR\"}]}<\/script>\n<!-- \/ Yoast SEO Premium plugin. -->","yoast_head_json":{"title":"Note d'Information RGPD - VIZAL","robots":{"index":"index","follow":"follow","max-snippet":"max-snippet:-1","max-image-preview":"max-image-preview:large","max-video-preview":"max-video-preview:-1"},"canonical":"https:\/\/vizal.ro\/fr\/note-dinformation-rgpd\/","og_locale":"fr_FR","og_type":"article","og_title":"Note d'Information RGPD","og_description":"Note d&rsquo;Information RGPD La confidentialit\u00e9 de vos donn\u00e9es personnelles est une priorit\u00e9 pour nous. C&rsquo;est pourquoi nous nous engageons \u00e0 vous fournir des informations claires, transparentes et faciles \u00e0 comprendre sur la fa\u00e7on dont nous traitons vos donn\u00e9es, conform\u00e9ment au R\u00e8glement (UE) 2016\/679 (\u00ab RGPD \u00bb). Cette Note d&rsquo;Information d\u00e9crit la mani\u00e8re dont SC VIZAL [&hellip;]","og_url":"https:\/\/vizal.ro\/fr\/note-dinformation-rgpd\/","og_site_name":"VIZAL","article_modified_time":"2026-04-06T07:16:55+00:00","twitter_card":"summary_large_image","twitter_misc":{"Dur\u00e9e de lecture estim\u00e9e":"10 minutes"},"schema":{"@context":"https:\/\/schema.org","@graph":[{"@type":"WebPage","@id":"https:\/\/vizal.ro\/fr\/note-dinformation-rgpd\/","url":"https:\/\/vizal.ro\/fr\/note-dinformation-rgpd\/","name":"Note d'Information RGPD - VIZAL","isPartOf":{"@id":"https:\/\/vizal.ro\/fr\/#website"},"datePublished":"2025-08-04T14:57:21+00:00","dateModified":"2026-04-06T07:16:55+00:00","breadcrumb":{"@id":"https:\/\/vizal.ro\/fr\/note-dinformation-rgpd\/#breadcrumb"},"inLanguage":"fr-FR","potentialAction":[{"@type":"ReadAction","target":["https:\/\/vizal.ro\/fr\/note-dinformation-rgpd\/"]}]},{"@type":"BreadcrumbList","@id":"https:\/\/vizal.ro\/fr\/note-dinformation-rgpd\/#breadcrumb","itemListElement":[{"@type":"ListItem","position":1,"name":"Prima pagin\u0103","item":"https:\/\/vizal.ro\/fr\/"},{"@type":"ListItem","position":2,"name":"Note d&rsquo;Information RGPD"}]},{"@type":"WebSite","@id":"https:\/\/vizal.ro\/fr\/#website","url":"https:\/\/vizal.ro\/fr\/","name":"VIZAL","description":"Vizal","potentialAction":[{"@type":"SearchAction","target":{"@type":"EntryPoint","urlTemplate":"https:\/\/vizal.ro\/fr\/?s={search_term_string}"},"query-input":{"@type":"PropertyValueSpecification","valueRequired":true,"valueName":"search_term_string"}}],"inLanguage":"fr-FR"}]}},"featured_image_src":null,"featured_image_src_square":null,"_links":{"self":[{"href":"https:\/\/vizal.ro\/fr\/wp-json\/wp\/v2\/pages\/3439","targetHints":{"allow":["GET"]}}],"collection":[{"href":"https:\/\/vizal.ro\/fr\/wp-json\/wp\/v2\/pages"}],"about":[{"href":"https:\/\/vizal.ro\/fr\/wp-json\/wp\/v2\/types\/page"}],"author":[{"embeddable":true,"href":"https:\/\/vizal.ro\/fr\/wp-json\/wp\/v2\/users\/1"}],"replies":[{"embeddable":true,"href":"https:\/\/vizal.ro\/fr\/wp-json\/wp\/v2\/comments?post=3439"}],"version-history":[{"count":1,"href":"https:\/\/vizal.ro\/fr\/wp-json\/wp\/v2\/pages\/3439\/revisions"}],"predecessor-version":[{"id":3440,"href":"https:\/\/vizal.ro\/fr\/wp-json\/wp\/v2\/pages\/3439\/revisions\/3440"}],"wp:attachment":[{"href":"https:\/\/vizal.ro\/fr\/wp-json\/wp\/v2\/media?parent=3439"}],"curies":[{"name":"wp","href":"https:\/\/api.w.org\/{rel}","templated":true}]}}