{"id":3395,"date":"2025-03-04T06:25:33","date_gmt":"2025-03-04T06:25:33","guid":{"rendered":"https:\/\/vizal.ro\/blog\/"},"modified":"2026-04-06T06:26:53","modified_gmt":"2026-04-06T06:26:53","slug":"blog","status":"publish","type":"page","link":"https:\/\/vizal.ro\/fr\/blog\/","title":{"rendered":"Blog"},"content":{"rendered":"\n<div class=\"wp-block-group pg-bnr wrapper newsroom-pg-bnr\"><div class=\"wp-block-group__inner-container is-layout-constrained wp-block-group-is-layout-constrained\">\n<div class=\"wp-block-columns wrapper is-layout-flex wp-container-core-columns-is-layout-9d6595d7 wp-block-columns-is-layout-flex\">\n<div class=\"wp-block-column is-layout-flow wp-block-column-is-layout-flow\">\n<h1 class=\"wp-block-heading\" id=\"h-newsroom\"><mark style=\"background-color:rgba(0, 0, 0, 0);color:#fffefe\" class=\"has-inline-color\">BLOG<\/mark><\/h1>\n\n\n\n<h2 class=\"wp-block-heading\" id=\"h-insightful-news-real-time-impact\">Actualit\u00e9s pertinentes,<br\/>impact en temps r\u00e9el<\/h2>\n<\/div>\n<\/div>\n<\/div><\/div>\n\n<div class=\"wp-block-group newsroom-pg-section-two\"><div class=\"wp-block-group__inner-container is-layout-constrained wp-block-group-is-layout-constrained\">\n<div class=\"wp-block-columns wrapper is-layout-flex wp-container-core-columns-is-layout-9d6595d7 wp-block-columns-is-layout-flex\">\n<div class=\"wp-block-column is-layout-flow wp-block-column-is-layout-flow\">\n<div class=\"wp-block-query is-layout-flow wp-block-query-is-layout-flow\"><ul class=\"columns-2 wp-block-post-template is-layout-grid wp-container-core-post-template-is-layout-f6ab3723 wp-block-post-template-is-layout-grid\"><li class=\"wp-block-post post-3599 post type-post status-publish format-standard has-post-thumbnail category-signalisation entry\">\n<figure class=\"alignwide wp-block-post-featured-image\"><a href=\"https:\/\/vizal.ro\/fr\/2026\/02\/23\/lettres-tridimensionnelles-en-2026-tendances-de-la-publicite-illuminee\/\" target=\"_self\"  ><img loading=\"lazy\" decoding=\"async\" width=\"1800\" height=\"1000\" src=\"https:\/\/vizal.ro\/wp-content\/uploads\/2026\/02\/3d-letters-vizal-3.webp\" class=\"attachment-post-thumbnail size-post-thumbnail wp-post-image\" alt=\"Lettres Tridimensionnelles en 2026 : Tendances de la Publicit\u00e9 Illumin\u00e9e\" style=\"object-fit:cover;\" srcset=\"https:\/\/vizal.ro\/wp-content\/uploads\/2026\/02\/3d-letters-vizal-3.webp 1800w, https:\/\/vizal.ro\/wp-content\/uploads\/2026\/02\/3d-letters-vizal-3-300x167.webp 300w, https:\/\/vizal.ro\/wp-content\/uploads\/2026\/02\/3d-letters-vizal-3-1170x650.webp 1170w, https:\/\/vizal.ro\/wp-content\/uploads\/2026\/02\/3d-letters-vizal-3-768x427.webp 768w, https:\/\/vizal.ro\/wp-content\/uploads\/2026\/02\/3d-letters-vizal-3-50x28.webp 50w, https:\/\/vizal.ro\/wp-content\/uploads\/2026\/02\/3d-letters-vizal-3-1600x889.webp 1600w, https:\/\/vizal.ro\/wp-content\/uploads\/2026\/02\/3d-letters-vizal-3-1536x853.webp 1536w\" sizes=\"auto, (max-width: 1800px) 100vw, 1800px\" \/><\/a><\/figure>\n\n<div class=\"wp-block-post-date\"><time datetime=\"2026-02-23T07:17:11+00:00\">f\u00e9vrier 23, 2026<\/time><\/div>\n\n<h2 class=\"wp-block-post-title\"><a href=\"https:\/\/vizal.ro\/fr\/2026\/02\/23\/lettres-tridimensionnelles-en-2026-tendances-de-la-publicite-illuminee\/\" target=\"_self\" >Lettres Tridimensionnelles en 2026 : Tendances de la Publicit\u00e9 Illumin\u00e9e<\/a><\/h2>\n<\/li><li class=\"wp-block-post post-3595 post type-post status-publish format-standard has-post-thumbnail category-signalisation entry\">\n<figure class=\"alignwide wp-block-post-featured-image\"><a href=\"https:\/\/vizal.ro\/fr\/2026\/02\/20\/enseignes-interieures-le-guide-complet-de-la-signalisation-interieure-professionnelle-pour-les-entreprises-modernes\/\" target=\"_self\"  ><img loading=\"lazy\" decoding=\"async\" width=\"1800\" height=\"1000\" src=\"https:\/\/vizal.ro\/wp-content\/uploads\/2026\/02\/indoor-signs-vizal-3.webp\" class=\"attachment-post-thumbnail size-post-thumbnail wp-post-image\" alt=\"Enseignes Int\u00e9rieures \u2013 Le Guide Complet de la Signalisation Int\u00e9rieure Professionnelle pour les Entreprises Modernes\" style=\"object-fit:cover;\" srcset=\"https:\/\/vizal.ro\/wp-content\/uploads\/2026\/02\/indoor-signs-vizal-3.webp 1800w, https:\/\/vizal.ro\/wp-content\/uploads\/2026\/02\/indoor-signs-vizal-3-300x167.webp 300w, https:\/\/vizal.ro\/wp-content\/uploads\/2026\/02\/indoor-signs-vizal-3-1170x650.webp 1170w, https:\/\/vizal.ro\/wp-content\/uploads\/2026\/02\/indoor-signs-vizal-3-768x427.webp 768w, https:\/\/vizal.ro\/wp-content\/uploads\/2026\/02\/indoor-signs-vizal-3-50x28.webp 50w, https:\/\/vizal.ro\/wp-content\/uploads\/2026\/02\/indoor-signs-vizal-3-1600x889.webp 1600w, https:\/\/vizal.ro\/wp-content\/uploads\/2026\/02\/indoor-signs-vizal-3-1536x853.webp 1536w\" sizes=\"auto, (max-width: 1800px) 100vw, 1800px\" \/><\/a><\/figure>\n\n<div class=\"wp-block-post-date\"><time datetime=\"2026-02-20T07:15:21+00:00\">f\u00e9vrier 20, 2026<\/time><\/div>\n\n<h2 class=\"wp-block-post-title\"><a href=\"https:\/\/vizal.ro\/fr\/2026\/02\/20\/enseignes-interieures-le-guide-complet-de-la-signalisation-interieure-professionnelle-pour-les-entreprises-modernes\/\" target=\"_self\" >Enseignes Int\u00e9rieures \u2013 Le Guide Complet de la Signalisation Int\u00e9rieure Professionnelle pour les Entreprises Modernes<\/a><\/h2>\n<\/li><li class=\"wp-block-post post-3589 post type-post status-publish format-standard has-post-thumbnail category-non-classe entry\">\n<figure class=\"alignwide wp-block-post-featured-image\"><a href=\"https:\/\/vizal.ro\/fr\/2025\/10\/29\/la-psychologie-de-la-lumiere-comment-les-panneaux-illumines-influencent-les-decisions\/\" target=\"_self\"  ><img loading=\"lazy\" decoding=\"async\" width=\"1800\" height=\"1000\" src=\"https:\/\/vizal.ro\/wp-content\/uploads\/2025\/10\/daar_1800x1000.jpg\" class=\"attachment-post-thumbnail size-post-thumbnail wp-post-image\" alt=\"La Psychologie de la Lumi\u00e8re : Comment les Panneaux Illumin\u00e9s Influencent les D\u00e9cisions\" style=\"object-fit:cover;\" srcset=\"https:\/\/vizal.ro\/wp-content\/uploads\/2025\/10\/daar_1800x1000.jpg 1800w, https:\/\/vizal.ro\/wp-content\/uploads\/2025\/10\/daar_1800x1000-300x167.jpg 300w, https:\/\/vizal.ro\/wp-content\/uploads\/2025\/10\/daar_1800x1000-1170x650.jpg 1170w, https:\/\/vizal.ro\/wp-content\/uploads\/2025\/10\/daar_1800x1000-768x427.jpg 768w, https:\/\/vizal.ro\/wp-content\/uploads\/2025\/10\/daar_1800x1000-50x28.jpg 50w, https:\/\/vizal.ro\/wp-content\/uploads\/2025\/10\/daar_1800x1000-1600x889.jpg 1600w, https:\/\/vizal.ro\/wp-content\/uploads\/2025\/10\/daar_1800x1000-1536x853.jpg 1536w\" sizes=\"auto, (max-width: 1800px) 100vw, 1800px\" \/><\/a><\/figure>\n\n<div class=\"wp-block-post-date\"><time datetime=\"2025-10-29T13:10:47+00:00\">octobre 29, 2025<\/time><\/div>\n\n<h2 class=\"wp-block-post-title\"><a href=\"https:\/\/vizal.ro\/fr\/2025\/10\/29\/la-psychologie-de-la-lumiere-comment-les-panneaux-illumines-influencent-les-decisions\/\" target=\"_self\" >La Psychologie de la Lumi\u00e8re : Comment les Panneaux Illumin\u00e9s Influencent les D\u00e9cisions<\/a><\/h2>\n<\/li><li class=\"wp-block-post post-3472 post type-post status-publish format-standard has-post-thumbnail category-non-classe entry\">\n<figure class=\"alignwide wp-block-post-featured-image\"><a href=\"https:\/\/vizal.ro\/fr\/2025\/10\/29\/visibilite-de-la-marque-le-moteur-silencieux-de-la-croissance-commerciale-pourquoi-la-visibilite-de-la-marque-est-la-nouvelle-monnaie\/\" target=\"_self\"  ><img loading=\"lazy\" decoding=\"async\" width=\"1800\" height=\"1001\" src=\"https:\/\/vizal.ro\/wp-content\/uploads\/2025\/10\/medikali_webp.webp\" class=\"attachment-post-thumbnail size-post-thumbnail wp-post-image\" alt=\"Visibilit\u00e9 de la Marque : Le Moteur Silencieux de la Croissance Commerciale. Pourquoi la Visibilit\u00e9 de la Marque Est la Nouvelle Monnaie\" style=\"object-fit:cover;\" srcset=\"https:\/\/vizal.ro\/wp-content\/uploads\/2025\/10\/medikali_webp.webp 1800w, https:\/\/vizal.ro\/wp-content\/uploads\/2025\/10\/medikali_webp-300x167.webp 300w, https:\/\/vizal.ro\/wp-content\/uploads\/2025\/10\/medikali_webp-1169x650.webp 1169w, https:\/\/vizal.ro\/wp-content\/uploads\/2025\/10\/medikali_webp-768x427.webp 768w, https:\/\/vizal.ro\/wp-content\/uploads\/2025\/10\/medikali_webp-50x28.webp 50w, https:\/\/vizal.ro\/wp-content\/uploads\/2025\/10\/medikali_webp-1600x890.webp 1600w, https:\/\/vizal.ro\/wp-content\/uploads\/2025\/10\/medikali_webp-1536x854.webp 1536w\" sizes=\"auto, (max-width: 1800px) 100vw, 1800px\" \/><\/a><\/figure>\n\n<div class=\"wp-block-post-date\"><time datetime=\"2025-10-29T13:03:44+00:00\">octobre 29, 2025<\/time><\/div>\n\n<h2 class=\"wp-block-post-title\"><a href=\"https:\/\/vizal.ro\/fr\/2025\/10\/29\/visibilite-de-la-marque-le-moteur-silencieux-de-la-croissance-commerciale-pourquoi-la-visibilite-de-la-marque-est-la-nouvelle-monnaie\/\" target=\"_self\" >Visibilit\u00e9 de la Marque : Le Moteur Silencieux de la Croissance Commerciale. Pourquoi la Visibilit\u00e9 de la Marque Est la Nouvelle Monnaie<\/a><\/h2>\n<\/li><\/ul>\n\n<nav class=\"wp-block-query-pagination is-content-justification-center is-layout-flex wp-container-core-query-pagination-is-layout-16018d1d wp-block-query-pagination-is-layout-flex\" aria-label=\"Pagination\">\n\n\n<div class=\"wp-block-query-pagination-numbers\"><span aria-current=\"page\" class=\"page-numbers current\">1<\/span>\n<a class=\"page-numbers\" href=\"?query-37-page=2\">2<\/a><\/div>\n\n<a href=\"\/fr\/wp-json\/wp\/v2\/pages\/3395?query-37-page=2\" class=\"wp-block-query-pagination-next\">Page suivante<\/a>\n<\/nav><\/div>\n<\/div>\n<\/div>\n<\/div><\/div>\n","protected":false},"excerpt":{"rendered":"<p>BLOG Actualit\u00e9s pertinentes,impact en temps r\u00e9el<\/p>\n","protected":false},"author":1,"featured_media":0,"parent":0,"menu_order":0,"comment_status":"closed","ping_status":"closed","template":"","meta":{"_genesis_hide_title":false,"_genesis_hide_breadcrumbs":false,"_genesis_hide_singular_image":false,"_genesis_hide_footer_widgets":false,"_genesis_custom_body_class":"","_genesis_custom_post_class":"","_genesis_layout":"","footnotes":""},"class_list":{"0":"post-3395","1":"page","2":"type-page","3":"status-publish","5":"entry"},"yoast_head":"<!-- This site is optimized with the Yoast SEO Premium plugin v27.0 (Yoast SEO v27.4) - https:\/\/yoast.com\/product\/yoast-seo-premium-wordpress\/ -->\n<title>Salle de Presse | Vizal \u2013 Actualit\u00e9s, Insights &amp; Tendances du Secteur de l&#039;Affichage<\/title>\n<meta name=\"description\" content=\"Restez inform\u00e9 des derni\u00e8res tendances du secteur, des actualit\u00e9s de l&#039;entreprise et des articles d&#039;experts dans notre salle de presse Vizal \u2014 votre r\u00e9f\u00e9rence incontournable pour les tendances.\" \/>\n<meta name=\"robots\" content=\"index, follow, max-snippet:-1, max-image-preview:large, max-video-preview:-1\" \/>\n<link rel=\"canonical\" href=\"https:\/\/vizal.ro\/fr\/blog\/\" \/>\n<link rel=\"next\" href=\"https:\/\/vizal.ro\/fr\/blog\/3395\/?query-37-page=2\" \/>\n<meta property=\"og:locale\" content=\"fr_FR\" \/>\n<meta property=\"og:type\" content=\"article\" \/>\n<meta property=\"og:title\" content=\"Blog\" \/>\n<meta property=\"og:description\" content=\"Restez inform\u00e9 des derni\u00e8res tendances du secteur, des actualit\u00e9s de l&#039;entreprise et des articles d&#039;experts dans notre salle de presse Vizal \u2014 votre r\u00e9f\u00e9rence incontournable pour les tendances.\" \/>\n<meta property=\"og:url\" content=\"https:\/\/vizal.ro\/fr\/blog\/\" \/>\n<meta property=\"og:site_name\" content=\"VIZAL\" \/>\n<meta property=\"article:modified_time\" content=\"2026-04-06T06:26:53+00:00\" \/>\n<meta name=\"twitter:card\" content=\"summary_large_image\" \/>\n<script type=\"application\/ld+json\" class=\"yoast-schema-graph\">{\"@context\":\"https:\\\/\\\/schema.org\",\"@graph\":[{\"@type\":\"WebPage\",\"@id\":\"https:\\\/\\\/vizal.ro\\\/fr\\\/blog\\\/\",\"url\":\"https:\\\/\\\/vizal.ro\\\/fr\\\/blog\\\/\",\"name\":\"Salle de Presse | Vizal \u2013 Actualit\u00e9s, Insights & Tendances du Secteur de l'Affichage\",\"isPartOf\":{\"@id\":\"https:\\\/\\\/vizal.ro\\\/fr\\\/#website\"},\"datePublished\":\"2025-03-04T06:25:33+00:00\",\"dateModified\":\"2026-04-06T06:26:53+00:00\",\"description\":\"Restez inform\u00e9 des derni\u00e8res tendances du secteur, des actualit\u00e9s de l'entreprise et des articles d'experts dans notre salle de presse Vizal \u2014 votre r\u00e9f\u00e9rence incontournable pour les tendances.\",\"breadcrumb\":{\"@id\":\"https:\\\/\\\/vizal.ro\\\/fr\\\/blog\\\/#breadcrumb\"},\"inLanguage\":\"fr-FR\",\"potentialAction\":[{\"@type\":\"ReadAction\",\"target\":[\"https:\\\/\\\/vizal.ro\\\/fr\\\/blog\\\/\"]}]},{\"@type\":\"BreadcrumbList\",\"@id\":\"https:\\\/\\\/vizal.ro\\\/fr\\\/blog\\\/#breadcrumb\",\"itemListElement\":[{\"@type\":\"ListItem\",\"position\":1,\"name\":\"Prima pagin\u0103\",\"item\":\"https:\\\/\\\/vizal.ro\\\/fr\\\/\"},{\"@type\":\"ListItem\",\"position\":2,\"name\":\"Blog\"}]},{\"@type\":\"WebSite\",\"@id\":\"https:\\\/\\\/vizal.ro\\\/fr\\\/#website\",\"url\":\"https:\\\/\\\/vizal.ro\\\/fr\\\/\",\"name\":\"VIZAL\",\"description\":\"Vizal\",\"potentialAction\":[{\"@type\":\"SearchAction\",\"target\":{\"@type\":\"EntryPoint\",\"urlTemplate\":\"https:\\\/\\\/vizal.ro\\\/fr\\\/?s={search_term_string}\"},\"query-input\":{\"@type\":\"PropertyValueSpecification\",\"valueRequired\":true,\"valueName\":\"search_term_string\"}}],\"inLanguage\":\"fr-FR\"}]}<\/script>\n<!-- \/ Yoast SEO Premium plugin. -->","yoast_head_json":{"title":"Salle de Presse | Vizal \u2013 Actualit\u00e9s, Insights & Tendances du Secteur de l'Affichage","description":"Restez inform\u00e9 des derni\u00e8res tendances du secteur, des actualit\u00e9s de l'entreprise et des articles d'experts dans notre salle de presse Vizal \u2014 votre r\u00e9f\u00e9rence incontournable pour les tendances.","robots":{"index":"index","follow":"follow","max-snippet":"max-snippet:-1","max-image-preview":"max-image-preview:large","max-video-preview":"max-video-preview:-1"},"canonical":"https:\/\/vizal.ro\/fr\/blog\/","next":"https:\/\/vizal.ro\/fr\/blog\/3395?query-37-page=2","og_locale":"fr_FR","og_type":"article","og_title":"Blog","og_description":"Restez inform\u00e9 des derni\u00e8res tendances du secteur, des actualit\u00e9s de l'entreprise et des articles d'experts dans notre salle de presse Vizal \u2014 votre r\u00e9f\u00e9rence incontournable pour les tendances.","og_url":"https:\/\/vizal.ro\/fr\/blog\/","og_site_name":"VIZAL","article_modified_time":"2026-04-06T06:26:53+00:00","twitter_card":"summary_large_image","schema":{"@context":"https:\/\/schema.org","@graph":[{"@type":"WebPage","@id":"https:\/\/vizal.ro\/fr\/blog\/","url":"https:\/\/vizal.ro\/fr\/blog\/","name":"Salle de Presse | Vizal \u2013 Actualit\u00e9s, Insights & Tendances du Secteur de l'Affichage","isPartOf":{"@id":"https:\/\/vizal.ro\/fr\/#website"},"datePublished":"2025-03-04T06:25:33+00:00","dateModified":"2026-04-06T06:26:53+00:00","description":"Restez inform\u00e9 des derni\u00e8res tendances du secteur, des actualit\u00e9s de l'entreprise et des articles d'experts dans notre salle de presse Vizal \u2014 votre r\u00e9f\u00e9rence incontournable pour les tendances.","breadcrumb":{"@id":"https:\/\/vizal.ro\/fr\/blog\/#breadcrumb"},"inLanguage":"fr-FR","potentialAction":[{"@type":"ReadAction","target":["https:\/\/vizal.ro\/fr\/blog\/"]}]},{"@type":"BreadcrumbList","@id":"https:\/\/vizal.ro\/fr\/blog\/#breadcrumb","itemListElement":[{"@type":"ListItem","position":1,"name":"Prima pagin\u0103","item":"https:\/\/vizal.ro\/fr\/"},{"@type":"ListItem","position":2,"name":"Blog"}]},{"@type":"WebSite","@id":"https:\/\/vizal.ro\/fr\/#website","url":"https:\/\/vizal.ro\/fr\/","name":"VIZAL","description":"Vizal","potentialAction":[{"@type":"SearchAction","target":{"@type":"EntryPoint","urlTemplate":"https:\/\/vizal.ro\/fr\/?s={search_term_string}"},"query-input":{"@type":"PropertyValueSpecification","valueRequired":true,"valueName":"search_term_string"}}],"inLanguage":"fr-FR"}]}},"featured_image_src":null,"featured_image_src_square":null,"_links":{"self":[{"href":"https:\/\/vizal.ro\/fr\/wp-json\/wp\/v2\/pages\/3395","targetHints":{"allow":["GET"]}}],"collection":[{"href":"https:\/\/vizal.ro\/fr\/wp-json\/wp\/v2\/pages"}],"about":[{"href":"https:\/\/vizal.ro\/fr\/wp-json\/wp\/v2\/types\/page"}],"author":[{"embeddable":true,"href":"https:\/\/vizal.ro\/fr\/wp-json\/wp\/v2\/users\/1"}],"replies":[{"embeddable":true,"href":"https:\/\/vizal.ro\/fr\/wp-json\/wp\/v2\/comments?post=3395"}],"version-history":[{"count":1,"href":"https:\/\/vizal.ro\/fr\/wp-json\/wp\/v2\/pages\/3395\/revisions"}],"predecessor-version":[{"id":3396,"href":"https:\/\/vizal.ro\/fr\/wp-json\/wp\/v2\/pages\/3395\/revisions\/3396"}],"wp:attachment":[{"href":"https:\/\/vizal.ro\/fr\/wp-json\/wp\/v2\/media?parent=3395"}],"curies":[{"name":"wp","href":"https:\/\/api.w.org\/{rel}","templated":true}]}}