{"id":4185,"date":"2026-02-12T09:24:38","date_gmt":"2026-02-12T09:24:38","guid":{"rendered":"https:\/\/vizal.ro\/vielen-dank\/"},"modified":"2026-04-07T08:34:38","modified_gmt":"2026-04-07T08:34:38","slug":"vielen-dank","status":"publish","type":"page","link":"https:\/\/vizal.ro\/de\/vielen-dank\/","title":{"rendered":"Vielen Dank!"},"content":{"rendered":"\n<div class=\"wp-block-group pg-bnr wrapper contact-pg-bnr\"><div class=\"wp-block-group__inner-container is-layout-constrained wp-block-group-is-layout-constrained\">\n<div class=\"wp-block-columns are-vertically-aligned-bottom wrapper is-layout-flex wp-container-core-columns-is-layout-9d6595d7 wp-block-columns-is-layout-flex\">\n<div class=\"wp-block-column is-vertically-aligned-bottom is-layout-flow wp-block-column-is-layout-flow\">\n<p><\/p>\n\n\n\n<h2 class=\"wp-block-heading\">Vielen Dank f\u00fcr die Anfrage<\/h2>\n<\/div>\n<\/div>\n<\/div><\/div>\n\n<div class=\"wp-block-group contact-pg-sc-two\"><div class=\"wp-block-group__inner-container is-layout-constrained wp-block-group-is-layout-constrained\">\n<div class=\"wp-block-columns wrapper contact-pg-sc-twos is-layout-flex wp-container-core-columns-is-layout-9d6595d7 wp-block-columns-is-layout-flex\">\n<div class=\"wp-block-column contact-inner-section-two is-layout-flow wp-block-column-is-layout-flow\" style=\"flex-basis:40%\">\n<figure class=\"wp-block-image size-full\"><img loading=\"lazy\" decoding=\"async\" width=\"780\" height=\"405\" src=\"https:\/\/vizal.ro\/wp-content\/uploads\/2025\/11\/Poza-Contact-Bucuresti.jpg\" alt=\"\" class=\"wp-image-1518\" srcset=\"https:\/\/vizal.ro\/wp-content\/uploads\/2025\/11\/Poza-Contact-Bucuresti.jpg 780w, https:\/\/vizal.ro\/wp-content\/uploads\/2025\/11\/Poza-Contact-Bucuresti-300x156.jpg 300w, https:\/\/vizal.ro\/wp-content\/uploads\/2025\/11\/Poza-Contact-Bucuresti-768x399.jpg 768w, https:\/\/vizal.ro\/wp-content\/uploads\/2025\/11\/Poza-Contact-Bucuresti-50x26.jpg 50w\" sizes=\"auto, (max-width: 780px) 100vw, 780px\" \/><\/figure>\n\n\n\n<h3 class=\"wp-block-heading\">Vizal Bucure\u0219ti<\/h3>\n\n\n\n<div class=\"wp-block-group is-nowrap is-layout-flex wp-container-core-group-is-layout-ad2f72ca wp-block-group-is-layout-flex\">\n<span class=\"dashicons dashicons-phone\"><\/span>\n\n\n\n<p>Ramona PORFIRE &#8211; Account Manager: <a href=\"tel:40754666337\">(+4) 0754 666 337<\/a><\/p>\n<\/div>\n\n\n\n<div class=\"wp-block-group is-nowrap is-layout-flex wp-container-core-group-is-layout-ad2f72ca wp-block-group-is-layout-flex\">\n<span class=\"dashicons dashicons-email\"><\/span>\n\n\n\n<p><a href=\"mailto:ana.vanzari@vizal.ro\">vanzari@vizal.ro<\/a><\/p>\n<\/div>\n\n\n\n<div class=\"wp-block-group is-nowrap is-layout-flex wp-container-core-group-is-layout-ad2f72ca wp-block-group-is-layout-flex\">\n<span class=\"dashicons dashicons-phone\"><\/span>\n\n\n\n<p>Ana IORDACHE \u2013 Executive Director: <a href=\"tel:40765683654\">(+4) 0765 683 654<\/a><\/p>\n<\/div>\n\n\n\n<div class=\"wp-block-group is-nowrap is-layout-flex wp-container-core-group-is-layout-ad2f72ca wp-block-group-is-layout-flex\">\n<span class=\"dashicons dashicons-email\"><\/span>\n\n\n\n<p><a href=\"mailto:ana.iordache@vizal.ro\">ana.iordache@vizal.ro<\/a><\/p>\n<\/div>\n\n\n\n<div class=\"wp-block-group is-nowrap is-layout-flex wp-container-core-group-is-layout-ad2f72ca wp-block-group-is-layout-flex\">\n<span class=\"dashicons dashicons-location\"><\/span>\n\n\n\n<p>Constantin R\u0103dulescu Motru, No. 13, 4th floor<br\/>Office No. 43, Sector 4, Bucharest, Sector 4<\/p>\n<\/div>\n\n\n\n<figure class=\"wp-block-image size-large is-resized image-mrg-top\"><img loading=\"lazy\" decoding=\"async\" width=\"601\" height=\"650\" src=\"https:\/\/vizal.ro\/wp-content\/uploads\/2025\/11\/Poza-Contact-Valcea-601x650.jpg\" alt=\"\" class=\"wp-image-1519\" style=\"object-fit:cover;width:480px;height:200px\" srcset=\"https:\/\/vizal.ro\/wp-content\/uploads\/2025\/11\/Poza-Contact-Valcea-601x650.jpg 601w, https:\/\/vizal.ro\/wp-content\/uploads\/2025\/11\/Poza-Contact-Valcea-277x300.jpg 277w, https:\/\/vizal.ro\/wp-content\/uploads\/2025\/11\/Poza-Contact-Valcea-768x831.jpg 768w, https:\/\/vizal.ro\/wp-content\/uploads\/2025\/11\/Poza-Contact-Valcea-50x54.jpg 50w, https:\/\/vizal.ro\/wp-content\/uploads\/2025\/11\/Poza-Contact-Valcea.jpg 899w\" sizes=\"auto, (max-width: 601px) 100vw, 601px\" \/><\/figure>\n\n\n\n<h3 class=\"wp-block-heading\">Vizal R\u00e2mnicu V\u00e2lcea<\/h3>\n\n\n\n<div class=\"wp-block-group is-nowrap is-layout-flex wp-container-core-group-is-layout-ad2f72ca wp-block-group-is-layout-flex\">\n<span class=\"dashicons dashicons-phone\"><\/span>\n\n\n\n<p>Ramona PORFIRE &#8211; Account Manager: <a href=\"tel:40754666337\">(+4) 0754 666 337<\/a><\/p>\n<\/div>\n\n\n\n<div class=\"wp-block-group is-nowrap is-layout-flex wp-container-core-group-is-layout-ad2f72ca wp-block-group-is-layout-flex\">\n<span class=\"dashicons dashicons-email\"><\/span>\n\n\n\n<p><a href=\"mailto:vanzari@vizal.ro\">vanzari@vizal.ro<\/a><\/p>\n<\/div>\n\n\n\n<div class=\"wp-block-group is-nowrap is-layout-flex wp-container-core-group-is-layout-ad2f72ca wp-block-group-is-layout-flex\">\n<span class=\"dashicons dashicons-location\"><\/span>\n\n\n\n<p>Str. Danil Ionescu nr. 6A, Cod po\u0219tal: 240283<br\/>R\u00eemnicu V\u00eelcea, Jude\u021bul V\u00e2lcea<\/p>\n<\/div>\n<\/div>\n\n\n\n<div class=\"wp-block-column contact-frm is-layout-flow wp-block-column-is-layout-flow\" style=\"flex-basis:60%\">\n<h2 class=\"wp-block-heading\">Zur\u00fcck zur Startseite.<\/h2>\n\n\n\n<p>Vielen Dank, dass Sie sich an uns gewandt haben. Ihre Anfrage wurde erfolgreich eingegangen, und unser Team wird die Details \u00fcberpr\u00fcfen und sich bald mit Ihnen in Verbindung setzen. Wir sch\u00e4tzen Ihr Interesse und freuen uns auf die Zusammenarbeit mit Ihnen.  <br\/><\/p>\n\n\n\n<div class=\"wp-block-buttons is-layout-flex wp-block-buttons-is-layout-flex\">\n<div class=\"wp-block-button\"><a class=\"wp-block-button__link wp-element-button\" href=\"https:\/\/vizal.ro\/de\/\" target=\"_blank\" rel=\"noreferrer noopener\">Startseite<\/a><\/div>\n\n\n\n<div class=\"wp-block-button\"><a class=\"wp-block-button__link wp-element-button\" href=\"https:\/\/vizal.ro\/de\/portfolio\/\" target=\"_blank\" rel=\"noreferrer noopener\">Portfolio<\/a><\/div>\n<\/div>\n\n\n\n<div class=\"wp-block-group .image-container {  display: flex; gap: 0; } img block; margin: padding:\"><div class=\"wp-block-group__inner-container is-layout-constrained wp-block-group-is-layout-constrained\">\n<div class=\"wp-block-columns is-layout-flex wp-container-core-columns-is-layout-9d6595d7 wp-block-columns-is-layout-flex\">\n<div class=\"wp-block-column is-layout-flow wp-block-column-is-layout-flow\"><\/div>\n<\/div>\n<\/div><\/div>\n<\/div>\n\n\n\n<div class=\"wp-block-column is-layout-flow wp-block-column-is-layout-flow\"><\/div>\n\n\n\n<div class=\"wp-block-column is-layout-flow wp-block-column-is-layout-flow\"><\/div>\n<\/div>\n<\/div><\/div>\n","protected":false},"excerpt":{"rendered":"<p>Vielen Dank f\u00fcr die Anfrage Vizal Bucure\u0219ti Ramona PORFIRE &#8211; Account Manager: (+4) 0754 666 337 vanzari@vizal.ro Ana IORDACHE \u2013 Executive Director: (+4) 0765 683 654 ana.iordache@vizal.ro Constantin R\u0103dulescu Motru, No. 13, 4th floorOffice No. 43, Sector 4, Bucharest, Sector 4 Vizal R\u00e2mnicu V\u00e2lcea Ramona PORFIRE &#8211; Account Manager: (+4) 0754 666 337 vanzari@vizal.ro Str. [&hellip;]<\/p>\n","protected":false},"author":2,"featured_media":3950,"parent":0,"menu_order":0,"comment_status":"closed","ping_status":"closed","template":"","meta":{"_genesis_hide_title":false,"_genesis_hide_breadcrumbs":false,"_genesis_hide_singular_image":false,"_genesis_hide_footer_widgets":false,"_genesis_custom_body_class":"","_genesis_custom_post_class":"","_genesis_layout":"","footnotes":""},"class_list":{"0":"post-4185","1":"page","2":"type-page","3":"status-publish","4":"has-post-thumbnail","6":"entry"},"yoast_head":"<!-- This site is optimized with the Yoast SEO Premium plugin v27.0 (Yoast SEO v27.4) - https:\/\/yoast.com\/product\/yoast-seo-premium-wordpress\/ -->\n<title>Vielen Dank! - VIZAL<\/title>\n<meta name=\"robots\" content=\"index, follow, max-snippet:-1, max-image-preview:large, max-video-preview:-1\" \/>\n<link rel=\"canonical\" href=\"https:\/\/vizal.ro\/de\/vielen-dank\/\" \/>\n<meta property=\"og:locale\" content=\"de_DE\" \/>\n<meta property=\"og:type\" content=\"article\" \/>\n<meta property=\"og:title\" content=\"Vielen Dank!\" \/>\n<meta property=\"og:description\" content=\"Vielen Dank f\u00fcr die Anfrage Vizal Bucure\u0219ti Ramona PORFIRE &#8211; Account Manager: (+4) 0754 666 337 vanzari@vizal.ro Ana IORDACHE \u2013 Executive Director: (+4) 0765 683 654 ana.iordache@vizal.ro Constantin R\u0103dulescu Motru, No. 13, 4th floorOffice No. 43, Sector 4, Bucharest, Sector 4 Vizal R\u00e2mnicu V\u00e2lcea Ramona PORFIRE &#8211; Account Manager: (+4) 0754 666 337 vanzari@vizal.ro Str. [&hellip;]\" \/>\n<meta property=\"og:url\" content=\"https:\/\/vizal.ro\/de\/vielen-dank\/\" \/>\n<meta property=\"og:site_name\" content=\"VIZAL\" \/>\n<meta property=\"article:modified_time\" content=\"2026-04-07T08:34:38+00:00\" \/>\n<meta property=\"og:image\" content=\"https:\/\/vizal.ro\/wp-content\/uploads\/2025\/03\/contact-banner.png\" \/>\n\t<meta property=\"og:image:width\" content=\"1800\" \/>\n\t<meta property=\"og:image:height\" content=\"1052\" \/>\n\t<meta property=\"og:image:type\" content=\"image\/png\" \/>\n<meta name=\"twitter:card\" content=\"summary_large_image\" \/>\n<meta name=\"twitter:label1\" content=\"Gesch\u00e4tzte Lesezeit\" \/>\n\t<meta name=\"twitter:data1\" content=\"1\u00a0Minute\" \/>\n<script type=\"application\/ld+json\" class=\"yoast-schema-graph\">{\"@context\":\"https:\\\/\\\/schema.org\",\"@graph\":[{\"@type\":\"WebPage\",\"@id\":\"https:\\\/\\\/vizal.ro\\\/de\\\/vielen-dank\\\/\",\"url\":\"https:\\\/\\\/vizal.ro\\\/de\\\/vielen-dank\\\/\",\"name\":\"Vielen Dank! - VIZAL\",\"isPartOf\":{\"@id\":\"https:\\\/\\\/vizal.ro\\\/de\\\/#website\"},\"primaryImageOfPage\":{\"@id\":\"https:\\\/\\\/vizal.ro\\\/de\\\/vielen-dank\\\/#primaryimage\"},\"image\":{\"@id\":\"https:\\\/\\\/vizal.ro\\\/de\\\/vielen-dank\\\/#primaryimage\"},\"thumbnailUrl\":\"https:\\\/\\\/vizal.ro\\\/wp-content\\\/uploads\\\/2025\\\/03\\\/contact-banner.png\",\"datePublished\":\"2026-02-12T09:24:38+00:00\",\"dateModified\":\"2026-04-07T08:34:38+00:00\",\"breadcrumb\":{\"@id\":\"https:\\\/\\\/vizal.ro\\\/de\\\/vielen-dank\\\/#breadcrumb\"},\"inLanguage\":\"de\",\"potentialAction\":[{\"@type\":\"ReadAction\",\"target\":[\"https:\\\/\\\/vizal.ro\\\/de\\\/vielen-dank\\\/\"]}]},{\"@type\":\"ImageObject\",\"inLanguage\":\"de\",\"@id\":\"https:\\\/\\\/vizal.ro\\\/de\\\/vielen-dank\\\/#primaryimage\",\"url\":\"https:\\\/\\\/vizal.ro\\\/wp-content\\\/uploads\\\/2025\\\/03\\\/contact-banner.png\",\"contentUrl\":\"https:\\\/\\\/vizal.ro\\\/wp-content\\\/uploads\\\/2025\\\/03\\\/contact-banner.png\",\"width\":1800,\"height\":1052,\"caption\":\"contact banner\"},{\"@type\":\"BreadcrumbList\",\"@id\":\"https:\\\/\\\/vizal.ro\\\/de\\\/vielen-dank\\\/#breadcrumb\",\"itemListElement\":[{\"@type\":\"ListItem\",\"position\":1,\"name\":\"Prima pagin\u0103\",\"item\":\"https:\\\/\\\/vizal.ro\\\/de\\\/\"},{\"@type\":\"ListItem\",\"position\":2,\"name\":\"Vielen Dank!\"}]},{\"@type\":\"WebSite\",\"@id\":\"https:\\\/\\\/vizal.ro\\\/de\\\/#website\",\"url\":\"https:\\\/\\\/vizal.ro\\\/de\\\/\",\"name\":\"VIZAL\",\"description\":\"Vizal\",\"potentialAction\":[{\"@type\":\"SearchAction\",\"target\":{\"@type\":\"EntryPoint\",\"urlTemplate\":\"https:\\\/\\\/vizal.ro\\\/de\\\/?s={search_term_string}\"},\"query-input\":{\"@type\":\"PropertyValueSpecification\",\"valueRequired\":true,\"valueName\":\"search_term_string\"}}],\"inLanguage\":\"de\"}]}<\/script>\n<!-- \/ Yoast SEO Premium plugin. -->","yoast_head_json":{"title":"Vielen Dank! - VIZAL","robots":{"index":"index","follow":"follow","max-snippet":"max-snippet:-1","max-image-preview":"max-image-preview:large","max-video-preview":"max-video-preview:-1"},"canonical":"https:\/\/vizal.ro\/de\/vielen-dank\/","og_locale":"de_DE","og_type":"article","og_title":"Vielen Dank!","og_description":"Vielen Dank f\u00fcr die Anfrage Vizal Bucure\u0219ti Ramona PORFIRE &#8211; Account Manager: (+4) 0754 666 337 vanzari@vizal.ro Ana IORDACHE \u2013 Executive Director: (+4) 0765 683 654 ana.iordache@vizal.ro Constantin R\u0103dulescu Motru, No. 13, 4th floorOffice No. 43, Sector 4, Bucharest, Sector 4 Vizal R\u00e2mnicu V\u00e2lcea Ramona PORFIRE &#8211; Account Manager: (+4) 0754 666 337 vanzari@vizal.ro Str. [&hellip;]","og_url":"https:\/\/vizal.ro\/de\/vielen-dank\/","og_site_name":"VIZAL","article_modified_time":"2026-04-07T08:34:38+00:00","og_image":[{"width":1800,"height":1052,"url":"https:\/\/vizal.ro\/wp-content\/uploads\/2025\/03\/contact-banner.png","type":"image\/png"}],"twitter_card":"summary_large_image","twitter_misc":{"Gesch\u00e4tzte Lesezeit":"1\u00a0Minute"},"schema":{"@context":"https:\/\/schema.org","@graph":[{"@type":"WebPage","@id":"https:\/\/vizal.ro\/de\/vielen-dank\/","url":"https:\/\/vizal.ro\/de\/vielen-dank\/","name":"Vielen Dank! - VIZAL","isPartOf":{"@id":"https:\/\/vizal.ro\/de\/#website"},"primaryImageOfPage":{"@id":"https:\/\/vizal.ro\/de\/vielen-dank\/#primaryimage"},"image":{"@id":"https:\/\/vizal.ro\/de\/vielen-dank\/#primaryimage"},"thumbnailUrl":"https:\/\/vizal.ro\/wp-content\/uploads\/2025\/03\/contact-banner.png","datePublished":"2026-02-12T09:24:38+00:00","dateModified":"2026-04-07T08:34:38+00:00","breadcrumb":{"@id":"https:\/\/vizal.ro\/de\/vielen-dank\/#breadcrumb"},"inLanguage":"de","potentialAction":[{"@type":"ReadAction","target":["https:\/\/vizal.ro\/de\/vielen-dank\/"]}]},{"@type":"ImageObject","inLanguage":"de","@id":"https:\/\/vizal.ro\/de\/vielen-dank\/#primaryimage","url":"https:\/\/vizal.ro\/wp-content\/uploads\/2025\/03\/contact-banner.png","contentUrl":"https:\/\/vizal.ro\/wp-content\/uploads\/2025\/03\/contact-banner.png","width":1800,"height":1052,"caption":"contact banner"},{"@type":"BreadcrumbList","@id":"https:\/\/vizal.ro\/de\/vielen-dank\/#breadcrumb","itemListElement":[{"@type":"ListItem","position":1,"name":"Prima pagin\u0103","item":"https:\/\/vizal.ro\/de\/"},{"@type":"ListItem","position":2,"name":"Vielen Dank!"}]},{"@type":"WebSite","@id":"https:\/\/vizal.ro\/de\/#website","url":"https:\/\/vizal.ro\/de\/","name":"VIZAL","description":"Vizal","potentialAction":[{"@type":"SearchAction","target":{"@type":"EntryPoint","urlTemplate":"https:\/\/vizal.ro\/de\/?s={search_term_string}"},"query-input":{"@type":"PropertyValueSpecification","valueRequired":true,"valueName":"search_term_string"}}],"inLanguage":"de"}]}},"featured_image_src":"https:\/\/vizal.ro\/wp-content\/uploads\/2025\/03\/contact-banner-600x400.png","featured_image_src_square":"https:\/\/vizal.ro\/wp-content\/uploads\/2025\/03\/contact-banner-600x600.png","_links":{"self":[{"href":"https:\/\/vizal.ro\/de\/wp-json\/wp\/v2\/pages\/4185","targetHints":{"allow":["GET"]}}],"collection":[{"href":"https:\/\/vizal.ro\/de\/wp-json\/wp\/v2\/pages"}],"about":[{"href":"https:\/\/vizal.ro\/de\/wp-json\/wp\/v2\/types\/page"}],"author":[{"embeddable":true,"href":"https:\/\/vizal.ro\/de\/wp-json\/wp\/v2\/users\/2"}],"replies":[{"embeddable":true,"href":"https:\/\/vizal.ro\/de\/wp-json\/wp\/v2\/comments?post=4185"}],"version-history":[{"count":1,"href":"https:\/\/vizal.ro\/de\/wp-json\/wp\/v2\/pages\/4185\/revisions"}],"predecessor-version":[{"id":4190,"href":"https:\/\/vizal.ro\/de\/wp-json\/wp\/v2\/pages\/4185\/revisions\/4190"}],"wp:featuredmedia":[{"embeddable":true,"href":"https:\/\/vizal.ro\/de\/wp-json\/wp\/v2\/media\/3950"}],"wp:attachment":[{"href":"https:\/\/vizal.ro\/de\/wp-json\/wp\/v2\/media?parent=4185"}],"curies":[{"name":"wp","href":"https:\/\/api.w.org\/{rel}","templated":true}]}}