{"id":4172,"date":"2025-08-04T14:57:53","date_gmt":"2025-08-04T14:57:53","guid":{"rendered":"https:\/\/vizal.ro\/cookie-richtlinie\/"},"modified":"2026-04-07T07:41:55","modified_gmt":"2026-04-07T07:41:55","slug":"cookie-richtlinie","status":"publish","type":"page","link":"https:\/\/vizal.ro\/de\/cookie-richtlinie\/","title":{"rendered":"Cookie-Richtlinie"},"content":{"rendered":"\n<div class=\"wp-block-group alignfull policy-page\"><div class=\"wp-block-group__inner-container is-layout-constrained wp-block-group-is-layout-constrained\">\n<div class=\"wp-block-columns alignfull wrap is-layout-flex wp-container-core-columns-is-layout-9d6595d7 wp-block-columns-is-layout-flex\">\n<div class=\"wp-block-column is-layout-flow wp-block-column-is-layout-flow\">\n<h1 class=\"wp-block-heading\">RICHTLINIE ZUR VERWENDUNG VON COOKIE-MODULEN<\/h1>\n\n\n\n<p><a href=\"https:\/\/vizal.ro\/de\/\">https:\/\/vizal.ro\/<\/a><\/p>\n\n\n\n<p>Unsere Website verwendet &#8222;Cookies&#8220;.<\/p>\n\n\n\n<p><br\/>Ein &#8222;Internet Cookie&#8220; (auch bekannt als &#8222;Browser-Cookie&#8220;, &#8222;HTTPS-Cookie&#8220; oder einfach &#8222;Cookie&#8220;) ist eine kleine Datei, bestehend aus Buchstaben und Zahlen, die auf dem Computer, Mobilger\u00e4t oder anderen Ger\u00e4ten eines Benutzers gespeichert wird, um auf das Internet zuzugreifen. Das Cookie wird installiert, wenn ein Webserver eine Anfrage an den Browser des Benutzers sendet (z. B. Chrome oder Internet Explorer) und ist vollst\u00e4ndig passiv (enth\u00e4lt keine Programme, Viren oder Spyware und kann nicht auf die auf dem Ger\u00e4t des Benutzers gespeicherten Daten zugreifen). Ein Cookie besteht aus zwei Komponenten: seinem Namen und seinem Wert. Au\u00dferdem hat jedes Cookie eine spezifische Existenzdauer, und aus technischer Sicht kann nur der Webserver, der es erstellt hat, es lesen, wenn der Benutzer zu dieser Website zur\u00fcckkehrt.   <\/p>\n\n\n\n<p>Wir verwenden notwendige, analytische und Marketing-Cookies. Notwendige Cookies sind essentiell f\u00fcr das ordnungsgem\u00e4\u00dfe Funktionieren der Website. Diese Cookies bieten grundlegende Funktionalit\u00e4ten und Sicherheitsmerkmale der Website anonym. Analytische Cookies werden verwendet, um zu verstehen, wie Besucher mit der Website interagieren. Diese Cookies helfen bei der Bereitstellung von Informationen \u00fcber die Anzahl der Besucher, die Absprungrate, die Verkehrsquelle usw. Marketing-Cookies werden verwendet, um Ihnen an Ihre Interessen angepasste Werbeinhalte zu zeigen und die Effizienz von Werbekampagnen zu \u00fcberwachen. Diese Cookies k\u00f6nnen Ihre Besuche auf anderen Websites aufzeichnen und k\u00f6nnen verwendet werden, um ein Benutzerprofil basierend auf Ihrem Online-Verhalten zu erstellen.        <\/p>\n\n\n\n<p>Unsere Website holt immer Ihre aktive Zustimmung f\u00fcr analytische und Werbungs-Cookies ein.<\/p>\n\n\n\n<h2 class=\"wp-block-heading\">Wie k\u00f6nnen Sie Cookies deaktivieren?<\/h2>\n\n\n\n<p>Sie haben die M\u00f6glichkeit, Ihren Browser so einzustellen, dass er Cookies ablehnt. Allerdings kann die Deaktivierung und Ablehnung ihrer Verwendung zu Schwierigkeiten beim Zugriff auf und bei der Verwendung bestimmter Bereiche oder Seiten der Website f\u00fchren. <\/p>\n\n\n\n<p>F\u00fcr weitere Informationen zur Verwaltung und Kontrolle von Cookies k\u00f6nnen Sie die Websites besuchen: <a href=\"http:\/\/www.allaboutcookies.org\">www.allaboutcookies.org<\/a> oder <a href=\"http:\/\/www.youronlinechoices.com\/ro\">www.youronlinechoices.com\/ro<\/a>.<\/p>\n\n\n\n<h2 class=\"wp-block-heading\">Auf unserer Website werden die folgenden Arten von &#8222;Cookies&#8220; verwendet.<\/h2>\n\n\n\n<figure class=\"wp-block-table is-style-regular\"><table><tbody><tr><td>Cookie-Name<\/td><td>Furnizor<\/td><td>Zweck<\/td><td>Dauer<\/td><td>Cookie-Typ <\/td><\/tr><tr><td>_ga<\/td><td>Google Analytics<\/td><td>Wird verwendet, um eindeutige Benutzer zu identifizieren und zu \u00fcberwachen sowie deren Verhalten auf der Website zu analysieren.<\/td><td>2 Jahre<\/td><td>Analytic<\/td><\/tr><tr><td>_ga_0KT20KTGFN<\/td><td>Google Analytics<\/td><td>Wird verwendet, um detaillierte Benutzerinteraktionen und Ereignisse auf der Website durch Google Analytics 4 zu \u00fcberwachen.<\/td><td>2 Jahre<\/td><td>Analytic<\/td><\/tr><tr><td>_ga_4HCV2LFE13<\/td><td>Google Analytics<\/td><td>\u00c4hnlich wie das vorherige Cookie sammelt es detaillierte Informationen \u00fcber die Benutzerinteraktion und das Verhalten auf der Website (GA4).<\/td><td>2 Jahre<\/td><td>Analytic<\/td><\/tr><tr><td>_gcl_au<\/td><td>Google Ads<\/td><td>Wird verwendet, um die Effizienz von Google Ads-Anzeigen zu messen und das Verhalten von Benutzern, die diesen Anzeigen ausgesetzt sind, zu \u00fcberwachen.<\/td><td>3 Monate<\/td><td>Marketing<\/td><\/tr><tr><td>_gid<\/td><td>Google Analytics<\/td><td>Wird verwendet, um Benutzer zu unterscheiden und ihr kurzfristiges Verhalten (t\u00e4glich) zu \u00fcberwachen.<\/td><td>24 Stunden<\/td><td>Analytic<\/td><\/tr><tr><td>wpEmojiSettingsSupports<\/td><td>WordPress<\/td><td>ist nicht wirklich ein Cookie, sondern stellt eine von WordPress gesetzte JavaScript-Variable dar, um die Unterst\u00fctzung f\u00fcr Emojis im Browser des Benutzers zu \u00fcberpr\u00fcfen.<\/td><td>N\/A<\/td><td>Notwendig<\/td><\/tr><\/tbody><\/table><\/figure>\n<\/div>\n<\/div>\n<\/div><\/div>\n","protected":false},"excerpt":{"rendered":"<p>RICHTLINIE ZUR VERWENDUNG VON COOKIE-MODULEN https:\/\/vizal.ro\/ Unsere Website verwendet &#8222;Cookies&#8220;. Ein &#8222;Internet Cookie&#8220; (auch bekannt als &#8222;Browser-Cookie&#8220;, &#8222;HTTPS-Cookie&#8220; oder einfach &#8222;Cookie&#8220;) ist eine kleine Datei, bestehend aus Buchstaben und Zahlen, die auf dem Computer, Mobilger\u00e4t oder anderen Ger\u00e4ten eines Benutzers gespeichert wird, um auf das Internet zuzugreifen. Das Cookie wird installiert, wenn ein Webserver eine [&hellip;]<\/p>\n","protected":false},"author":1,"featured_media":0,"parent":0,"menu_order":0,"comment_status":"closed","ping_status":"closed","template":"","meta":{"_genesis_hide_title":false,"_genesis_hide_breadcrumbs":false,"_genesis_hide_singular_image":false,"_genesis_hide_footer_widgets":false,"_genesis_custom_body_class":"","_genesis_custom_post_class":"","_genesis_layout":"","footnotes":""},"class_list":{"0":"post-4172","1":"page","2":"type-page","3":"status-publish","5":"entry"},"yoast_head":"<!-- This site is optimized with the Yoast SEO Premium plugin v27.0 (Yoast SEO v27.4) - https:\/\/yoast.com\/product\/yoast-seo-premium-wordpress\/ -->\n<title>Cookie-Richtlinie - VIZAL<\/title>\n<meta name=\"robots\" content=\"index, follow, max-snippet:-1, max-image-preview:large, max-video-preview:-1\" \/>\n<link rel=\"canonical\" href=\"https:\/\/vizal.ro\/de\/cookie-richtlinie\/\" \/>\n<meta property=\"og:locale\" content=\"de_DE\" \/>\n<meta property=\"og:type\" content=\"article\" \/>\n<meta property=\"og:title\" content=\"Cookie-Richtlinie\" \/>\n<meta property=\"og:description\" content=\"RICHTLINIE ZUR VERWENDUNG VON COOKIE-MODULEN https:\/\/vizal.ro\/ Unsere Website verwendet &#8222;Cookies&#8220;. Ein &#8222;Internet Cookie&#8220; (auch bekannt als &#8222;Browser-Cookie&#8220;, &#8222;HTTPS-Cookie&#8220; oder einfach &#8222;Cookie&#8220;) ist eine kleine Datei, bestehend aus Buchstaben und Zahlen, die auf dem Computer, Mobilger\u00e4t oder anderen Ger\u00e4ten eines Benutzers gespeichert wird, um auf das Internet zuzugreifen. Das Cookie wird installiert, wenn ein Webserver eine [&hellip;]\" \/>\n<meta property=\"og:url\" content=\"https:\/\/vizal.ro\/de\/cookie-richtlinie\/\" \/>\n<meta property=\"og:site_name\" content=\"VIZAL\" \/>\n<meta property=\"article:modified_time\" content=\"2026-04-07T07:41:55+00:00\" \/>\n<meta name=\"twitter:card\" content=\"summary_large_image\" \/>\n<meta name=\"twitter:label1\" content=\"Gesch\u00e4tzte Lesezeit\" \/>\n\t<meta name=\"twitter:data1\" content=\"2\u00a0Minuten\" \/>\n<script type=\"application\/ld+json\" class=\"yoast-schema-graph\">{\"@context\":\"https:\\\/\\\/schema.org\",\"@graph\":[{\"@type\":\"WebPage\",\"@id\":\"https:\\\/\\\/vizal.ro\\\/de\\\/cookie-richtlinie\\\/\",\"url\":\"https:\\\/\\\/vizal.ro\\\/de\\\/cookie-richtlinie\\\/\",\"name\":\"Cookie-Richtlinie - VIZAL\",\"isPartOf\":{\"@id\":\"https:\\\/\\\/vizal.ro\\\/de\\\/#website\"},\"datePublished\":\"2025-08-04T14:57:53+00:00\",\"dateModified\":\"2026-04-07T07:41:55+00:00\",\"breadcrumb\":{\"@id\":\"https:\\\/\\\/vizal.ro\\\/de\\\/cookie-richtlinie\\\/#breadcrumb\"},\"inLanguage\":\"de\",\"potentialAction\":[{\"@type\":\"ReadAction\",\"target\":[\"https:\\\/\\\/vizal.ro\\\/de\\\/cookie-richtlinie\\\/\"]}]},{\"@type\":\"BreadcrumbList\",\"@id\":\"https:\\\/\\\/vizal.ro\\\/de\\\/cookie-richtlinie\\\/#breadcrumb\",\"itemListElement\":[{\"@type\":\"ListItem\",\"position\":1,\"name\":\"Prima pagin\u0103\",\"item\":\"https:\\\/\\\/vizal.ro\\\/de\\\/\"},{\"@type\":\"ListItem\",\"position\":2,\"name\":\"Cookie-Richtlinie\"}]},{\"@type\":\"WebSite\",\"@id\":\"https:\\\/\\\/vizal.ro\\\/de\\\/#website\",\"url\":\"https:\\\/\\\/vizal.ro\\\/de\\\/\",\"name\":\"VIZAL\",\"description\":\"Vizal\",\"potentialAction\":[{\"@type\":\"SearchAction\",\"target\":{\"@type\":\"EntryPoint\",\"urlTemplate\":\"https:\\\/\\\/vizal.ro\\\/de\\\/?s={search_term_string}\"},\"query-input\":{\"@type\":\"PropertyValueSpecification\",\"valueRequired\":true,\"valueName\":\"search_term_string\"}}],\"inLanguage\":\"de\"}]}<\/script>\n<!-- \/ Yoast SEO Premium plugin. -->","yoast_head_json":{"title":"Cookie-Richtlinie - VIZAL","robots":{"index":"index","follow":"follow","max-snippet":"max-snippet:-1","max-image-preview":"max-image-preview:large","max-video-preview":"max-video-preview:-1"},"canonical":"https:\/\/vizal.ro\/de\/cookie-richtlinie\/","og_locale":"de_DE","og_type":"article","og_title":"Cookie-Richtlinie","og_description":"RICHTLINIE ZUR VERWENDUNG VON COOKIE-MODULEN https:\/\/vizal.ro\/ Unsere Website verwendet &#8222;Cookies&#8220;. Ein &#8222;Internet Cookie&#8220; (auch bekannt als &#8222;Browser-Cookie&#8220;, &#8222;HTTPS-Cookie&#8220; oder einfach &#8222;Cookie&#8220;) ist eine kleine Datei, bestehend aus Buchstaben und Zahlen, die auf dem Computer, Mobilger\u00e4t oder anderen Ger\u00e4ten eines Benutzers gespeichert wird, um auf das Internet zuzugreifen. Das Cookie wird installiert, wenn ein Webserver eine [&hellip;]","og_url":"https:\/\/vizal.ro\/de\/cookie-richtlinie\/","og_site_name":"VIZAL","article_modified_time":"2026-04-07T07:41:55+00:00","twitter_card":"summary_large_image","twitter_misc":{"Gesch\u00e4tzte Lesezeit":"2\u00a0Minuten"},"schema":{"@context":"https:\/\/schema.org","@graph":[{"@type":"WebPage","@id":"https:\/\/vizal.ro\/de\/cookie-richtlinie\/","url":"https:\/\/vizal.ro\/de\/cookie-richtlinie\/","name":"Cookie-Richtlinie - VIZAL","isPartOf":{"@id":"https:\/\/vizal.ro\/de\/#website"},"datePublished":"2025-08-04T14:57:53+00:00","dateModified":"2026-04-07T07:41:55+00:00","breadcrumb":{"@id":"https:\/\/vizal.ro\/de\/cookie-richtlinie\/#breadcrumb"},"inLanguage":"de","potentialAction":[{"@type":"ReadAction","target":["https:\/\/vizal.ro\/de\/cookie-richtlinie\/"]}]},{"@type":"BreadcrumbList","@id":"https:\/\/vizal.ro\/de\/cookie-richtlinie\/#breadcrumb","itemListElement":[{"@type":"ListItem","position":1,"name":"Prima pagin\u0103","item":"https:\/\/vizal.ro\/de\/"},{"@type":"ListItem","position":2,"name":"Cookie-Richtlinie"}]},{"@type":"WebSite","@id":"https:\/\/vizal.ro\/de\/#website","url":"https:\/\/vizal.ro\/de\/","name":"VIZAL","description":"Vizal","potentialAction":[{"@type":"SearchAction","target":{"@type":"EntryPoint","urlTemplate":"https:\/\/vizal.ro\/de\/?s={search_term_string}"},"query-input":{"@type":"PropertyValueSpecification","valueRequired":true,"valueName":"search_term_string"}}],"inLanguage":"de"}]}},"featured_image_src":null,"featured_image_src_square":null,"_links":{"self":[{"href":"https:\/\/vizal.ro\/de\/wp-json\/wp\/v2\/pages\/4172","targetHints":{"allow":["GET"]}}],"collection":[{"href":"https:\/\/vizal.ro\/de\/wp-json\/wp\/v2\/pages"}],"about":[{"href":"https:\/\/vizal.ro\/de\/wp-json\/wp\/v2\/types\/page"}],"author":[{"embeddable":true,"href":"https:\/\/vizal.ro\/de\/wp-json\/wp\/v2\/users\/1"}],"replies":[{"embeddable":true,"href":"https:\/\/vizal.ro\/de\/wp-json\/wp\/v2\/comments?post=4172"}],"version-history":[{"count":1,"href":"https:\/\/vizal.ro\/de\/wp-json\/wp\/v2\/pages\/4172\/revisions"}],"predecessor-version":[{"id":4173,"href":"https:\/\/vizal.ro\/de\/wp-json\/wp\/v2\/pages\/4172\/revisions\/4173"}],"wp:attachment":[{"href":"https:\/\/vizal.ro\/de\/wp-json\/wp\/v2\/media?parent=4172"}],"curies":[{"name":"wp","href":"https:\/\/api.w.org\/{rel}","templated":true}]}}