{"id":4122,"date":"2025-08-04T14:57:21","date_gmt":"2025-08-04T14:57:21","guid":{"rendered":"https:\/\/vizal.ro\/gdpr-informationsmitteilung\/"},"modified":"2026-04-07T07:32:00","modified_gmt":"2026-04-07T07:32:00","slug":"gdpr-informationsmitteilung","status":"publish","type":"page","link":"https:\/\/vizal.ro\/de\/gdpr-informationsmitteilung\/","title":{"rendered":"GDPR-Informationsmitteilung"},"content":{"rendered":"\n<div class=\"wp-block-group alignfull policy-page\"><div class=\"wp-block-group__inner-container is-layout-constrained wp-block-group-is-layout-constrained\">\n<div class=\"wp-block-columns alignfull wrap is-layout-flex wp-container-core-columns-is-layout-9d6595d7 wp-block-columns-is-layout-flex\">\n<div class=\"wp-block-column is-layout-flow wp-block-column-is-layout-flow\">\n<h1 class=\"wp-block-heading\">GDPR-Informationsmitteilung<\/h1>\n\n\n\n<p>Der Schutz Ihrer personenbezogenen Daten ist f\u00fcr uns eine Priorit\u00e4t. Daher verpflichten wir uns, Ihnen klare, transparente und leicht verst\u00e4ndliche Informationen dar\u00fcber zu geben, wie wir Ihre Daten verarbeiten, in \u00dcbereinstimmung mit der Verordnung (EU) 2016\/679 (&#8222;DSGVO&#8220;). Diese Informationsmitteilung beschreibt, wie SC VIZAL SRL (&#8222;wir&#8220;, &#8222;uns&#8220; oder &#8222;das Unternehmen&#8220;) als Datenverantwortlicher Ihre personenbezogenen Daten \u00fcber die Website <a href=\"https:\/\/vizal.ro\/de\/\">https:\/\/vizal.ro\/<\/a> verarbeitet. Diese Informationsmitteilung erl\u00e4utert, wie personenbezogene Daten \u00fcber die Website <a href=\"https:\/\/vizal.ro\/de\/\">https:\/\/vizal.ro\/<\/a> verarbeitet werden, unabh\u00e4ngig von Ihrer Eigenschaft \u2013 Kunden, potenzielle Kunden und Besucher \u2013 und deckt nicht die Verarbeitung von Daten im Kontext der Anwalt-Mandant-Beziehung ab, wobei diese Verarbeitung dem Mandanten bei Abschluss des Rechtsberatungsvertrags erkl\u00e4rt wird.    <\/p>\n\n\n\n<h2 class=\"wp-block-heading\">Andere Websites und Dienste<\/h2>\n\n\n\n<p>Diese Datenschutzrichtlinie deckt nicht die Anwendungen und Websites von Dritten ab, auf die Sie durch Zugriff auf Links auf unserer Website zugreifen k\u00f6nnen. Dies liegt au\u00dferhalb unserer Kontrolle. Wir ermutigen Sie, die Datenschutzrichtlinie auf einer Website und\/oder Anwendung zu \u00fcberpr\u00fcfen, bevor Sie personenbezogene Daten bereitstellen.  <\/p>\n\n\n\n<h2 class=\"wp-block-heading\">Identit\u00e4t und Kontaktdaten des Datenverantwortlichen<\/h2>\n\n\n\n<p>Name: SC VIZAL SRL<\/p>\n\n\n\n<p>Gesch\u00e4ftssitz: str. Ionescu Danil nr.6A, R\u00e2mnicu V\u00e2lcea, Bezirk V\u00e2lcea <\/p>\n\n\n\n<p><strong>CUI:<\/strong> RO14885450<\/p>\n\n\n\n<p><strong>Registriert im Handelsregister unter Nr.:<\/strong> J38\/413\/2002<\/p>\n\n\n\n<p><strong>E-mail: <\/strong>ana.iordache@vizal.ro<\/p>\n\n\n\n<p><strong>Phone:<\/strong><strong> 0765 683 654<\/strong><\/p>\n\n\n\n<h2 class=\"wp-block-heading\"><strong>Verarbeitete personenbezogene Daten. Zwecke. Rechtliche Grundlagen  <\/strong><\/h2>\n\n\n\n<p>Die folgende Tabelle erl\u00e4utert, welche personenbezogenen Daten wir \u00fcber unsere Website verarbeiten, die Zwecke und die rechtlichen Grundlagen. <\/p>\n\n\n\n<figure class=\"wp-block-table\"><table class=\"has-fixed-layout\"><tbody><tr><td><strong>Verarbeitete personenbezogene Daten*<\/strong> <strong> <\/strong><\/td><td><strong>Zweck\/Zwecke*<\/strong><\/td><td><strong>Rechtsgrund\/Rechtsgr\u00fcnde<\/strong><\/td><\/tr><tr><td>Name und Vorname Job Title Land Company Name <strong> <\/strong><\/td><td>Zur Identifikation der Person Zur Vermeidung von Betrug <\/td><td>Art. 6 Abs. (1) lit. b) DSGVO \u2013 Die Daten sind erforderlich f\u00fcr die Erf\u00fcllung des Vertrags oder f\u00fcr die Durchf\u00fchrung von Ma\u00dfnahmen auf Antrag der Person vor Abschluss eines Vertrags  <\/td><\/tr><tr><td><strong>E-mail<\/strong> <strong> <\/strong><\/td><td>Kommunikation mit Ihnen zur Er\u00f6rterung der Projektziele und zur Durchf\u00fchrung von Ma\u00dfnahmen vor Vertragsabschluss  <\/td><td>Art. 6 Abs. (1) lit. b) DSGVO \u2013 Die Daten sind erforderlich f\u00fcr die Erf\u00fcllung des Vertrags oder f\u00fcr die Durchf\u00fchrung von Ma\u00dfnahmen auf Antrag der Person vor Vertragsabschluss   <\/td><\/tr><tr><td><strong>Inhalt elektronischer Nachrichten und Details zum Fall oder Projekt<\/strong><strong><\/strong><\/td><td>Analyse der Anfrage mit Ziel der Vertragsabschluss<\/td><td>Art. 6 Abs. (1) lit. b) DSGVO \u2013 Die Daten sind erforderlich f\u00fcr die Erf\u00fcllung des Vertrags oder f\u00fcr die Durchf\u00fchrung von Ma\u00dfnahmen auf Antrag der Person vor Vertragsabschluss   <\/td><\/tr><tr><td><strong>IP-Adresse<\/strong> <strong> <\/strong><\/td><td>zur Verteidigung gegen Cyberangriffezu Betrugspr\u00e4ventionf\u00fcr den Netzwerkbetrieb  <\/td><td>berechtigtes Interesse &#8211; Art. 6 (1) lit. f) DSGVO  <\/td><\/tr><\/tbody><\/table><\/figure>\n\n\n\n<p>Die Daten werden nicht zu anderen Zwecken verarbeitet als denjenigen, die der Person mitgeteilt wurden.<\/p>\n\n\n\n<h2 class=\"wp-block-heading\">Begr\u00fcndung des berechtigten Interesses f\u00fcr die Verarbeitung der IP-Adresse<\/h2>\n\n\n\n<p>Die Verarbeitung der IP-Adresse wird durch unser berechtigtes Interesse gerechtfertigt, die Sicherheit der Website zu gew\u00e4hrleisten und uns vor Cyberangriffen und Betrugversuchen zu sch\u00fctzen, eine Ma\u00dfnahme, die f\u00fcr den Schutz personenbezogener Daten von Besuchern und f\u00fcr die Integrit\u00e4t der angebotenen Dienste wesentlich ist. Dar\u00fcber hinaus ist die Erfassung dieser Daten f\u00fcr den ordnungsgem\u00e4\u00dfen technischen Betrieb und die effiziente Verwaltung des Netzwerks erforderlich und garantiert somit eine sichere und stabile Erfahrung f\u00fcr Benutzer unserer Website. Das berechtigte Interesse \u00fcberwiegt, da die Notwendigkeit, die Sicherheit der IT-Infrastruktur zu gew\u00e4hrleisten und Cyberbetrug zu verhindern, sowohl f\u00fcr den Schutz personenbezogener Daten von Website-Benutzern als auch f\u00fcr die Gew\u00e4hrleistung der Integrit\u00e4t und Verf\u00fcgbarkeit der angebotenen Rechtsdienste wesentlich ist. Die mit der Verarbeitung der IP-Adresse verbundenen Risiken sind f\u00fcr den Benutzer minimal, da sich die Verarbeitung streng auf Sicherheitszwecke beschr\u00e4nkt, ohne zus\u00e4tzliche Verarbeitungen zu beinhalten.   <\/p>\n\n\n\n<h2 class=\"wp-block-heading\">Quelle der Daten<\/h2>\n\n\n\n<p>Die meisten personenbezogenen Daten sammeln wir direkt von Ihnen (z. B. durch das Ausf\u00fcllen eines Formulars auf unserer Website). In Ausnahmef\u00e4llen werden technische Daten wie die IP-Adresse automatisch und indirekt von Computersystemen erfasst, wenn Sie auf unsere Website zugreifen und navigieren, und werden automatisch von dem von Ihnen verwendeten Ger\u00e4t oder Browser generiert und \u00fcbertragen. <\/p>\n\n\n\n<h2 class=\"wp-block-heading\">Was passiert, wenn Sie uns die Daten nicht bereitstellen?<\/h2>\n\n\n\n<p>Wenn Sie uns die angeforderten personenbezogenen Daten nicht bereitstellen, k\u00f6nnen wir Ihre Anfrage nicht entgegennehmen und analysieren und k\u00f6nnen Ihnen daher die ben\u00f6tigten Dienstleistungen nicht erbringen. Bei technischen Daten (wie IP-Adresse) ist die Nichtbereitstellung nicht m\u00f6glich, wenn Sie unsere Website nutzen, da diese automatisch erfasst werden. Bez\u00fcglich Cookies und \u00e4hnlicher Module wird das Speichern nicht erforderlicher Cookies nur mit Ihrer Zustimmung durchgef\u00fchrt.  <\/p>\n\n\n\n<h2 class=\"wp-block-heading\">Cookies und andere \u00e4hnliche Technologien <\/h2>\n\n\n\n<p>Unsere Website verwendet Cookies, um Ihnen ein optimiertes und personalisiertes Browsing-Erlebnis zu bieten sowie zur Analyse der Leistung und Funktionsweise der Website. Sie k\u00f6nnen Ihre Cookie-Einstellungen direkt in den Einstellungen Ihres Browsers verwalten. F\u00fcr weitere Informationen dar\u00fcber, wie wir Cookies verwenden und Ihre Rechte, laden wir Sie ein, unsere <a><\/a><a href=\"https:\/\/vizal.ro\/politica-cookies\/\">Cookie-Richtlinie zu konsultieren<\/a>.   <\/p>\n\n\n\n<h2 class=\"wp-block-heading\">Speicherzeitraum der Daten<\/h2>\n\n\n\n<p>Wir speichern Ihre personenbezogenen Daten nur solange, wie es zur Erf\u00fcllung der Zwecke erforderlich ist. <\/p>\n\n\n\n<p>Wenn Sie einen Vertrag mit Vizal SRL abschlie\u00dfen, speichern wir die Daten f\u00fcr den Zeitraum, der zur Erbringung der Dienstleistungen erforderlich ist, und f\u00fcr maximal 10 Jahre nach Beendigung der Vertragsverh\u00e4ltnisse. Die Speicherung der Daten \u00fcber diesen Zeitraum ist erforderlich f\u00fcr m\u00f6gliche Ermittlungen durch ein Justizbeh\u00f6rde oder zur Einhaltung der Aufbewahrungsfrist gem\u00e4\u00df Steuergesetze.  <\/p>\n\n\n\n<p>Wenn Sie keinen Vertrag mit Vizal SRL abschlie\u00dfen, werden Ihre Daten f\u00fcr maximal sechs Monate gespeichert. <\/p>\n\n\n\n<h2 class=\"wp-block-heading\">Empf\u00e4nger der Daten<\/h2>\n\n\n\n<p>Ihre Daten k\u00f6nnen an Dritte nur soweit mitgeteilt werden, wie dies unbedingt erforderlich ist, um die genannten Zwecke zu erf\u00fcllen, oder in den ausdr\u00fccklich gesetzlich vorgesehenen F\u00e4llen.<\/p>\n\n\n\n<p>Ihre Daten k\u00f6nnen offengelegt werden an:<\/p>\n\n\n\n<ul class=\"wp-block-list\">\n<li>Dienstleister (bevollm\u00e4chtigt): (z.B. Web-Hosting-Anbieter, E-Mail-Anbieter, Messaging-Dienstanbieter)<\/li>\n\n\n\n<li>\u00d6ffentliche Beh\u00f6rden, Gerichte, strafrechtliche Ermittlungsbeh\u00f6rden<\/li>\n\n\n\n<li>Kooperative Anw\u00e4lte unter den Bedingungen der Gesetzgebung zur Aus\u00fcbung des Anwaltberufes und mit Ihrer vorherigen Zustimmung und Benachrichtigung. <\/li>\n<\/ul>\n\n\n\n<h2 class=\"wp-block-heading\">Internationale \u00dcbermittlungen<\/h2>\n\n\n\n<p>Im Kontext der Gesch\u00e4ftst\u00e4tigkeit von Vizal SRL k\u00f6nnen bestimmte personenbezogene Daten au\u00dferhalb des Europ\u00e4ischen Wirtschaftsraums (EWR), insbesondere in die USA, im Rahmen der Nutzung von elektronischen Kommunikationsdiensten \u00fcbermittelt werden, die \u00fcber die Anwendung WhatsApp (Meta Platforms Inc.) und den Gmail-E-Mail-Dienst (Google LLC) bereitgestellt werden.<\/p>\n\n\n\n<p>So sind Meta Platforms Inc. (die die WhatsApp-Anwendung betreibt) und Google LLC (die den Gmail-Dienst bereitstellen) Unternehmen, die in den Vereinigten Staaten ans\u00e4ssig sind. Die \u00dcbermittlung von Daten an diese Unternehmen kann die \u00dcbertragung Ihrer personenbezogenen Daten in die USA beinhalten, ein Land, f\u00fcr das die Europ\u00e4ische Kommission einen speziellen rechtlichen Rahmen namens &#8222;EU-US Data Privacy Framework&#8220; angenommen hat, der einen angemessenen Schutz personenbezogener Daten gew\u00e4hrleistet. <\/p>\n\n\n\n<p>Diese \u00dcbermittlungen erfolgen auf der Grundlage von Artikel 45 der DSGVO, der die M\u00f6glichkeit vorsieht, personenbezogene Daten in L\u00e4nder zu \u00fcbermitteln, die ein angemessenes Schutzniveau bieten, gem\u00e4\u00df dem Beschluss der Europ\u00e4ischen Kommission vom 10. Juli 2023 bez\u00fcglich des EU-US Data Privacy Framework.<\/p>\n\n\n\n<p>F\u00fcr weitere Informationen zu den Garantien, die auf die Daten\u00fcbermittlung an Meta Platforms Inc. (WhatsApp) und Google LLC (Gmail) angewendet werden, empfehlen wir Ihnen, die Datenschutzrichtlinien dieser Anbieter zu konsultieren:<\/p>\n\n\n\n<ul class=\"wp-block-list\">\n<li><strong>WhatsApp<\/strong>: <a href=\"https:\/\/www.whatsapp.com\/legal\/privacy-policy-eea\">https:\/\/www.whatsapp.com\/legal\/privacy-policy-eea<\/a><\/li>\n\n\n\n<li><strong>Google (Gmail)<\/strong>: <a href=\"https:\/\/policies.google.com\/privacy?hl=ro\">https:\/\/policies.google.com\/privacy?hl=ro<\/a><\/li>\n<\/ul>\n\n\n\n<h2 class=\"wp-block-heading\">Profilerstellung und automatisierte Entscheidungen<\/h2>\n\n\n\n<p>Wir treffen keine automatisierten Entscheidungen mit rechtlicher Wirkung oder erheblicher Auswirkung auf Sie<\/p>\n\n\n\n<h2 class=\"wp-block-heading\">Ihre Rechte<\/h2>\n\n\n\n<p>Ihre Rechte gem\u00e4\u00df DSGVO sind wie folgt: <\/p>\n\n\n\n<p>(a) Das Recht, informiert zu werden \u00fcber die Verarbeitung Ihrer Daten<\/p>\n\n\n\n<p>(b) Das Recht auf Zugang zu Ihren Daten. Sie k\u00f6nnen eine Kopie der personenbezogenen Daten anfordern, die wir \u00fcber Sie verarbeiten. <\/p>\n\n\n\n<p>(c) Das Recht auf Berichtigung ungenauer oder unvollst\u00e4ndiger Daten. Sie haben das Recht, von uns ohne ungerechtfertigte Verz\u00f6gerung die Berichtigung ungenauer personenbezogener Daten, die Sie betreffen, zu erhalten. <\/p>\n\n\n\n<p>(d) Das Recht auf L\u00f6schung (&#8222;Recht auf Vergessenwerden&#8220;). In den in Artikel 17 der DSGVO vorgesehenen Situationen haben Sie das Recht, die L\u00f6schung personenbezogener Daten anzufordern und zu erhalten. <\/p>\n\n\n\n<p>e) Das Recht auf Einschr\u00e4nkung der Verarbeitung. In den in Artikel 18 der DSGVO vorgesehenen F\u00e4llen haben Sie das Recht, die Einschr\u00e4nkung der Verarbeitung anzufordern und zu erhalten. <\/p>\n\n\n\n<p>f) Das Recht, die Daten, die wir \u00fcber Sie haben, an einen anderen Datenverantwortlichen zu \u00fcbermitteln (&#8222;Recht auf Datenportabilit\u00e4t&#8220;). <\/p>\n\n\n\n<p>g) Das Recht, sich der Verarbeitung von Daten zu widersetzen. In den in Artikel 21 der DSGVO vorgesehenen F\u00e4llen haben Sie das Recht, sich der Verarbeitung Ihrer Daten zu widersetzen. <\/p>\n\n\n\n<p>h) Das Recht, nicht Gegenstand einer Entscheidung zu sein, die ausschlie\u00dflich auf automatisierter Verarbeitung beruht, einschlie\u00dflich der Erstellung von Profilen mit Rechtswirkungen oder mit \u00e4hnlichen erheblichen Auswirkungen auf Sie.<\/p>\n\n\n\n<p>i) Das Recht, sich an die Justiz zu wenden, um Ihre Rechte und Interessen zu sch\u00fctzen.<\/p>\n\n\n\n<p>j) Das Recht, eine Beschwerde bei einer Datenschutzbeh\u00f6rde einzureichen.<\/p>\n\n\n\n<figure class=\"wp-block-table is-style-regular\"><table><tbody><tr><td>Name<\/td><td>Nationale Beh\u00f6rde f\u00fcr die \u00dcberwachung der Verarbeitung personenbezogener Daten<\/td><\/tr><tr><td>Adresse<\/td><td>B-dul G-ral. Gheorghe Magheru nr. 28-30, Sector 1, cod po\u0219tal 010336, Bucure\u0219ti, Rom\u00e2nia<\/td><\/tr><tr><td>Phone:<\/td><td>&amp;+40.318.059.211 sau +40.318.059.212<\/td><\/tr><tr><td>E-mail<\/td><td>anspdcp@dataprotection.ro<\/td><\/tr><\/tbody><\/table><\/figure>\n\n\n\n<p>k) Das Recht auf Widerruf der Einwilligung, wenn die Verarbeitung auf Einwilligung basiert. Zur Verwaltung Ihrer Einwilligung f\u00fcr <strong><u><a>Cookies<\/a><\/u><\/strong> und \u00e4hnliche Module laden wir Sie ein, <a href=\"#_msocom_1\">unsere<\/a> <a href=\"https:\/\/vizal.ro\/politica-cookies\/\">Cookie-Richtlinie zu konsultieren<\/a>.  <\/p>\n\n\n\n<p><strong><u>Bitte beachten Sie, dass:<\/u><\/strong><\/p>\n\n\n\n<p>(1) Wenn Sie Ihre Rechte aus\u00fcben m\u00f6chten, k\u00f6nnen Sie dies durch \u00dcbermittlung eines schriftlichen, unterzeichneten und datierten Antrags an die E-Mail-Adresse: ana.iordache@vizal.ro tun.<\/p>\n\n\n\n<p>(2) Die aufgelisteten Rechte sind nicht absolut. Es gibt Ausnahmen, weshalb jeder eingegangene Antrag analysiert wird, um zu entscheiden, ob er berechtigt ist oder nicht. Sofern der Antrag berechtigt ist, werden wir Ihnen die Aus\u00fcbung Ihrer Rechte erleichtern. Wenn der Antrag unberechtigt ist, werden wir ihn ablehnen, informieren Sie jedoch \u00fcber die Gr\u00fcnde f\u00fcr die Ablehnung und \u00fcber Ihre Rechte, eine Beschwerde bei der Datenschutzbeh\u00f6rde einzureichen und sich an die Justiz zu wenden.   <\/p>\n\n\n\n<p>(3) Wir werden versuchen, Ihren Antrag innerhalb eines Monats zu beantworten. Allerdings kann die Frist je nach verschiedenen Aspekten wie der Komplexit\u00e4t des Antrags, der gro\u00dfen Anzahl eingehender Anfragen oder der Unm\u00f6glichkeit, Sie rechtzeitig zu identifizieren, verl\u00e4ngert werden. <\/p>\n\n\n\n<p>(4) Wenn wir trotz aller Anstrengungen nicht in der Lage sind, Sie zu identifizieren, und Sie uns keine zus\u00e4tzlichen Informationen bereitstellen, um Sie zu identifizieren, sind wir nicht verpflichtet, Ihrem Antrag nachzukommen. <\/p>\n\n\n\n<h2 class=\"wp-block-heading\">Aktualisierungen dieser Informationsmitteilung<\/h2>\n\n\n\n<p>Diese Informationsmitteilung kann regelm\u00e4\u00dfig aktualisiert werden. Alle \u00c4nderungen werden auf dieser Seite ver\u00f6ffentlicht. Wir ermutigen Sie, diesen Bereich regelm\u00e4\u00dfig zu konsultieren, um \u00fcber alle \u00c4nderungen informiert zu bleiben.  <\/p>\n\n\n\n<p>F\u00fcr weitere Informationen k\u00f6nnen Sie uns unter der E-Mail-Adresse ana.iordache@vizal.ro kontaktieren.<\/p>\n\n\n\n<p>Letzte Aktualisierung: 07.04.2026<\/p>\n<\/div>\n<\/div>\n<\/div><\/div>\n","protected":false},"excerpt":{"rendered":"<p>GDPR-Informationsmitteilung Der Schutz Ihrer personenbezogenen Daten ist f\u00fcr uns eine Priorit\u00e4t. Daher verpflichten wir uns, Ihnen klare, transparente und leicht verst\u00e4ndliche Informationen dar\u00fcber zu geben, wie wir Ihre Daten verarbeiten, in \u00dcbereinstimmung mit der Verordnung (EU) 2016\/679 (&#8222;DSGVO&#8220;). Diese Informationsmitteilung beschreibt, wie SC VIZAL SRL (&#8222;wir&#8220;, &#8222;uns&#8220; oder &#8222;das Unternehmen&#8220;) als Datenverantwortlicher Ihre personenbezogenen Daten [&hellip;]<\/p>\n","protected":false},"author":1,"featured_media":0,"parent":0,"menu_order":0,"comment_status":"closed","ping_status":"closed","template":"","meta":{"_genesis_hide_title":false,"_genesis_hide_breadcrumbs":false,"_genesis_hide_singular_image":false,"_genesis_hide_footer_widgets":false,"_genesis_custom_body_class":"","_genesis_custom_post_class":"","_genesis_layout":"","footnotes":""},"class_list":{"0":"post-4122","1":"page","2":"type-page","3":"status-publish","5":"entry"},"yoast_head":"<!-- This site is optimized with the Yoast SEO Premium plugin v27.0 (Yoast SEO v27.4) - https:\/\/yoast.com\/product\/yoast-seo-premium-wordpress\/ -->\n<title>GDPR-Informationsmitteilung - VIZAL<\/title>\n<meta name=\"robots\" content=\"index, follow, max-snippet:-1, max-image-preview:large, max-video-preview:-1\" \/>\n<link rel=\"canonical\" href=\"https:\/\/vizal.ro\/de\/gdpr-informationsmitteilung\/\" \/>\n<meta property=\"og:locale\" content=\"de_DE\" \/>\n<meta property=\"og:type\" content=\"article\" \/>\n<meta property=\"og:title\" content=\"GDPR-Informationsmitteilung\" \/>\n<meta property=\"og:description\" content=\"GDPR-Informationsmitteilung Der Schutz Ihrer personenbezogenen Daten ist f\u00fcr uns eine Priorit\u00e4t. Daher verpflichten wir uns, Ihnen klare, transparente und leicht verst\u00e4ndliche Informationen dar\u00fcber zu geben, wie wir Ihre Daten verarbeiten, in \u00dcbereinstimmung mit der Verordnung (EU) 2016\/679 (&#8222;DSGVO&#8220;). Diese Informationsmitteilung beschreibt, wie SC VIZAL SRL (&#8222;wir&#8220;, &#8222;uns&#8220; oder &#8222;das Unternehmen&#8220;) als Datenverantwortlicher Ihre personenbezogenen Daten [&hellip;]\" \/>\n<meta property=\"og:url\" content=\"https:\/\/vizal.ro\/de\/gdpr-informationsmitteilung\/\" \/>\n<meta property=\"og:site_name\" content=\"VIZAL\" \/>\n<meta property=\"article:modified_time\" content=\"2026-04-07T07:32:00+00:00\" \/>\n<meta name=\"twitter:card\" content=\"summary_large_image\" \/>\n<meta name=\"twitter:label1\" content=\"Gesch\u00e4tzte Lesezeit\" \/>\n\t<meta name=\"twitter:data1\" content=\"9\u00a0Minuten\" \/>\n<script type=\"application\/ld+json\" class=\"yoast-schema-graph\">{\"@context\":\"https:\\\/\\\/schema.org\",\"@graph\":[{\"@type\":\"WebPage\",\"@id\":\"https:\\\/\\\/vizal.ro\\\/de\\\/gdpr-informationsmitteilung\\\/\",\"url\":\"https:\\\/\\\/vizal.ro\\\/de\\\/gdpr-informationsmitteilung\\\/\",\"name\":\"GDPR-Informationsmitteilung - VIZAL\",\"isPartOf\":{\"@id\":\"https:\\\/\\\/vizal.ro\\\/de\\\/#website\"},\"datePublished\":\"2025-08-04T14:57:21+00:00\",\"dateModified\":\"2026-04-07T07:32:00+00:00\",\"breadcrumb\":{\"@id\":\"https:\\\/\\\/vizal.ro\\\/de\\\/gdpr-informationsmitteilung\\\/#breadcrumb\"},\"inLanguage\":\"de\",\"potentialAction\":[{\"@type\":\"ReadAction\",\"target\":[\"https:\\\/\\\/vizal.ro\\\/de\\\/gdpr-informationsmitteilung\\\/\"]}]},{\"@type\":\"BreadcrumbList\",\"@id\":\"https:\\\/\\\/vizal.ro\\\/de\\\/gdpr-informationsmitteilung\\\/#breadcrumb\",\"itemListElement\":[{\"@type\":\"ListItem\",\"position\":1,\"name\":\"Prima pagin\u0103\",\"item\":\"https:\\\/\\\/vizal.ro\\\/de\\\/\"},{\"@type\":\"ListItem\",\"position\":2,\"name\":\"GDPR-Informationsmitteilung\"}]},{\"@type\":\"WebSite\",\"@id\":\"https:\\\/\\\/vizal.ro\\\/de\\\/#website\",\"url\":\"https:\\\/\\\/vizal.ro\\\/de\\\/\",\"name\":\"VIZAL\",\"description\":\"Vizal\",\"potentialAction\":[{\"@type\":\"SearchAction\",\"target\":{\"@type\":\"EntryPoint\",\"urlTemplate\":\"https:\\\/\\\/vizal.ro\\\/de\\\/?s={search_term_string}\"},\"query-input\":{\"@type\":\"PropertyValueSpecification\",\"valueRequired\":true,\"valueName\":\"search_term_string\"}}],\"inLanguage\":\"de\"}]}<\/script>\n<!-- \/ Yoast SEO Premium plugin. -->","yoast_head_json":{"title":"GDPR-Informationsmitteilung - VIZAL","robots":{"index":"index","follow":"follow","max-snippet":"max-snippet:-1","max-image-preview":"max-image-preview:large","max-video-preview":"max-video-preview:-1"},"canonical":"https:\/\/vizal.ro\/de\/gdpr-informationsmitteilung\/","og_locale":"de_DE","og_type":"article","og_title":"GDPR-Informationsmitteilung","og_description":"GDPR-Informationsmitteilung Der Schutz Ihrer personenbezogenen Daten ist f\u00fcr uns eine Priorit\u00e4t. Daher verpflichten wir uns, Ihnen klare, transparente und leicht verst\u00e4ndliche Informationen dar\u00fcber zu geben, wie wir Ihre Daten verarbeiten, in \u00dcbereinstimmung mit der Verordnung (EU) 2016\/679 (&#8222;DSGVO&#8220;). Diese Informationsmitteilung beschreibt, wie SC VIZAL SRL (&#8222;wir&#8220;, &#8222;uns&#8220; oder &#8222;das Unternehmen&#8220;) als Datenverantwortlicher Ihre personenbezogenen Daten [&hellip;]","og_url":"https:\/\/vizal.ro\/de\/gdpr-informationsmitteilung\/","og_site_name":"VIZAL","article_modified_time":"2026-04-07T07:32:00+00:00","twitter_card":"summary_large_image","twitter_misc":{"Gesch\u00e4tzte Lesezeit":"9\u00a0Minuten"},"schema":{"@context":"https:\/\/schema.org","@graph":[{"@type":"WebPage","@id":"https:\/\/vizal.ro\/de\/gdpr-informationsmitteilung\/","url":"https:\/\/vizal.ro\/de\/gdpr-informationsmitteilung\/","name":"GDPR-Informationsmitteilung - VIZAL","isPartOf":{"@id":"https:\/\/vizal.ro\/de\/#website"},"datePublished":"2025-08-04T14:57:21+00:00","dateModified":"2026-04-07T07:32:00+00:00","breadcrumb":{"@id":"https:\/\/vizal.ro\/de\/gdpr-informationsmitteilung\/#breadcrumb"},"inLanguage":"de","potentialAction":[{"@type":"ReadAction","target":["https:\/\/vizal.ro\/de\/gdpr-informationsmitteilung\/"]}]},{"@type":"BreadcrumbList","@id":"https:\/\/vizal.ro\/de\/gdpr-informationsmitteilung\/#breadcrumb","itemListElement":[{"@type":"ListItem","position":1,"name":"Prima pagin\u0103","item":"https:\/\/vizal.ro\/de\/"},{"@type":"ListItem","position":2,"name":"GDPR-Informationsmitteilung"}]},{"@type":"WebSite","@id":"https:\/\/vizal.ro\/de\/#website","url":"https:\/\/vizal.ro\/de\/","name":"VIZAL","description":"Vizal","potentialAction":[{"@type":"SearchAction","target":{"@type":"EntryPoint","urlTemplate":"https:\/\/vizal.ro\/de\/?s={search_term_string}"},"query-input":{"@type":"PropertyValueSpecification","valueRequired":true,"valueName":"search_term_string"}}],"inLanguage":"de"}]}},"featured_image_src":null,"featured_image_src_square":null,"_links":{"self":[{"href":"https:\/\/vizal.ro\/de\/wp-json\/wp\/v2\/pages\/4122","targetHints":{"allow":["GET"]}}],"collection":[{"href":"https:\/\/vizal.ro\/de\/wp-json\/wp\/v2\/pages"}],"about":[{"href":"https:\/\/vizal.ro\/de\/wp-json\/wp\/v2\/types\/page"}],"author":[{"embeddable":true,"href":"https:\/\/vizal.ro\/de\/wp-json\/wp\/v2\/users\/1"}],"replies":[{"embeddable":true,"href":"https:\/\/vizal.ro\/de\/wp-json\/wp\/v2\/comments?post=4122"}],"version-history":[{"count":1,"href":"https:\/\/vizal.ro\/de\/wp-json\/wp\/v2\/pages\/4122\/revisions"}],"predecessor-version":[{"id":4123,"href":"https:\/\/vizal.ro\/de\/wp-json\/wp\/v2\/pages\/4122\/revisions\/4123"}],"wp:attachment":[{"href":"https:\/\/vizal.ro\/de\/wp-json\/wp\/v2\/media?parent=4122"}],"curies":[{"name":"wp","href":"https:\/\/api.w.org\/{rel}","templated":true}]}}